{"id":80,"date":"2021-04-05T11:58:48","date_gmt":"2021-04-05T04:58:48","guid":{"rendered":"http:\/\/demo5.sotavn.com\/demo11\/?page_id=80"},"modified":"2021-04-05T13:26:31","modified_gmt":"2021-04-05T06:26:31","slug":"san-pham","status":"publish","type":"page","link":"https:\/\/ctce.com.vn\/ja\/san-pham\/","title":{"rendered":"S\u1ea3n ph\u1ea9m"},"content":{"rendered":"<p>[vc_row][vc_column width=&#8221;1\/4&#8243; mobile_bg_img_hidden=&#8221;no&#8221; tablet_bg_img_hidden=&#8221;no&#8221; woodmart_parallax=&#8221;0&#8243; woodmart_sticky_column=&#8221;false&#8221; parallax_scroll=&#8221;no&#8221; mobile_reset_margin=&#8221;no&#8221; tablet_reset_margin=&#8221;no&#8221;][vc_column_text text_larger=&#8221;no&#8221; el_class=&#8221;sidebar-inner woodmart-sidebar-scroll&#8221;]<\/p>\n<div class=\"menu-chuyen-muc widget-area woodmart-sidebar-content\">\n<h3>S\u1ea3n ph\u1ea9m<\/h3>\n<ul>\n<li>Khay n\u00e2ng<\/li>\n<li>M\u00e1y l\u00e0m \u01b0\u1edbt t\u01b0\u1eddng<\/li>\n<li>C\u1ed9t MS<\/li>\n<li>Thay \u0111\u1ed5i th\u00e1p khay<\/li>\n<li>Thi\u1ebft b\u1ecb bay h\u01a1i nhi\u1ec1u ng\u0103n<\/li>\n<li>Ph\u1ea5n m\u00e1 h\u1ed3ng Hi-U<\/li>\n<li>Evariator<\/li>\n<li>Tuabin ho\u1ea1t \u0111\u1ed9ng<\/li>\n<li>H\u1ed3i ph\u1ee5c<\/li>\n<li>H\u1ec7 th\u1ed1ng ch\u1ec9nh l\u01b0u ch\u00e2n kh\u00f4ng c\u1ef1c cao<\/li>\n<li>Quy tr\u00ecnh ki\u1ec3m so\u00e1t n\u1ed3ng \u0111\u1ed9 axit tartaric li\u00ean t\u1ee5c cho r\u01b0\u1ee3u vang<\/li>\n<li>HIDiC (c\u1ed9t ch\u01b0ng c\u1ea5t ki\u1ec3u trao \u0111\u1ed5i nhi\u1ec7t b\u00ean trong)<\/li>\n<li>Danh s\u00e1ch c\u00e1c s\u1ea3n ph\u1ea9m \u0111o\u1ea1t gi\u1ea3i<\/li>\n<\/ul>\n<\/div>\n<p>[\/vc_column_text][vc_row_inner][vc_column_inner][vc_column_text text_larger=&#8221;no&#8221;][vc_row el_class=\"box-widget-1\" mobile_bg_img_hidden=\"no\" tablet_bg_img_hidden=\"no\" woodmart_parallax=\"0\" woodmart_gradient_switch=\"no\" row_reverse_mobile=\"0\" row_reverse_tablet=\"0\" woodmart_disable_overflow=\"0\"][vc_column mobile_bg_img_hidden=\"no\" tablet_bg_img_hidden=\"no\" woodmart_parallax=\"0\" woodmart_sticky_column=\"false\" el_class=\"box-category-home\" parallax_scroll=\"no\" mobile_reset_margin=\"no\" tablet_reset_margin=\"no\"][vc_column_text text_larger=\"no\" el_class=\"box-danh-muc-home\"]<a href=\"http:\/\/www.comi.vn\/\"><img class=\"alignnone wp-image-163 size-full aligncenter\" src=\"https:\/\/ctce.com.vn\/wp-content\/uploads\/2021\/04\/cee.jpg\" alt=\"\" width=\"235\" height=\"60\" \/><\/a>\r\n\r\nC\u01a1 kh\u00ed C\u00f4ng Minh[\/vc_column_text][vc_column_text text_larger=\"no\" el_class=\"box-danh-muc-home\"]<a href=\"https:\/\/phungluat.com.vn\/\"><img class=\"alignnone wp-image-166 size-full aligncenter\" src=\"https:\/\/ctce.com.vn\/wp-content\/uploads\/2021\/04\/pl.jpg\" alt=\"\" width=\"235\" height=\"60\" \/><\/a>\r\n\r\nPh\u1ee5ng Lu\u1eadt[\/vc_column_text][vc_column_text text_larger=\"no\" el_class=\"box-danh-muc-home\"]<a href=\"https:\/\/keevvn.com\/\"><img class=\"alignnone wp-image-165 size-full\" src=\"https:\/\/ctce.com.vn\/wp-content\/uploads\/2021\/04\/keev.jpg\" alt=\"\" width=\"235\" height=\"60\" \/><\/a>\r\n\r\nKEEV[\/vc_column_text][vc_column_text text_larger=\"no\" el_class=\"box-danh-muc-home\"]<img class=\"alignnone wp-image-164 size-full aligncenter\" src=\"https:\/\/ctce.com.vn\/wp-content\/uploads\/2021\/04\/fb.jpg\" alt=\"\" width=\"235\" height=\"60\" \/>\r\n\r\nFacebook[\/vc_column_text][vc_column_text text_larger=\"no\" el_class=\"box-danh-muc-home\"]<img class=\"alignnone wp-image-167 size-full aligncenter\" src=\"https:\/\/ctce.com.vn\/wp-content\/uploads\/2021\/04\/youtube.jpg\" alt=\"\" width=\"235\" height=\"60\" \/>\r\n\r\nYoutube[\/vc_column_text][\/vc_column][\/vc_row]<style data-type=\"vc_shortcodes-custom-css\"><\/style>[\/vc_column_text][\/vc_column_inner][\/vc_row_inner][\/vc_column][vc_column width=&#8221;3\/4&#8243; mobile_bg_img_hidden=&#8221;no&#8221; tablet_bg_img_hidden=&#8221;no&#8221; woodmart_parallax=&#8221;0&#8243; woodmart_sticky_column=&#8221;false&#8221; parallax_scroll=&#8221;no&#8221; mobile_reset_margin=&#8221;no&#8221; tablet_reset_margin=&#8221;no&#8221; el_class=&#8221;tieu-de-trang-sp&#8221;][vc_column_text text_larger=&#8221;no&#8221;]<\/p>\n<h3>S\u1ea3n ph\u1ea9m ph\u00e1t tri\u1ec3n<\/h3>\n<p>[\/vc_column_text][vc_row_inner][vc_column_inner][vc_column_text text_larger=&#8221;no&#8221; el_class=&#8221;danh-sach-san-pham&#8221;]Danh s\u00e1ch s\u1ea3n ph\u1ea9m[\/vc_column_text][\/vc_column_inner][\/vc_row_inner][vc_row_inner][vc_column_inner width=&#8221;1\/2&#8243;][vc_column_text text_larger=&#8221;no&#8221; el_class=&#8221;tieu-de-ten-sp&#8221;]Khay n\u00e2ng[\/vc_column_text][vc_column_text text_larger=&#8221;no&#8221; css=&#8221;.vc_custom_1617603719179{margin-top: -20px !important;}&#8221;]C\u1ed9t ch\u01b0ng c\u1ea5t ch\u1ed1ng rung[\/vc_column_text]<div id=\"wd-606aac980a36a\" class=\"woodmart-button-wrapper text-right\"><a  class=\"btn btn-color-default btn-style-default btn-shape-semi-round btn-size-small\">Chi ti\u1ebft<\/a><\/div>[vc_empty_space woodmart_hide_large=&#8221;0&#8243; woodmart_hide_medium=&#8221;0&#8243; woodmart_hide_small=&#8221;0&#8243; woodmart_hide_extra_small=&#8221;0&#8243;][\/vc_column_inner][vc_column_inner width=&#8221;1\/2&#8243;][vc_column_text text_larger=&#8221;no&#8221; el_class=&#8221;tieu-de-ten-sp&#8221;]M\u00e1y l\u00e0m \u01b0\u1edbt t\u01b0\u1eddng[\/vc_column_text][vc_column_text text_larger=&#8221;no&#8221; css=&#8221;.vc_custom_1617603845421{margin-top: -20px !important;}&#8221;]Th\u1eddi gian bay h\u01a1i gi\u1ea3m m\u1ed9t n\u1eeda![\/vc_column_text]<div id=\"wd-606aac9c94915\" class=\"woodmart-button-wrapper text-right\"><a  class=\"btn btn-color-default btn-style-default btn-shape-semi-round btn-size-small\">Chi ti\u1ebft<\/a><\/div>[vc_empty_space woodmart_hide_large=&#8221;0&#8243; woodmart_hide_medium=&#8221;0&#8243; woodmart_hide_small=&#8221;0&#8243; woodmart_hide_extra_small=&#8221;0&#8243;][\/vc_column_inner][\/vc_row_inner][vc_row_inner][vc_column_inner width=&#8221;1\/2&#8243;][vc_column_text text_larger=&#8221;no&#8221; el_class=&#8221;tieu-de-ten-sp&#8221;]C\u1ed9t MS[\/vc_column_text][vc_column_text text_larger=&#8221;no&#8221; css=&#8221;.vc_custom_1617603871543{margin-top: -20px !important;}&#8221;]Thi\u1ebft b\u1ecb chi\u1ebft li\u00ean t\u1ee5c hi\u1ec7u su\u1ea5t cao C\u1ed9t MS[\/vc_column_text]<div id=\"wd-606aac980a36a\" class=\"woodmart-button-wrapper text-right\"><a  class=\"btn btn-color-default btn-style-default btn-shape-semi-round btn-size-small\">Chi ti\u1ebft<\/a><\/div>[vc_empty_space woodmart_hide_large=&#8221;0&#8243; woodmart_hide_medium=&#8221;0&#8243; woodmart_hide_small=&#8221;0&#8243; woodmart_hide_extra_small=&#8221;0&#8243;][\/vc_column_inner][vc_column_inner width=&#8221;1\/2&#8243;][vc_column_text text_larger=&#8221;no&#8221; el_class=&#8221;tieu-de-ten-sp&#8221;]Thay \u0111\u1ed5i th\u00e1p khay[\/vc_column_text][vc_column_text text_larger=&#8221;no&#8221; css=&#8221;.vc_custom_1617603885688{margin-top: -20px !important;}&#8221;]C\u1ed9t ch\u01b0ng c\u1ea5t \u0111a n\u0103ng v\u1edbi hai vai tr\u00f2[\/vc_column_text]<div id=\"wd-606aac9c94915\" class=\"woodmart-button-wrapper text-right\"><a  class=\"btn btn-color-default btn-style-default btn-shape-semi-round btn-size-small\">Chi ti\u1ebft<\/a><\/div>[vc_empty_space woodmart_hide_large=&#8221;0&#8243; woodmart_hide_medium=&#8221;0&#8243; woodmart_hide_small=&#8221;0&#8243; woodmart_hide_extra_small=&#8221;0&#8243;][\/vc_column_inner][\/vc_row_inner][vc_row_inner][vc_column_inner width=&#8221;1\/2&#8243;][vc_column_text text_larger=&#8221;no&#8221; el_class=&#8221;tieu-de-ten-sp&#8221;]Thi\u1ebft b\u1ecb bay h\u01a1i nhi\u1ec1u ng\u0103n[\/vc_column_text][vc_column_text text_larger=&#8221;no&#8221; css=&#8221;.vc_custom_1617603911205{margin-top: -20px !important;}&#8221;]<\/p>\n<p class=\"cmt\">L\u01b0\u1ee3ng bay h\u01a1i t\u0103ng h\u01a1n g\u1ea5p \u0111\u00f4i<\/p>\n<p>[\/vc_column_text]<div id=\"wd-606aac980a36a\" class=\"woodmart-button-wrapper text-right\"><a  class=\"btn btn-color-default btn-style-default btn-shape-semi-round btn-size-small\">Chi ti\u1ebft<\/a><\/div>[vc_empty_space woodmart_hide_large=&#8221;0&#8243; woodmart_hide_medium=&#8221;0&#8243; woodmart_hide_small=&#8221;0&#8243; woodmart_hide_extra_small=&#8221;0&#8243;][\/vc_column_inner][vc_column_inner width=&#8221;1\/2&#8243;][vc_column_text text_larger=&#8221;no&#8221; el_class=&#8221;tieu-de-ten-sp&#8221;]Ph\u1ea5n m\u00e1 h\u1ed3ng Hi-U[\/vc_column_text][vc_column_text text_larger=&#8221;no&#8221; css=&#8221;.vc_custom_1617603928823{margin-top: -20px !important;}&#8221;]<\/p>\n<p class=\"cmt\">Thi\u1ebft b\u1ecb bay h\u01a1i m\u00e0ng m\u1ecfng kh\u00f4ng d\u1ec5 b\u00e1m c\u1eb7n<\/p>\n<p>[\/vc_column_text]<div id=\"wd-606aac9c94915\" class=\"woodmart-button-wrapper text-right\"><a  class=\"btn btn-color-default btn-style-default btn-shape-semi-round btn-size-small\">Chi ti\u1ebft<\/a><\/div>[vc_empty_space woodmart_hide_large=&#8221;0&#8243; woodmart_hide_medium=&#8221;0&#8243; woodmart_hide_small=&#8221;0&#8243; woodmart_hide_extra_small=&#8221;0&#8243;][\/vc_column_inner][\/vc_row_inner][vc_row_inner][vc_column_inner width=&#8221;1\/2&#8243;][vc_column_text text_larger=&#8221;no&#8221; el_class=&#8221;tieu-de-ten-sp&#8221;]Evariator[\/vc_column_text][vc_column_text text_larger=&#8221;no&#8221; css=&#8221;.vc_custom_1617603949101{margin-top: -20px !important;}&#8221;]Thi\u1ebft b\u1ecb bay h\u01a1i m\u00e0ng m\u1ecfng n\u1eb1m ngang hi\u1ec7u su\u1ea5t cao<\/p>\n<p>[\/vc_column_text]<div id=\"wd-606aac980a36a\" class=\"woodmart-button-wrapper text-right\"><a  class=\"btn btn-color-default btn-style-default btn-shape-semi-round btn-size-small\">Chi ti\u1ebft<\/a><\/div>[vc_empty_space woodmart_hide_large=&#8221;0&#8243; woodmart_hide_medium=&#8221;0&#8243; woodmart_hide_small=&#8221;0&#8243; woodmart_hide_extra_small=&#8221;0&#8243;][\/vc_column_inner][vc_column_inner width=&#8221;1\/2&#8243;][vc_column_text text_larger=&#8221;no&#8221; el_class=&#8221;tieu-de-ten-sp&#8221;]Tuabin ho\u1ea1t \u0111\u1ed9ng[\/vc_column_text][vc_column_text text_larger=&#8221;no&#8221; css=&#8221;.vc_custom_1617603971529{margin-top: -20px !important;}&#8221;]<\/p>\n<p class=\"cmt\">T\u0103ng 20% \u200b\u200bhi\u1ec7u su\u1ea5t khu\u1ea5y: C\u00e1nh tuabin m\u1edbi<\/p>\n<p>[\/vc_column_text]<div id=\"wd-606aac9c94915\" class=\"woodmart-button-wrapper text-right\"><a  class=\"btn btn-color-default btn-style-default btn-shape-semi-round btn-size-small\">Chi ti\u1ebft<\/a><\/div>[vc_empty_space woodmart_hide_large=&#8221;0&#8243; woodmart_hide_medium=&#8221;0&#8243; woodmart_hide_small=&#8221;0&#8243; woodmart_hide_extra_small=&#8221;0&#8243;][\/vc_column_inner][\/vc_row_inner][vc_row_inner][vc_column_inner width=&#8221;1\/2&#8243;][vc_column_text text_larger=&#8221;no&#8221; el_class=&#8221;tieu-de-ten-sp&#8221;]H\u1ed3i ph\u1ee5c[\/vc_column_text][vc_column_text text_larger=&#8221;no&#8221; css=&#8221;.vc_custom_1617603997603{margin-top: -20px !important;}&#8221;]<\/p>\n<p class=\"cmt\">C\u00f4 \u0111\u1eb7c cao, c\u00f3 th\u1ec3 ph\u1ee5c h\u1ed3i 98% tr\u1edf l\u00ean<\/p>\n<p>[\/vc_column_text]<div id=\"wd-606aac980a36a\" class=\"woodmart-button-wrapper text-right\"><a  class=\"btn btn-color-default btn-style-default btn-shape-semi-round btn-size-small\">Chi ti\u1ebft<\/a><\/div>[vc_empty_space woodmart_hide_large=&#8221;0&#8243; woodmart_hide_medium=&#8221;0&#8243; woodmart_hide_small=&#8221;0&#8243; woodmart_hide_extra_small=&#8221;0&#8243;][\/vc_column_inner][vc_column_inner width=&#8221;1\/2&#8243;][vc_column_text text_larger=&#8221;no&#8221; el_class=&#8221;tieu-de-ten-sp&#8221;]H\u1ec7 th\u1ed1ng ch\u1ec9nh l\u01b0u ch\u00e2n kh\u00f4ng c\u1ef1c cao[\/vc_column_text][vc_column_text text_larger=&#8221;no&#8221; css=&#8221;.vc_custom_1617604013419{margin-top: -20px !important;}&#8221;]<\/p>\n<p class=\"cmt\">C\u00e1c ch\u1ea5t c\u00f3 th\u1ec3 polyme h\u00f3a c\u0169ng c\u00f3 th\u1ec3 \u0111\u01b0\u1ee3c t\u00e1ch v\u00e0 tinh ch\u1ebf<\/p>\n<p>[\/vc_column_text]<div id=\"wd-606aac9c94915\" class=\"woodmart-button-wrapper text-right\"><a  class=\"btn btn-color-default btn-style-default btn-shape-semi-round btn-size-small\">Chi ti\u1ebft<\/a><\/div>[vc_empty_space woodmart_hide_large=&#8221;0&#8243; woodmart_hide_medium=&#8221;0&#8243; woodmart_hide_small=&#8221;0&#8243; woodmart_hide_extra_small=&#8221;0&#8243;][\/vc_column_inner][\/vc_row_inner][\/vc_column][\/vc_row]<\/p>","protected":false},"excerpt":{"rendered":"<p>[vc_row][vc_column w<\/p>\n","protected":false},"author":1,"featured_media":0,"parent":0,"menu_order":0,"comment_status":"closed","ping_status":"closed","template":"","meta":[],"_links":{"self":[{"href":"https:\/\/ctce.com.vn\/ja\/wp-json\/wp\/v2\/pages\/80"}],"collection":[{"href":"https:\/\/ctce.com.vn\/ja\/wp-json\/wp\/v2\/pages"}],"about":[{"href":"https:\/\/ctce.com.vn\/ja\/wp-json\/wp\/v2\/types\/page"}],"author":[{"embeddable":true,"href":"https:\/\/ctce.com.vn\/ja\/wp-json\/wp\/v2\/users\/1"}],"replies":[{"embeddable":true,"href":"https:\/\/ctce.com.vn\/ja\/wp-json\/wp\/v2\/comments?post=80"}],"version-history":[{"count":0,"href":"https:\/\/ctce.com.vn\/ja\/wp-json\/wp\/v2\/pages\/80\/revisions"}],"wp:attachment":[{"href":"https:\/\/ctce.com.vn\/ja\/wp-json\/wp\/v2\/media?parent=80"}],"curies":[{"name":"wp","href":"https:\/\/api.w.org\/{rel}","templated":true}]}}