{"id":196,"date":"2021-08-05T10:09:52","date_gmt":"2021-08-05T03:09:52","guid":{"rendered":"https:\/\/ctce.com.vn\/?page_id=196"},"modified":"2021-08-05T10:09:52","modified_gmt":"2021-08-05T03:09:52","slug":"cac-thiet-bi-tieu-bieu-trong-nha-may-hoa-chat","status":"publish","type":"page","link":"https:\/\/ctce.com.vn\/ja\/cac-thiet-bi-tieu-bieu-trong-nha-may-hoa-chat\/","title":{"rendered":"K\u1ef9 thu\u1eadt nh\u00e0 m\u00e1y"},"content":{"rendered":"<p>[vc_row el_class=\"box-widget-1\" mobile_bg_img_hidden=\"no\" tablet_bg_img_hidden=\"no\" woodmart_parallax=\"0\" woodmart_gradient_switch=\"no\" row_reverse_mobile=\"0\" row_reverse_tablet=\"0\" woodmart_disable_overflow=\"0\"][vc_column mobile_bg_img_hidden=\"no\" tablet_bg_img_hidden=\"no\" woodmart_parallax=\"0\" woodmart_sticky_column=\"false\" el_class=\"box-category-home\" parallax_scroll=\"no\" mobile_reset_margin=\"no\" tablet_reset_margin=\"no\"][vc_column_text text_larger=\"no\" el_class=\"box-danh-muc-home\"]<a href=\"http:\/\/www.comi.vn\/\"><img class=\"alignnone wp-image-163 size-full aligncenter\" src=\"https:\/\/ctce.com.vn\/wp-content\/uploads\/2021\/04\/cee.jpg\" alt=\"\" width=\"235\" height=\"60\" \/><\/a>\r\n\r\nC\u01a1 kh\u00ed C\u00f4ng Minh[\/vc_column_text][vc_column_text text_larger=\"no\" el_class=\"box-danh-muc-home\"]<a href=\"https:\/\/phungluat.com.vn\/\"><img class=\"alignnone wp-image-166 size-full aligncenter\" src=\"https:\/\/ctce.com.vn\/wp-content\/uploads\/2021\/04\/pl.jpg\" alt=\"\" width=\"235\" height=\"60\" \/><\/a>\r\n\r\nPh\u1ee5ng Lu\u1eadt[\/vc_column_text][vc_column_text text_larger=\"no\" el_class=\"box-danh-muc-home\"]<a href=\"https:\/\/keevvn.com\/\"><img class=\"alignnone wp-image-165 size-full\" src=\"https:\/\/ctce.com.vn\/wp-content\/uploads\/2021\/04\/keev.jpg\" alt=\"\" width=\"235\" height=\"60\" \/><\/a>\r\n\r\nKEEV[\/vc_column_text][vc_column_text text_larger=\"no\" el_class=\"box-danh-muc-home\"]<img class=\"alignnone wp-image-164 size-full aligncenter\" src=\"https:\/\/ctce.com.vn\/wp-content\/uploads\/2021\/04\/fb.jpg\" alt=\"\" width=\"235\" height=\"60\" \/>\r\n\r\nFacebook[\/vc_column_text][vc_column_text text_larger=\"no\" el_class=\"box-danh-muc-home\"]<img class=\"alignnone wp-image-167 size-full aligncenter\" src=\"https:\/\/ctce.com.vn\/wp-content\/uploads\/2021\/04\/youtube.jpg\" alt=\"\" width=\"235\" height=\"60\" \/>\r\n\r\nYoutube[\/vc_column_text][\/vc_column][\/vc_row]<style data-type=\"vc_shortcodes-custom-css\"><\/style>[\/vc_column_text][\/vc_column_inner][\/vc_row_inner][\/vc_column][vc_column width=&#8221;3\/4&#8243; mobile_bg_img_hidden=&#8221;no&#8221; tablet_bg_img_hidden=&#8221;no&#8221; woodmart_parallax=&#8221;0&#8243; woodmart_sticky_column=&#8221;false&#8221; parallax_scroll=&#8221;no&#8221; mobile_reset_margin=&#8221;no&#8221; tablet_reset_margin=&#8221;no&#8221; el_class=&#8221;tieu-de-trang-sp&#8221;][vc_column_text text_larger=&#8221;no&#8221;]<\/p>\n<h3 style=\"text-align: center;\">T\u1ed5ng quan<\/h3>\n<p>[\/vc_column_text][\/vc_column][\/vc_row]<\/p>\n<p>[vc_row el_class=\"box-widget-1\" mobile_bg_img_hidden=\"no\" tablet_bg_img_hidden=\"no\" woodmart_parallax=\"0\" woodmart_gradient_switch=\"no\" row_reverse_mobile=\"0\" row_reverse_tablet=\"0\" woodmart_disable_overflow=\"0\"][vc_column mobile_bg_img_hidden=\"no\" tablet_bg_img_hidden=\"no\" woodmart_parallax=\"0\" woodmart_sticky_column=\"false\" el_class=\"box-category-home\" parallax_scroll=\"no\" mobile_reset_margin=\"no\" tablet_reset_margin=\"no\"][vc_column_text text_larger=\"no\" el_class=\"box-danh-muc-home\"]<a href=\"http:\/\/www.comi.vn\/\"><img class=\"alignnone wp-image-163 size-full aligncenter\" src=\"https:\/\/ctce.com.vn\/wp-content\/uploads\/2021\/04\/cee.jpg\" alt=\"\" width=\"235\" height=\"60\" \/><\/a>\r\n\r\nC\u01a1 kh\u00ed C\u00f4ng Minh[\/vc_column_text][vc_column_text text_larger=\"no\" el_class=\"box-danh-muc-home\"]<a href=\"https:\/\/phungluat.com.vn\/\"><img class=\"alignnone wp-image-166 size-full aligncenter\" src=\"https:\/\/ctce.com.vn\/wp-content\/uploads\/2021\/04\/pl.jpg\" alt=\"\" width=\"235\" height=\"60\" \/><\/a>\r\n\r\nPh\u1ee5ng Lu\u1eadt[\/vc_column_text][vc_column_text text_larger=\"no\" el_class=\"box-danh-muc-home\"]<a href=\"https:\/\/keevvn.com\/\"><img class=\"alignnone wp-image-165 size-full\" src=\"https:\/\/ctce.com.vn\/wp-content\/uploads\/2021\/04\/keev.jpg\" alt=\"\" width=\"235\" height=\"60\" \/><\/a>\r\n\r\nKEEV[\/vc_column_text][vc_column_text text_larger=\"no\" el_class=\"box-danh-muc-home\"]<img class=\"alignnone wp-image-164 size-full aligncenter\" src=\"https:\/\/ctce.com.vn\/wp-content\/uploads\/2021\/04\/fb.jpg\" alt=\"\" width=\"235\" height=\"60\" \/>\r\n\r\nFacebook[\/vc_column_text][vc_column_text text_larger=\"no\" el_class=\"box-danh-muc-home\"]<img class=\"alignnone wp-image-167 size-full aligncenter\" src=\"https:\/\/ctce.com.vn\/wp-content\/uploads\/2021\/04\/youtube.jpg\" alt=\"\" width=\"235\" height=\"60\" \/>\r\n\r\nYoutube[\/vc_column_text][\/vc_column][\/vc_row]<style data-type=\"vc_shortcodes-custom-css\"><\/style>[\/vc_column_text][\/vc_column_inner][\/vc_row_inner][\/vc_column][vc_column width=&#8221;3\/4&#8243; mobile_bg_img_hidden=&#8221;no&#8221; tablet_bg_img_hidden=&#8221;no&#8221; woodmart_parallax=&#8221;0&#8243; woodmart_sticky_column=&#8221;false&#8221; parallax_scroll=&#8221;no&#8221; mobile_reset_margin=&#8221;no&#8221; tablet_reset_margin=&#8221;no&#8221; el_class=&#8221;tieu-de-trang-sp&#8221;][vc_column_text text_larger=&#8221;no&#8221;]<\/p>\n<h3>K\u1ef9 thu\u1eadt nh\u00e0 m\u00e1y<\/h3>\n<p>[\/vc_column_text][vc_row_inner][vc_column_inner width=&#8221;1\/2&#8243;][vc_column_text text_larger=&#8221;no&#8221;]<\/p>\n<p style=\"text-align: justify;\">Chuy\u00ean m\u00f4n c\u1ee7a ch\u00fang t\u00f4i l\u00e0 ph\u00e1t tri\u1ec3n thi\u1ebft b\u1ecb thu h\u1ed3i dung m\u00f4i \u0111a th\u00e0nh ph\u1ea7n v\u00e0 c\u00e1c quy tr\u00ecnh c\u1ee7a n\u00f3 \u00e1p d\u1ee5ng c\u00e1c c\u00f4ng ngh\u1ec7 t\u00e1ch kh\u00e1c nhau nh\u01b0 bay h\u01a1i, ch\u01b0ng c\u1ea5t, l\u1ecdc, chi\u1ebft xu\u1ea5t v\u00e0 h\u1ea5p th\u1ee5.<br \/>\nKhay n\u00e2ng, ch\u1ed5i Hi-U, thi\u1ebft b\u1ecb bay h\u01a1i nhi\u1ec1u bu\u1ed3ng, &#8230; ban \u0111\u1ea7u \u0111\u01b0\u1ee3c ph\u00e1t minh v\u00e0 s\u00e1ng ch\u1ebf trong qu\u00e1 tr\u00ecnh ph\u00e1t tri\u1ec3n quy tr\u00ecnh.\u00a0Hi\u1ec7n t\u1ea1i, ch\u00fang t\u00f4i \u0111ang nghi\u00ean c\u1ee9u v\u00e0 ph\u00e1t tri\u1ec3n c\u1ed9t ch\u01b0ng c\u1ea5t ki\u1ec3u trao \u0111\u1ed5i nhi\u1ec7t b\u00ean trong, \u0111\u00e2y l\u00e0 m\u1ed9t h\u1ec7 th\u1ed1ng ti\u1ebft ki\u1ec7m n\u0103ng l\u01b0\u1ee3ng.<br \/>\nV\u00ec ch\u00fang t\u00f4i \u0111\u01b0\u1ee3c \u0111\u00e0o t\u1ea1o k\u1ef9 l\u01b0\u1ee1ng kh\u00f4ng ch\u1ec9 cho c\u00e1c k\u1ef9 s\u01b0 thi\u1ebft k\u1ebf m\u00e0 c\u00f2n cho c\u00e1c nh\u00e0 th\u1ea7u x\u00e2y d\u1ef1ng t\u1ea1i ch\u1ed7, ch\u00fang t\u00f4i c\u00f3 tinh th\u1ea7n l\u00e0m vi\u1ec7c nh\u00f3m tinh t\u1ebf t\u1eeb giai \u0111o\u1ea1n l\u1eadp k\u1ebf ho\u1ea1ch nh\u00e0 m\u00e1y \u0111\u1ebfn quy tr\u00ecnh thi\u1ebft k\u1ebf, x\u00e2y d\u1ef1ng v\u00e0 d\u1ecbch v\u1ee5 sau b\u00e1n h\u00e0ng. Ch\u00fang t\u00f4i s\u1ebd cung c\u1ea5p cho b\u1ea1n c\u00e1c d\u1ecbch v\u1ee5 kh\u00e1c nhau .<br \/>\nN\u1ebfu b\u1ea1n c\u00f3 b\u1ea5t k\u1ef3 c\u00e2u h\u1ecfi n\u00e0o v\u1ec1 k\u1ef9 thu\u1eadt nh\u00e0 m\u00e1y, t\u01b0 v\u1ea5n, n\u1ebfu b\u1ea1n c\u00f3 \u00fd ki\u1ebfn \u200b\u200bkh\u00e1c, vv\u00a0<span class=\"pc\">t\u1ea1i \u0111\u00e2y<\/span>\u00a0xin c\u1ea3m \u01a1n.<\/p>\n<p>[\/vc_column_text][\/vc_column_inner][vc_column_inner width=&#8221;1\/2&#8243;][vc_column_text text_larger=&#8221;no&#8221;]<img loading=\"lazy\" class=\"alignnone size-full wp-image-89\" src=\"http:\/\/demo5.sotavn.com\/demo11\/wp-content\/uploads\/2021\/04\/img_plant.jpg\" alt=\"\" width=\"100%\" height=\"260\" \/>[\/vc_column_text][\/vc_column_inner][\/vc_row_inner][\/vc_column][\/vc_row][vc_row][vc_column width=&#8221;1\/4&#8243; mobile_bg_img_hidden=&#8221;no&#8221; tablet_bg_img_hidden=&#8221;no&#8221; woodmart_parallax=&#8221;0&#8243; woodmart_sticky_column=&#8221;false&#8221; parallax_scroll=&#8221;no&#8221; mobile_reset_margin=&#8221;no&#8221; tablet_reset_margin=&#8221;no&#8221;][vc_column_text text_larger=&#8221;no&#8221; el_class=&#8221;sidebar-inner woodmart-sidebar-scroll&#8221;]<\/p>\n<div class=\"menu-chuyen-muc widget-area woodmart-sidebar-content\">\n<div class=\"menu-chuyen-muc widget-area woodmart-sidebar-content\">\n<h3>K\u1ef9 thu\u1eadt nh\u00e0 m\u00e1y<\/h3>\n<ul>\n<li><a href=\"https:\/\/ctce.com.vn\/thiet-ke-va-lap-dat-day-chuyen-cong-nghe\/\">Gi\u1edbi thi\u1ec7u<\/a><\/li>\n<li><a href=\"https:\/\/ctce.com.vn\/nha-may-san-xuat-keo\/\">Nh\u00e0 m\u00e1y s\u1ea3n xu\u1ea5t keo<\/a><\/li>\n<li><a href=\"https:\/\/ctce.com.vn\/nha-may-san-xuat-son\/\">Nh\u00e0 m\u00e1y s\u1ea3n xu\u1ea5t s\u01a1n<\/a><\/li>\n<li><a href=\"https:\/\/ctce.com.vn\/he-thong-cham-hoa-chat\/\">H\u1ec7 th\u1ed1ng ch\u00e2m h\u00f3a ch\u1ea5t<\/a><\/li>\n<li><a href=\"https:\/\/ctce.com.vn\/chung-cat-va-thu-hoi-dung-moi\/\">Ch\u01b0ng c\u1ea5t v\u00e0 thu h\u1ed3i dung m\u00f4i<\/a><\/li>\n<li><a href=\"https:\/\/ctce.com.vn\/he-thong-xu-ly-amonia\/\">H\u1ec7 th\u1ed1ng x\u1eed l\u00fd ammonia<\/a><\/li>\n<li><a href=\"https:\/\/ctce.com.vn\/boc-hoi-va-co-dac\/\">B\u1ed1c h\u01a1i v\u00e0 c\u00f4 \u0111\u1eb7c<\/a><\/li>\n<li><a href=\"https:\/\/ctce.com.vn\/he-thong-xu-ly-nuoc-va-nuoc-thai\/\">H\u1ec7 th\u1ed1ng x\u1eed l\u00fd n\u01b0\u1edbc th\u1ea3i<\/a><\/li>\n<li><a href=\"https:\/\/ctce.com.vn\/bao-tri-bao-duong\/\">B\u1ea3o tr\u00ec b\u1ea3o d\u01b0\u1ee1ng<\/a><\/li>\n<\/ul>\n<\/div>\n<p>&nbsp;<\/p>\n<\/div>\n<p>[\/vc_column_text][vc_row_inner][vc_column_inner][vc_column_text text_larger=&#8221;no&#8221;][vc_row el_class=\"box-widget-1\" mobile_bg_img_hidden=\"no\" tablet_bg_img_hidden=\"no\" woodmart_parallax=\"0\" woodmart_gradient_switch=\"no\" row_reverse_mobile=\"0\" row_reverse_tablet=\"0\" woodmart_disable_overflow=\"0\"][vc_column mobile_bg_img_hidden=\"no\" tablet_bg_img_hidden=\"no\" woodmart_parallax=\"0\" woodmart_sticky_column=\"false\" el_class=\"box-category-home\" parallax_scroll=\"no\" mobile_reset_margin=\"no\" tablet_reset_margin=\"no\"][vc_column_text text_larger=\"no\" el_class=\"box-danh-muc-home\"]<a href=\"http:\/\/www.comi.vn\/\"><img class=\"alignnone wp-image-163 size-full aligncenter\" src=\"https:\/\/ctce.com.vn\/wp-content\/uploads\/2021\/04\/cee.jpg\" alt=\"\" width=\"235\" height=\"60\" \/><\/a>\r\n\r\nC\u01a1 kh\u00ed C\u00f4ng Minh[\/vc_column_text][vc_column_text text_larger=\"no\" el_class=\"box-danh-muc-home\"]<a href=\"https:\/\/phungluat.com.vn\/\"><img class=\"alignnone wp-image-166 size-full aligncenter\" src=\"https:\/\/ctce.com.vn\/wp-content\/uploads\/2021\/04\/pl.jpg\" alt=\"\" width=\"235\" height=\"60\" \/><\/a>\r\n\r\nPh\u1ee5ng Lu\u1eadt[\/vc_column_text][vc_column_text text_larger=\"no\" el_class=\"box-danh-muc-home\"]<a href=\"https:\/\/keevvn.com\/\"><img class=\"alignnone wp-image-165 size-full\" src=\"https:\/\/ctce.com.vn\/wp-content\/uploads\/2021\/04\/keev.jpg\" alt=\"\" width=\"235\" height=\"60\" \/><\/a>\r\n\r\nKEEV[\/vc_column_text][vc_column_text text_larger=\"no\" el_class=\"box-danh-muc-home\"]<img class=\"alignnone wp-image-164 size-full aligncenter\" src=\"https:\/\/ctce.com.vn\/wp-content\/uploads\/2021\/04\/fb.jpg\" alt=\"\" width=\"235\" height=\"60\" \/>\r\n\r\nFacebook[\/vc_column_text][vc_column_text text_larger=\"no\" el_class=\"box-danh-muc-home\"]<img class=\"alignnone wp-image-167 size-full aligncenter\" src=\"https:\/\/ctce.com.vn\/wp-content\/uploads\/2021\/04\/youtube.jpg\" alt=\"\" width=\"235\" height=\"60\" \/>\r\n\r\nYoutube[\/vc_column_text][\/vc_column][\/vc_row]<style data-type=\"vc_shortcodes-custom-css\"><\/style>[\/vc_column_text][\/vc_column_inner][\/vc_row_inner][\/vc_column][vc_column width=&#8221;3\/4&#8243; mobile_bg_img_hidden=&#8221;no&#8221; tablet_bg_img_hidden=&#8221;no&#8221; woodmart_parallax=&#8221;0&#8243; woodmart_sticky_column=&#8221;false&#8221; parallax_scroll=&#8221;no&#8221; mobile_reset_margin=&#8221;no&#8221; tablet_reset_margin=&#8221;no&#8221; el_class=&#8221;tieu-de-trang-sp&#8221;][vc_column_text text_larger=&#8221;no&#8221;]<\/p>\n<h3>K\u1ef9 thu\u1eadt nh\u00e0 m\u00e1y<\/h3>\n<p>[\/vc_column_text][vc_row_inner][vc_column_inner width=&#8221;1\/2&#8243;][vc_column_text text_larger=&#8221;no&#8221;]<\/p>\n<p style=\"text-align: justify;\">Chuy\u00ean m\u00f4n c\u1ee7a ch\u00fang t\u00f4i l\u00e0 ph\u00e1t tri\u1ec3n thi\u1ebft b\u1ecb thu h\u1ed3i dung m\u00f4i \u0111a th\u00e0nh ph\u1ea7n v\u00e0 c\u00e1c quy tr\u00ecnh c\u1ee7a n\u00f3 \u00e1p d\u1ee5ng c\u00e1c c\u00f4ng ngh\u1ec7 t\u00e1ch kh\u00e1c nhau nh\u01b0 bay h\u01a1i, ch\u01b0ng c\u1ea5t, l\u1ecdc, chi\u1ebft xu\u1ea5t v\u00e0 h\u1ea5p th\u1ee5.<br \/>\nKhay n\u00e2ng, ch\u1ed5i Hi-U, thi\u1ebft b\u1ecb bay h\u01a1i nhi\u1ec1u bu\u1ed3ng, &#8230; ban \u0111\u1ea7u \u0111\u01b0\u1ee3c ph\u00e1t minh v\u00e0 s\u00e1ng ch\u1ebf trong qu\u00e1 tr\u00ecnh ph\u00e1t tri\u1ec3n quy tr\u00ecnh.\u00a0Hi\u1ec7n t\u1ea1i, ch\u00fang t\u00f4i \u0111ang nghi\u00ean c\u1ee9u v\u00e0 ph\u00e1t tri\u1ec3n c\u1ed9t ch\u01b0ng c\u1ea5t ki\u1ec3u trao \u0111\u1ed5i nhi\u1ec7t b\u00ean trong, \u0111\u00e2y l\u00e0 m\u1ed9t h\u1ec7 th\u1ed1ng ti\u1ebft ki\u1ec7m n\u0103ng l\u01b0\u1ee3ng.<br \/>\nV\u00ec ch\u00fang t\u00f4i \u0111\u01b0\u1ee3c \u0111\u00e0o t\u1ea1o k\u1ef9 l\u01b0\u1ee1ng kh\u00f4ng ch\u1ec9 cho c\u00e1c k\u1ef9 s\u01b0 thi\u1ebft k\u1ebf m\u00e0 c\u00f2n cho c\u00e1c nh\u00e0 th\u1ea7u x\u00e2y d\u1ef1ng t\u1ea1i ch\u1ed7, ch\u00fang t\u00f4i c\u00f3 tinh th\u1ea7n l\u00e0m vi\u1ec7c nh\u00f3m tinh t\u1ebf t\u1eeb giai \u0111o\u1ea1n l\u1eadp k\u1ebf ho\u1ea1ch nh\u00e0 m\u00e1y \u0111\u1ebfn quy tr\u00ecnh thi\u1ebft k\u1ebf, x\u00e2y d\u1ef1ng v\u00e0 d\u1ecbch v\u1ee5 sau b\u00e1n h\u00e0ng. Ch\u00fang t\u00f4i s\u1ebd cung c\u1ea5p cho b\u1ea1n c\u00e1c d\u1ecbch v\u1ee5 kh\u00e1c nhau .<br \/>\nN\u1ebfu b\u1ea1n c\u00f3 b\u1ea5t k\u1ef3 c\u00e2u h\u1ecfi n\u00e0o v\u1ec1 k\u1ef9 thu\u1eadt nh\u00e0 m\u00e1y, t\u01b0 v\u1ea5n, n\u1ebfu b\u1ea1n c\u00f3 \u00fd ki\u1ebfn \u200b\u200bkh\u00e1c, vv\u00a0<span class=\"pc\">t\u1ea1i \u0111\u00e2y<\/span>\u00a0xin c\u1ea3m \u01a1n.<\/p>\n<p>[\/vc_column_text][\/vc_column_inner][vc_column_inner width=&#8221;1\/2&#8243;][vc_column_text text_larger=&#8221;no&#8221;]<img loading=\"lazy\" class=\"alignnone size-full wp-image-89\" src=\"http:\/\/demo5.sotavn.com\/demo11\/wp-content\/uploads\/2021\/04\/img_plant.jpg\" alt=\"\" width=\"100%\" height=\"260\" \/>[\/vc_column_text][\/vc_column_inner][\/vc_row_inner][\/vc_column][\/vc_row]<\/p>","protected":false},"excerpt":{"rendered":"<p>[vc_row][vc_column w<\/p>\n","protected":false},"author":3,"featured_media":193,"parent":0,"menu_order":0,"comment_status":"closed","ping_status":"closed","template":"","meta":[],"_links":{"self":[{"href":"https:\/\/ctce.com.vn\/ja\/wp-json\/wp\/v2\/pages\/196"}],"collection":[{"href":"https:\/\/ctce.com.vn\/ja\/wp-json\/wp\/v2\/pages"}],"about":[{"href":"https:\/\/ctce.com.vn\/ja\/wp-json\/wp\/v2\/types\/page"}],"author":[{"embeddable":true,"href":"https:\/\/ctce.com.vn\/ja\/wp-json\/wp\/v2\/users\/3"}],"replies":[{"embeddable":true,"href":"https:\/\/ctce.com.vn\/ja\/wp-json\/wp\/v2\/comments?post=196"}],"version-history":[{"count":0,"href":"https:\/\/ctce.com.vn\/ja\/wp-json\/wp\/v2\/pages\/196\/revisions"}],"wp:featuredmedia":[{"embeddable":true,"href":"https:\/\/ctce.com.vn\/ja\/wp-json\/wp\/v2\/media\/193"}],"wp:attachment":[{"href":"https:\/\/ctce.com.vn\/ja\/wp-json\/wp\/v2\/media?parent=196"}],"curies":[{"name":"wp","href":"https:\/\/api.w.org\/{rel}","templated":true}]}}