{"id":195,"date":"2021-08-05T10:09:37","date_gmt":"2021-08-05T03:09:37","guid":{"rendered":"https:\/\/ctce.com.vn\/?page_id=195"},"modified":"2021-10-06T09:08:43","modified_gmt":"2021-10-06T02:08:43","slug":"cac-thiet-bi-tieu-bieu","status":"publish","type":"page","link":"https:\/\/ctce.com.vn\/ja\/cac-thiet-bi-tieu-bieu\/","title":{"rendered":"\u30b1\u30df\u30ab\u30eb\u30d7\u30e9\u30f3\u30c8\u306e\u4e3b\u8981\u6a5f\u5668"},"content":{"rendered":"<p>[vc_row el_class=\"box-widget-1\" mobile_bg_img_hidden=\"no\" tablet_bg_img_hidden=\"no\" woodmart_parallax=\"0\" woodmart_gradient_switch=\"no\" row_reverse_mobile=\"0\" row_reverse_tablet=\"0\" woodmart_disable_overflow=\"0\"][vc_column mobile_bg_img_hidden=\"no\" tablet_bg_img_hidden=\"no\" woodmart_parallax=\"0\" woodmart_sticky_column=\"false\" el_class=\"box-category-home\" parallax_scroll=\"no\" mobile_reset_margin=\"no\" tablet_reset_margin=\"no\"][vc_column_text text_larger=\"no\" el_class=\"box-danh-muc-home\"]<a href=\"http:\/\/www.comi.vn\/\"><img class=\"alignnone wp-image-163 size-full aligncenter\" src=\"https:\/\/ctce.com.vn\/wp-content\/uploads\/2021\/04\/cee.jpg\" alt=\"\" width=\"235\" height=\"60\" \/><\/a>\r\n\r\nC\u01a1 kh\u00ed C\u00f4ng Minh[\/vc_column_text][vc_column_text text_larger=\"no\" el_class=\"box-danh-muc-home\"]<a href=\"https:\/\/phungluat.com.vn\/\"><img class=\"alignnone wp-image-166 size-full aligncenter\" src=\"https:\/\/ctce.com.vn\/wp-content\/uploads\/2021\/04\/pl.jpg\" alt=\"\" width=\"235\" height=\"60\" \/><\/a>\r\n\r\nPh\u1ee5ng Lu\u1eadt[\/vc_column_text][vc_column_text text_larger=\"no\" el_class=\"box-danh-muc-home\"]<a href=\"https:\/\/keevvn.com\/\"><img class=\"alignnone wp-image-165 size-full\" src=\"https:\/\/ctce.com.vn\/wp-content\/uploads\/2021\/04\/keev.jpg\" alt=\"\" width=\"235\" height=\"60\" \/><\/a>\r\n\r\nKEEV[\/vc_column_text][vc_column_text text_larger=\"no\" el_class=\"box-danh-muc-home\"]<img class=\"alignnone wp-image-164 size-full aligncenter\" src=\"https:\/\/ctce.com.vn\/wp-content\/uploads\/2021\/04\/fb.jpg\" alt=\"\" width=\"235\" height=\"60\" \/>\r\n\r\nFacebook[\/vc_column_text][vc_column_text text_larger=\"no\" el_class=\"box-danh-muc-home\"]<img class=\"alignnone wp-image-167 size-full aligncenter\" src=\"https:\/\/ctce.com.vn\/wp-content\/uploads\/2021\/04\/youtube.jpg\" alt=\"\" width=\"235\" height=\"60\" \/>\r\n\r\nYoutube[\/vc_column_text][\/vc_column][\/vc_row]<style data-type=\"vc_shortcodes-custom-css\"><\/style>[\/vc_column_text][\/vc_column_inner][\/vc_row_inner][\/vc_column][vc_column width=&#8221;3\/4&#8243; mobile_bg_img_hidden=&#8221;no&#8221; tablet_bg_img_hidden=&#8221;no&#8221; woodmart_parallax=&#8221;0&#8243; woodmart_sticky_column=&#8221;false&#8221; parallax_scroll=&#8221;no&#8221; mobile_reset_margin=&#8221;no&#8221; tablet_reset_margin=&#8221;no&#8221; el_class=&#8221;tieu-de-trang-sp&#8221;][vc_column_text text_larger=&#8221;no&#8221;]<\/p>\n<h3 style=\"text-align: center;\"><span style=\"color: #ff0000;\">M\u1ed8T S\u1ed0 THI\u1ebeT B\u1eca CH\u00cdNH C\u1ee6A H\u1ec6 TH\u1ed0NG X\u1eec L\u00dd N\u01af\u1edaC V\u00c0 N\u01af\u1edaC TH\u1ea2I<\/span><\/h3>\n<p>[\/vc_column_text][vc_column_text text_larger=&#8221;no&#8221;]<span style=\"font-size: 14pt;\">Ch\u00fang t\u00f4i kh\u00f4ng ch\u1ec9 thi\u1ebft k\u1ebf &amp; cung c\u1ea5p c\u1ea3 quy tr\u00ecnh h\u1ec7 th\u1ed1ng m\u00e0 c\u00f2n cung c\u1ea5p c\u1ea3 c\u00e1c thi\u1ebft k\u1ebf \u0111\u01a1n l\u1ebb nh\u01b0:<\/span>[\/vc_column_text][vc_row_inner][vc_column_inner width=&#8221;2\/5&#8243;][vc_single_image image=&#8221;363&#8243; img_size=&#8221;full&#8221; alignment=&#8221;center&#8221; parallax_scroll=&#8221;no&#8221;][\/vc_column_inner][vc_column_inner width=&#8221;3\/5&#8243;][vc_column_text text_larger=&#8221;no&#8221;]<span style=\"color: #ff0000;\"><strong>THI\u1ebeT B\u1eca TRAO \u0110\u1ed4I NHI\u1ec6T<\/strong><\/span><\/p>\n<p style=\"text-align: justify;\">Ch\u00fang t\u00f4i c\u00f3 th\u1ec3 th\u1ef1c hi\u1ec7n t\u1eeb c\u00f4ng \u0111o\u1ea1n t\u00ednh to\u00e1n c\u00f4ng su\u1ea5t nhi\u1ec7t c\u1ee7a nhi\u1ec1u lo\u1ea1i thi\u1ebft b\u1ecb trao \u0111\u1ed5i nhi\u1ec7t, Reboiler bao g\u1ed3m (lo\u1ea1i m\u00e0ng m\u1ecfng, tu\u1ea7n ho\u00e0n c\u01b0\u1ee1ng b\u1ee9c, \u1ed1ng siphon, d\u1ea1ng Kettle&#8230;) Cho t\u1edbi b\u1ea3n v\u1ebd thi\u1ebft k\u1ebf, b\u1ea3n v\u1ebd gia c\u00f4ng, ki\u1ec3m tra gi\u00e1m s\u00e1t ch\u1ea5t l\u01b0\u1ee3ng ch\u1ebf t\u1ea1o v\u00e0 test b\u00e0n giao s\u1ea3n ph\u1ea9m, ch\u1ee9ng nh\u1eadn \u0111\u1ea1t qu\u00e1 tr\u00ecnh th\u1eed \u00e1p cho c\u00e1c thi\u1ebft b\u1ecb ho\u1ea1t \u0111\u1ed9ng \u00e1p su\u1ea5t cao.<\/p>\n<p>[\/vc_column_text][\/vc_column_inner][\/vc_row_inner][vc_row_inner][vc_column_inner width=&#8221;2\/5&#8243;][vc_single_image image=&#8221;364&#8243; img_size=&#8221;full&#8221; alignment=&#8221;center&#8221; parallax_scroll=&#8221;no&#8221;][\/vc_column_inner][vc_column_inner width=&#8221;3\/5&#8243;][vc_column_text text_larger=&#8221;no&#8221;]<span style=\"color: #ff0000;\"><strong>TH\u00c1P CH\u01afNG C\u1ea4T<\/strong><\/span><\/p>\n<p style=\"text-align: justify;\">Ch\u00fang t\u00f4i c\u00f3 th\u1ec3 th\u1ef1c hi\u1ec7n t\u1eeb c\u00f4ng \u0111o\u1ea1n t\u00ednh to\u00e1n t\u00ednh n\u0103ng thi\u1ebft b\u1ecb l\u00e0m vi\u1ec7c, b\u1ea3n v\u1ebd thi\u1ebft k\u1ebf, gia c\u00f4ng ch\u1ebf t\u1ea1o cho \u0111\u1ebfn vi\u1ec7c ki\u1ec3m tra ch\u1ea5t l\u01b0\u1ee3ng &amp; giao h\u00e0ng. Ch\u00fang t\u00f4i c\u00f3 th\u1ec3 thi\u1ebft k\u1ebf v\u00e0 ch\u1ebf t\u1ea1o c\u00e1c lo\u1ea1i th\u00e1p m\u00e2m (m\u00e2m xuy\u00ean l\u1ed7, m\u00e2m ch\u00f3p) v\u00e0 th\u00e1p \u0111\u1ec7m ch\u00eam (\u0111\u1ec7m ch\u00eam c\u1ea5u tr\u00fac v\u00e0 \u0111\u1ec7m ch\u00eam b\u1ea5t quy t\u1eafc).<\/p>\n<p>[\/vc_column_text][\/vc_column_inner][\/vc_row_inner][vc_row_inner][vc_column_inner width=&#8221;2\/5&#8243;][vc_single_image image=&#8221;365&#8243; img_size=&#8221;full&#8221; alignment=&#8221;center&#8221; parallax_scroll=&#8221;no&#8221;][\/vc_column_inner][vc_column_inner width=&#8221;3\/5&#8243;][vc_column_text text_larger=&#8221;no&#8221;]<strong><span style=\"color: #ff0000;\">B\u1ed2N PH\u1ea2N \u1ee8NG V\u00c0 KHU\u1ea4Y TR\u1ed8N<\/span><\/strong><\/p>\n<p style=\"text-align: justify;\">Ch\u00fang t\u00f4i th\u1ef1c hi\u1ec7n nhi\u1ec1u c\u00f4ng \u0111o\u1ea1n bao g\u1ed3m t\u00ednh to\u00e1n c\u00f4ng su\u1ea5t, thi\u1ebft k\u1ebf, gia c\u00f4ng ch\u1ebf t\u1ea1o, ch\u1ee9ng nh\u1eadn \u0111\u1ea1t qu\u00e1 tr\u00ecnh th\u1eed \u00e1p cho b\u1ed3n cao \u00e1p t\u01b0\u01a1ng \u1ee9ng v\u1edbi m\u1ecdi nhu c\u1ea7u nh\u01b0 v\u1edbi c\u00e1nh khu\u1ea5y, v\u1edbi l\u1edbp v\u1ecf \u00e1o v\u00e0 cu\u1ed9n \u1ed1ng b\u00ean trong.<\/p>\n<p>[\/vc_column_text][\/vc_column_inner][\/vc_row_inner][vc_row_inner][vc_column_inner width=&#8221;2\/5&#8243;][vc_single_image image=&#8221;366&#8243; img_size=&#8221;full&#8221; alignment=&#8221;center&#8221; parallax_scroll=&#8221;no&#8221;][\/vc_column_inner][vc_column_inner width=&#8221;3\/5&#8243;][vc_column_text text_larger=&#8221;no&#8221;]<span style=\"color: #ff0000;\"><strong>B\u1ed2N CH\u1ee8A<\/strong><\/span><\/p>\n<p style=\"text-align: justify;\">B\u1ed3n ch\u1ee9a v\u1edbi c\u00e1nh khu\u1ea5y, b\u1ed3n ch\u1ee9a ngo\u00e0i tr\u1eddi, b\u1ed3n ch\u1ebf t\u1ea1o t\u1ea1i c\u00f4ng tr\u01b0\u1eddng&#8230; ch\u00fang t\u00f4i c\u00f3 th\u1ec3 thi\u1ebft k\u1ebf t\u1ea5t c\u1ea3 t\u1eeb vi\u1ec7c x\u00e1c \u0111\u1ecbnh \u0111i\u1ec1u ki\u1ec7n thi\u1ebft k\u1ebf, th\u00f4ng s\u1ed1 k\u1ef9 thu\u1eadt, ch\u1ebf t\u1ea1o v\u00e0 nhi\u1ec1u lo\u1ea1i ki\u1ec3m \u0111\u1ecbnh ch\u1ea5t l\u01b0\u1ee3ng kh\u00e1c.<\/p>\n<p>[\/vc_column_text][\/vc_column_inner][\/vc_row_inner][vc_row_inner][vc_column_inner width=&#8221;2\/5&#8243;][vc_single_image image=&#8221;367&#8243; img_size=&#8221;full&#8221; alignment=&#8221;center&#8221; parallax_scroll=&#8221;no&#8221;][\/vc_column_inner][vc_column_inner width=&#8221;3\/5&#8243;][vc_column_text text_larger=&#8221;no&#8221;]<span style=\"color: #ff0000;\"><strong>C\u00c1C THI\u1ebeT B\u1eca MUA H\u00c0NG<\/strong><\/span><\/p>\n<p>Ch\u00fang t\u00f4i c\u00f3 th\u1ec3 thi\u1ebft k\u1ebf, x\u00e1c \u0111\u1ecbnh th\u00f4ng s\u1ed1 k\u1ef9 thu\u1eadt ph\u00f9 h\u1ee3p, l\u1ef1a ch\u1ecdn maker v\u00e0 mua h\u00e0ng l\u1eafp \u0111\u1eb7t c\u00e1c thi\u1ebft b\u1ecb nh\u01b0 b\u01a1m, thi\u1ebft b\u1ecb trao \u0111\u1ed5i nhi\u1ec7t, qu\u1ea1t, c\u00e1c thi\u1ebft b\u1ecb ph\u1ee5 tr\u1ee3 nh\u01b0 m\u00e1y n\u00e9n kh\u00ed, n\u1ed3i h\u01a1i, h\u1ec7 n\u01b0\u1edbc chiller, h\u1ec7 n\u01b0\u1edbc l\u00e0m m\u00e1t&#8230; d\u1ef1a v\u00e0o nhu c\u1ea7u ho\u1ea1t \u0111\u1ed9ng c\u1ee7a kh\u00e1ch h\u00e0ng.[\/vc_column_text][\/vc_column_inner][\/vc_row_inner][\/vc_column][\/vc_row]<\/p>\n<p>[vc_row el_class=\"box-widget-1\" mobile_bg_img_hidden=\"no\" tablet_bg_img_hidden=\"no\" woodmart_parallax=\"0\" woodmart_gradient_switch=\"no\" row_reverse_mobile=\"0\" row_reverse_tablet=\"0\" woodmart_disable_overflow=\"0\"][vc_column mobile_bg_img_hidden=\"no\" tablet_bg_img_hidden=\"no\" woodmart_parallax=\"0\" woodmart_sticky_column=\"false\" el_class=\"box-category-home\" parallax_scroll=\"no\" mobile_reset_margin=\"no\" tablet_reset_margin=\"no\"][vc_column_text text_larger=\"no\" el_class=\"box-danh-muc-home\"]<a href=\"http:\/\/www.comi.vn\/\"><img class=\"alignnone wp-image-163 size-full aligncenter\" src=\"https:\/\/ctce.com.vn\/wp-content\/uploads\/2021\/04\/cee.jpg\" alt=\"\" width=\"235\" height=\"60\" \/><\/a>\r\n\r\nC\u01a1 kh\u00ed C\u00f4ng Minh[\/vc_column_text][vc_column_text text_larger=\"no\" el_class=\"box-danh-muc-home\"]<a href=\"https:\/\/phungluat.com.vn\/\"><img class=\"alignnone wp-image-166 size-full aligncenter\" src=\"https:\/\/ctce.com.vn\/wp-content\/uploads\/2021\/04\/pl.jpg\" alt=\"\" width=\"235\" height=\"60\" \/><\/a>\r\n\r\nPh\u1ee5ng Lu\u1eadt[\/vc_column_text][vc_column_text text_larger=\"no\" el_class=\"box-danh-muc-home\"]<a href=\"https:\/\/keevvn.com\/\"><img class=\"alignnone wp-image-165 size-full\" src=\"https:\/\/ctce.com.vn\/wp-content\/uploads\/2021\/04\/keev.jpg\" alt=\"\" width=\"235\" height=\"60\" \/><\/a>\r\n\r\nKEEV[\/vc_column_text][vc_column_text text_larger=\"no\" el_class=\"box-danh-muc-home\"]<img class=\"alignnone wp-image-164 size-full aligncenter\" src=\"https:\/\/ctce.com.vn\/wp-content\/uploads\/2021\/04\/fb.jpg\" alt=\"\" width=\"235\" height=\"60\" \/>\r\n\r\nFacebook[\/vc_column_text][vc_column_text text_larger=\"no\" el_class=\"box-danh-muc-home\"]<img class=\"alignnone wp-image-167 size-full aligncenter\" src=\"https:\/\/ctce.com.vn\/wp-content\/uploads\/2021\/04\/youtube.jpg\" alt=\"\" width=\"235\" height=\"60\" \/>\r\n\r\nYoutube[\/vc_column_text][\/vc_column][\/vc_row]<style data-type=\"vc_shortcodes-custom-css\"><\/style>[\/vc_column_text][\/vc_column_inner][\/vc_row_inner][\/vc_column][vc_column width=&#8221;3\/4&#8243; mobile_bg_img_hidden=&#8221;no&#8221; tablet_bg_img_hidden=&#8221;no&#8221; woodmart_parallax=&#8221;0&#8243; woodmart_sticky_column=&#8221;false&#8221; parallax_scroll=&#8221;no&#8221; mobile_reset_margin=&#8221;no&#8221; tablet_reset_margin=&#8221;no&#8221; el_class=&#8221;tieu-de-trang-sp&#8221;][vc_column_text text_larger=&#8221;no&#8221;]<\/p>\n<h3 style=\"text-align: center;\"><span style=\"color: #ff0000;\">MAIN QUIPMENT OF CHEMICAL PLANT<\/span><\/h3>\n<p>[\/vc_column_text][vc_column_text text_larger=&#8221;no&#8221;]<span style=\"font-size: 14pt;\">We are not only the plant or process but also will correspond only in equipment.<\/span>[\/vc_column_text][vc_row_inner][vc_column_inner width=&#8221;2\/5&#8243;][vc_single_image image=&#8221;363&#8243; img_size=&#8221;full&#8221; alignment=&#8221;center&#8221; parallax_scroll=&#8221;no&#8221;][\/vc_column_inner][vc_column_inner width=&#8221;3\/5&#8243;][vc_column_text text_larger=&#8221;no&#8221;]<span style=\"color: #ff0000;\"><strong>MULTI-TUBE HEAT EXCHANGER<\/strong><\/span><\/p>\n<p style=\"text-align: justify;\">We can do performance calculation of heat exchangers such as various types of reboilers (thin film method, forced circulation method, thermosiphon method, kettle type\u2026) to drawing, manufacturing, assembly, quality control for fabrication &amp; pressure inspection approval for high pressure equipment<\/p>\n<p>[\/vc_column_text][\/vc_column_inner][\/vc_row_inner][vc_row_inner][vc_column_inner width=&#8221;2\/5&#8243;][vc_single_image image=&#8221;364&#8243; img_size=&#8221;full&#8221; alignment=&#8221;center&#8221; parallax_scroll=&#8221;no&#8221;][\/vc_column_inner][vc_column_inner width=&#8221;3\/5&#8243;][vc_column_text text_larger=&#8221;no&#8221;]<span style=\"color: #ff0000;\"><strong>DISTILLATION TOWER<\/strong><\/span><\/p>\n<p style=\"text-align: justify;\">We can do calculation performance, drawing, manufacturing, assembly, and various inspections for delivery. We can design and fabricate trays towers (sieve trays, camp trays) and packing towers (regular packing or irregular packing).<\/p>\n<p>[\/vc_column_text][\/vc_column_inner][\/vc_row_inner][vc_row_inner][vc_column_inner width=&#8221;2\/5&#8243;][vc_single_image image=&#8221;365&#8243; img_size=&#8221;full&#8221; alignment=&#8221;center&#8221; parallax_scroll=&#8221;no&#8221;][\/vc_column_inner][vc_column_inner width=&#8221;3\/5&#8243;][vc_column_text text_larger=&#8221;no&#8221;]<strong><span style=\"color: #ff0000;\">REACTOR AND MIXING TANK<\/span><\/strong><\/p>\n<p style=\"text-align: justify;\">We can do everything from calculation of capacity to design, manufacture, assembly, and pressure inspection approval for high pressure tank according to the needs such as with an agitator, with a jacket, and with a coil<\/p>\n<p>[\/vc_column_text][\/vc_column_inner][\/vc_row_inner][vc_row_inner][vc_column_inner width=&#8221;2\/5&#8243;][vc_single_image image=&#8221;366&#8243; img_size=&#8221;full&#8221; alignment=&#8221;center&#8221; parallax_scroll=&#8221;no&#8221;][\/vc_column_inner][vc_column_inner width=&#8221;3\/5&#8243;][vc_column_text text_larger=&#8221;no&#8221;]<span style=\"color: #ff0000;\"><strong>VESSEL<\/strong><\/span><\/p>\n<p style=\"text-align: justify;\">Storage tanks with agitators, outdoor tanks, locally manufactured tanks&#8230; We can design everything from specification determination to design, manufacturing, and various inspection approvals.<\/p>\n<p>[\/vc_column_text][\/vc_column_inner][\/vc_row_inner][vc_row_inner][vc_column_inner width=&#8221;2\/5&#8243;][vc_single_image image=&#8221;367&#8243; img_size=&#8221;full&#8221; alignment=&#8221;center&#8221; parallax_scroll=&#8221;no&#8221;][\/vc_column_inner][vc_column_inner width=&#8221;3\/5&#8243;][vc_column_text text_larger=&#8221;no&#8221;]<span style=\"color: #ff0000;\"><strong>PROCUREMENT EQUIPMENT<\/strong><\/span><\/p>\n<p>We can design everything from usage conditions, suitable maker selection, specification determination, procurement, and installation for various equipment: Heat exchanger, blower, Utility equipment such as compressor, chiller, cooling tower according to the needs of customer.[\/vc_column_text][\/vc_column_inner][\/vc_row_inner][\/vc_column][\/vc_row]<\/p>\n<p><\/p>\n<p>[vc_row][vc_column width=&#8221;1\/4&#8243; mobile_bg_img_hidden=&#8221;no&#8221; tablet_bg_img_hidden=&#8221;no&#8221; woodmart_parallax=&#8221;0&#8243; woodmart_sticky_column=&#8221;false&#8221; parallax_scroll=&#8221;no&#8221; mobile_reset_margin=&#8221;no&#8221; tablet_reset_margin=&#8221;no&#8221;][vc_column_text text_larger=&#8221;no&#8221; el_class=&#8221;sidebar-inner woodmart-sidebar-scroll&#8221;]<\/p>\n<div class=\"menu-chuyen-muc widget-area woodmart-sidebar-content\">\n<div class=\"menu-chuyen-muc widget-area woodmart-sidebar-content\">\n<h3><span style=\"font-size: 13pt;\">\u4e3b\u8981\u88fd\u54c1<\/span><\/h3>\n<ul>\n<li><a href=\"https:\/\/ctce.com.vn\/san-pham-chinh\/\"><span style=\"font-size: 14pt;\">\u6982\u8981 <\/span><\/a><\/li>\n<li><span style=\"font-size: 13pt;\"><a href=\"https:\/\/ctce.com.vn\/nha-may-san-xuat-keo\/\">\u63a5\u7740\u5264\u88fd\u9020\u30d7\u30e9\u30f3\u30c8 <\/a><\/span><\/li>\n<li><span style=\"font-size: 13pt;\"><a href=\"https:\/\/ctce.com.vn\/nha-may-san-xuat-son\/\">\u5857\u6599\u88fd\u9020\u30d7\u30e9\u30f3\u30c8 <\/a><\/span><\/li>\n<li><span style=\"font-size: 13pt;\"><a href=\"https:\/\/ctce.com.vn\/he-thong-cham-hoa-chat\/\">\u88fd\u7d19\u5de5\u5834\u7528\u30b1\u30df\u30ab\u30eb\u6dfb\u52a0\u30b7\u30b9\u30c6\u30e0 <\/a><\/span><\/li>\n<li><span style=\"font-size: 13pt;\"><a href=\"https:\/\/ctce.com.vn\/chung-cat-va-thu-hoi-dung-moi\/\">\u6eb6\u5264\u56de\u53ce\u8a2d\u5099\u53ca\u3073\u84b8\u7559\u7cbe\u88fd\u8a2d\u5099 <\/a><\/span><\/li>\n<li><span style=\"font-size: 13pt;\"><a href=\"https:\/\/ctce.com.vn\/he-thong-xu-ly-amonia\/\">\u30a2\u30f3\u30e2\u30cb\u30a2\u51e6\u7406\u30b7\u30b9\u30c6\u30e0 <\/a><\/span><\/li>\n<li><span style=\"font-size: 13pt;\"><a href=\"https:\/\/ctce.com.vn\/boc-hoi-va-co-dac\/\">\u84b8\u767a.\u6fc3\u7e2e\u8a2d\u5099 <\/a><\/span><\/li>\n<li><span style=\"font-size: 13pt;\"><a href=\"https:\/\/ctce.com.vn\/he-thong-xu-ly-nuoc-va-nuoc-thai\/\">\u6392\u6c34\u51e6\u7406\u8a2d\u5099\u53ca\u3073\u6c34\u51e6\u7406\u8a2d\u5099 <\/a><\/span><\/li>\n<li><span style=\"font-size: 13pt;\"><a href=\"https:\/\/ctce.com.vn\/bao-tri-bao-duong\/\"> \u4fdd\u5b88\u2014\u4fdd\u5168 <\/a><\/span><\/li>\n<li><a href=\"https:\/\/ctce.com.vn\/cac-thiet-bi-tieu-bieu\/\"><span style=\"font-size: 13pt;\">\u30b1\u30df\u30ab\u30eb\u30d7\u30e9\u30f3\u30c8\u306e\u4e3b\u8981\u6a5f\u5668 <\/span><\/a><\/li>\n<li><a href=\"https:\/\/ctce.com.vn\/nang-luong-mat-troi\/\"><span style=\"font-size: 13pt;\">\u592a\u967d\u5149\u767a\u96fb\u30b7\u30b9\u30c6\u30e0 <\/span><\/a><\/li>\n<\/ul>\n<\/div>\n<p>&nbsp;<\/p><\/div>\n<p>[\/vc_column_text][vc_row_inner][vc_column_inner][vc_column_text text_larger=&#8221;no&#8221;][vc_row el_class=\"box-widget-1\" mobile_bg_img_hidden=\"no\" tablet_bg_img_hidden=\"no\" woodmart_parallax=\"0\" woodmart_gradient_switch=\"no\" row_reverse_mobile=\"0\" row_reverse_tablet=\"0\" woodmart_disable_overflow=\"0\"][vc_column mobile_bg_img_hidden=\"no\" tablet_bg_img_hidden=\"no\" woodmart_parallax=\"0\" woodmart_sticky_column=\"false\" el_class=\"box-category-home\" parallax_scroll=\"no\" mobile_reset_margin=\"no\" tablet_reset_margin=\"no\"][vc_column_text text_larger=\"no\" el_class=\"box-danh-muc-home\"]<a href=\"http:\/\/www.comi.vn\/\"><img class=\"alignnone wp-image-163 size-full aligncenter\" src=\"https:\/\/ctce.com.vn\/wp-content\/uploads\/2021\/04\/cee.jpg\" alt=\"\" width=\"235\" height=\"60\" \/><\/a>\r\n\r\nC\u01a1 kh\u00ed C\u00f4ng Minh[\/vc_column_text][vc_column_text text_larger=\"no\" el_class=\"box-danh-muc-home\"]<a href=\"https:\/\/phungluat.com.vn\/\"><img class=\"alignnone wp-image-166 size-full aligncenter\" src=\"https:\/\/ctce.com.vn\/wp-content\/uploads\/2021\/04\/pl.jpg\" alt=\"\" width=\"235\" height=\"60\" \/><\/a>\r\n\r\nPh\u1ee5ng Lu\u1eadt[\/vc_column_text][vc_column_text text_larger=\"no\" el_class=\"box-danh-muc-home\"]<a href=\"https:\/\/keevvn.com\/\"><img class=\"alignnone wp-image-165 size-full\" src=\"https:\/\/ctce.com.vn\/wp-content\/uploads\/2021\/04\/keev.jpg\" alt=\"\" width=\"235\" height=\"60\" \/><\/a>\r\n\r\nKEEV[\/vc_column_text][vc_column_text text_larger=\"no\" el_class=\"box-danh-muc-home\"]<img class=\"alignnone wp-image-164 size-full aligncenter\" src=\"https:\/\/ctce.com.vn\/wp-content\/uploads\/2021\/04\/fb.jpg\" alt=\"\" width=\"235\" height=\"60\" \/>\r\n\r\nFacebook[\/vc_column_text][vc_column_text text_larger=\"no\" el_class=\"box-danh-muc-home\"]<img class=\"alignnone wp-image-167 size-full aligncenter\" src=\"https:\/\/ctce.com.vn\/wp-content\/uploads\/2021\/04\/youtube.jpg\" alt=\"\" width=\"235\" height=\"60\" \/>\r\n\r\nYoutube[\/vc_column_text][\/vc_column][\/vc_row]<style data-type=\"vc_shortcodes-custom-css\"><\/style>[\/vc_column_text][\/vc_column_inner][\/vc_row_inner][\/vc_column][vc_column width=&#8221;3\/4&#8243; mobile_bg_img_hidden=&#8221;no&#8221; tablet_bg_img_hidden=&#8221;no&#8221; woodmart_parallax=&#8221;0&#8243; woodmart_sticky_column=&#8221;false&#8221; parallax_scroll=&#8221;no&#8221; mobile_reset_margin=&#8221;no&#8221; tablet_reset_margin=&#8221;no&#8221; el_class=&#8221;tieu-de-trang-sp&#8221;][vc_column_text text_larger=&#8221;no&#8221;]<\/p>\n<h3 style=\"text-align: center;\"><span style=\"color: #ff0000;\">\u30b1\u30df\u30ab\u30eb\u30d7\u30e9\u30f3\u30c8\u306e\u4e3b\u8981\u6a5f\u5668<\/span><\/h3>\n<p>[\/vc_column_text][vc_column_text text_larger=&#8221;no&#8221;]<span style=\"font-size: 14pt;\">\u5f0a\u793e\u306f\u30d7\u30e9\u30f3\u30c8\u3084\u30d7\u30ed\u30bb\u30b9\u306e\u5bfe\u5fdc\u3060\u3051\u3067\u306f\u306a\u304f\u3066\u3001\u6a5f\u5668\u5358\u4f53\u985e\u306e\u307f\u3067\u3082\u5bfe\u5fdc\u81f4\u3057\u307e\u3059\u3002<\/span>[\/vc_column_text][vc_row_inner][vc_column_inner width=&#8221;2\/5&#8243;][vc_single_image image=&#8221;363&#8243; img_size=&#8221;full&#8221; alignment=&#8221;center&#8221; parallax_scroll=&#8221;no&#8221;][\/vc_column_inner][vc_column_inner width=&#8221;3\/5&#8243;][vc_column_text text_larger=&#8221;no&#8221;]<span style=\"color: #ff0000;\"><strong>\u591a\u7ba1\u5f0f\u71b1\u4ea4\u63db\u5668<\/strong><\/span><\/p>\n<p style=\"text-align: justify;\">\u5f0a\u793e\u306f\u5404\u7a2e\u65b9\u5f0f\u30ea\u30dc\u30a4\u30e9\u30fc\uff08\u8584\u819c\u6cd5\u3001\u5f37\u5236\u5faa\u74b0\u6cd5\u3001\u30b5\u30fc\u30e2\u30b5\u30a4\u30d5\u30a9\u30f3\u6cd5\u3001\u30b1\u30c8\u30eb\u5f0f\u7b49\uff09\u53ca\u3073\u51dd\u7e2e\u5668\u7b49\u306e\u591a\u7ba1\u71b1\u4ea4\u63db\u5668\u306e\u6027\u80fd\u8a08\u7b97\u304b\u3089\u56f3\u9762\u4f5c\u6210\u3001\u88fd\u4f5c\u3001\u7d44\u7acb\u3001\u5727\u529b\u691c\u67fb\u627f\u8a8d\u307e\u3067\u5bfe\u5fdc\u3067\u304d\u307e\u3059\u3002<\/p>\n<p>[\/vc_column_text][\/vc_column_inner][\/vc_row_inner][vc_row_inner][vc_column_inner width=&#8221;2\/5&#8243;][vc_single_image image=&#8221;364&#8243; img_size=&#8221;full&#8221; alignment=&#8221;center&#8221; parallax_scroll=&#8221;no&#8221;][\/vc_column_inner][vc_column_inner width=&#8221;3\/5&#8243;][vc_column_text text_larger=&#8221;no&#8221;]<span style=\"color: #ff0000;\"><strong>\u84b8\u7559\u5854<\/strong><\/span><\/p>\n<p style=\"text-align: justify;\">\u5f0a\u793e\u306f\u3001\u68da\u6bb5\u5854\uff08\u30b7\u30fc\u30d6\u30c8\u30ec\u30a4\u3001\u30ad\u30e3\u30f3\u30d7\u30c8\u30ec\u30a4\uff09\u53ca\u3073\u5145\u586b\u5854\uff08\u898f\u5247\u5145\u586b\u7269\u3001\u4e0d\u898f\u5247\u5145\u586b\u7269\uff09\u306e\u6027\u80fd\u8a08\u7b97\u304b\u3089\u56f3\u9762\u4f5c\u6210\u3001\u88fd\u4f5c\u3001\u5145\u586b\u7269\u624b\u914d\u3001\u7d44\u7acb\u53ca\u3073\u5404\u7a2e\u691c\u67fb\u307e\u3067\u5bfe\u5fdc\u3057\u3066\u3044\u307e\u3059\u3002<\/p>\n<p>[\/vc_column_text][\/vc_column_inner][\/vc_row_inner][vc_row_inner][vc_column_inner width=&#8221;2\/5&#8243;][vc_single_image image=&#8221;365&#8243; img_size=&#8221;full&#8221; alignment=&#8221;center&#8221; parallax_scroll=&#8221;no&#8221;][\/vc_column_inner][vc_column_inner width=&#8221;3\/5&#8243;][vc_column_text text_larger=&#8221;no&#8221;]<strong><span style=\"color: #ff0000;\">\u53cd\u5fdc\u91dc\u53ca\u3073\u6df7\u5408\u69fd<\/span><\/strong><\/p>\n<p style=\"text-align: justify;\">\u5f0a\u793e\u306f\u3001\u64b9\u62cc\u6a5f\u4ed8\u304d\u3084\u30b8\u30e3\u30b1\u30c3\u30c8\u6709\u3084\u30b3\u30a4\u30eb\u4ed8\u304d\u3084\u7d44\u307f\u5408\u308f\u305b\u3082\u306e\u306e\u30cb\u30fc\u30ba\u306b\u5408\u308f\u305b\u305f\u5404\u7a2e\u53cd\u5fdc\u91dc\u53ca\u3073\u6df7\u5408\u69fd\u306e\u30ad\u30e3\u30d1\u30b7\u30c6\u30a3\u30fc\u6c7a\u5b9a\u304b\u3089\u8a2d\u8a08\u3001\u88fd\u4f5c\u3001\u7d44\u7acb\u3001\u5727\u529b\u691c\u67fb\u627f\u8a8d\u307e\u3067\u5bfe\u5fdc\u3057\u3066\u3044\u307e\u3059\u3002<\/p>\n<p>[\/vc_column_text][\/vc_column_inner][\/vc_row_inner][vc_row_inner][vc_column_inner width=&#8221;2\/5&#8243;][vc_single_image image=&#8221;366&#8243; img_size=&#8221;full&#8221; alignment=&#8221;center&#8221; parallax_scroll=&#8221;no&#8221;][\/vc_column_inner][vc_column_inner width=&#8221;3\/5&#8243;][vc_column_text text_larger=&#8221;no&#8221;]<span style=\"color: #ff0000;\"><strong>\u8caf\u8535\u30bf\u30f3\u30af<\/strong><\/span><\/p>\n<p style=\"text-align: justify;\">\u5f0a\u793e\u306f\u3001\u64b9\u62cc\u6a5f\u4ed8\u304d\u8caf\u8535\u69fd\u3001\u5c4b\u5916\u30bf\u30f3\u30af\u3001\u73fe\u5730\u88fd\u4f5c\u30bf\u30f3\u30af\u306a\u3069\u306e\u69fd\u985e\u306e\u4ed5\u69d8\u6c7a\u5b9a\u304b\u3089\u8a2d\u8a08\u3001\u88fd\u4f5c\u3001\u5404\u7a2e\u691c\u67fb\u627f\u8a8d\u307e\u3067\u5bfe\u5fdc\u3057\u3066\u3044\u307e\u3059\u3002<\/p>\n<p>[\/vc_column_text][\/vc_column_inner][\/vc_row_inner][vc_row_inner][vc_column_inner width=&#8221;2\/5&#8243;][vc_single_image image=&#8221;367&#8243; img_size=&#8221;full&#8221; alignment=&#8221;center&#8221; parallax_scroll=&#8221;no&#8221;][\/vc_column_inner][vc_column_inner width=&#8221;3\/5&#8243;][vc_column_text text_larger=&#8221;no&#8221;]<span style=\"color: #ff0000;\"><strong>\u5165\u6a5f\u5668<\/strong><\/span><\/p>\n<p>\u5f0a\u793e\u306f\u3001\u4f7f\u7528\u6761\u4ef6\u306b\u3088\u308a\u30dd\u30f3\u30d7\u3001\u71b1\u4ea4\u63db\u5668\u3001\u30d6\u30ed\u30ef\u30fc\u3001\u30e6\u30fc\u30c6\u30a3\u30ea\u30c6\u30a3\u30fc\u6a5f\u5668\u985e\u7b49\u306e\u8cfc\u5165\u6a5f\u5668\u306e\u80fd\u529b\u6c7a\u5b9a\u304b\u3089\u578b\u5f0f\u9078\u5b9a\u3001\u30e1\u30fc\u30ab\u30fc\u9078\u5b9a\u3001\u8abf\u9054\u3001\u73fe\u5730\u636e\u4ed8\u307e\u3067\u5bfe\u5fdc\u3057\u3066\u3044\u307e\u3059\u3002[\/vc_column_text][\/vc_column_inner][\/vc_row_inner][\/vc_column][\/vc_row]<\/p>\n<p><\/p>","protected":false},"excerpt":{"rendered":"<p>[vc_row][vc_column w<\/p>\n","protected":false},"author":3,"featured_media":193,"parent":0,"menu_order":0,"comment_status":"closed","ping_status":"closed","template":"","meta":[],"_links":{"self":[{"href":"https:\/\/ctce.com.vn\/ja\/wp-json\/wp\/v2\/pages\/195"}],"collection":[{"href":"https:\/\/ctce.com.vn\/ja\/wp-json\/wp\/v2\/pages"}],"about":[{"href":"https:\/\/ctce.com.vn\/ja\/wp-json\/wp\/v2\/types\/page"}],"author":[{"embeddable":true,"href":"https:\/\/ctce.com.vn\/ja\/wp-json\/wp\/v2\/users\/3"}],"replies":[{"embeddable":true,"href":"https:\/\/ctce.com.vn\/ja\/wp-json\/wp\/v2\/comments?post=195"}],"version-history":[{"count":0,"href":"https:\/\/ctce.com.vn\/ja\/wp-json\/wp\/v2\/pages\/195\/revisions"}],"wp:featuredmedia":[{"embeddable":true,"href":"https:\/\/ctce.com.vn\/ja\/wp-json\/wp\/v2\/media\/193"}],"wp:attachment":[{"href":"https:\/\/ctce.com.vn\/ja\/wp-json\/wp\/v2\/media?parent=195"}],"curies":[{"name":"wp","href":"https:\/\/api.w.org\/{rel}","templated":true}]}}