{"id":180,"date":"2021-08-04T17:17:29","date_gmt":"2021-08-04T10:17:29","guid":{"rendered":"https:\/\/ctce.com.vn\/?page_id=180"},"modified":"2021-09-28T09:02:49","modified_gmt":"2021-09-28T02:02:49","slug":"dac-trung-va-the-manh","status":"publish","type":"page","link":"https:\/\/ctce.com.vn\/ja\/dac-trung-va-the-manh\/","title":{"rendered":"\u79c1\u305f\u3061\u306e\u7279\u5fb4\u53ca\u3073\u5f37\u307f"},"content":{"rendered":"<p>[vc_row el_class=\"box-widget-1\" mobile_bg_img_hidden=\"no\" tablet_bg_img_hidden=\"no\" woodmart_parallax=\"0\" woodmart_gradient_switch=\"no\" row_reverse_mobile=\"0\" row_reverse_tablet=\"0\" woodmart_disable_overflow=\"0\"][vc_column mobile_bg_img_hidden=\"no\" tablet_bg_img_hidden=\"no\" woodmart_parallax=\"0\" woodmart_sticky_column=\"false\" el_class=\"box-category-home\" parallax_scroll=\"no\" mobile_reset_margin=\"no\" tablet_reset_margin=\"no\"][vc_column_text text_larger=\"no\" el_class=\"box-danh-muc-home\"]<a href=\"http:\/\/www.comi.vn\/\"><img class=\"alignnone wp-image-163 size-full aligncenter\" src=\"https:\/\/ctce.com.vn\/wp-content\/uploads\/2021\/04\/cee.jpg\" alt=\"\" width=\"235\" height=\"60\" \/><\/a>\r\n\r\nC\u01a1 kh\u00ed C\u00f4ng Minh[\/vc_column_text][vc_column_text text_larger=\"no\" el_class=\"box-danh-muc-home\"]<a href=\"https:\/\/phungluat.com.vn\/\"><img class=\"alignnone wp-image-166 size-full aligncenter\" src=\"https:\/\/ctce.com.vn\/wp-content\/uploads\/2021\/04\/pl.jpg\" alt=\"\" width=\"235\" height=\"60\" \/><\/a>\r\n\r\nPh\u1ee5ng Lu\u1eadt[\/vc_column_text][vc_column_text text_larger=\"no\" el_class=\"box-danh-muc-home\"]<a href=\"https:\/\/keevvn.com\/\"><img class=\"alignnone wp-image-165 size-full\" src=\"https:\/\/ctce.com.vn\/wp-content\/uploads\/2021\/04\/keev.jpg\" alt=\"\" width=\"235\" height=\"60\" \/><\/a>\r\n\r\nKEEV[\/vc_column_text][vc_column_text text_larger=\"no\" el_class=\"box-danh-muc-home\"]<img class=\"alignnone wp-image-164 size-full aligncenter\" src=\"https:\/\/ctce.com.vn\/wp-content\/uploads\/2021\/04\/fb.jpg\" alt=\"\" width=\"235\" height=\"60\" \/>\r\n\r\nFacebook[\/vc_column_text][vc_column_text text_larger=\"no\" el_class=\"box-danh-muc-home\"]<img class=\"alignnone wp-image-167 size-full aligncenter\" src=\"https:\/\/ctce.com.vn\/wp-content\/uploads\/2021\/04\/youtube.jpg\" alt=\"\" width=\"235\" height=\"60\" \/>\r\n\r\nYoutube[\/vc_column_text][\/vc_column][\/vc_row]<style data-type=\"vc_shortcodes-custom-css\"><\/style>[\/vc_column_text][\/vc_column_inner][\/vc_row_inner][\/vc_column][vc_column width=&#8221;3\/4&#8243; mobile_bg_img_hidden=&#8221;no&#8221; tablet_bg_img_hidden=&#8221;no&#8221; woodmart_parallax=&#8221;0&#8243; woodmart_sticky_column=&#8221;false&#8221; parallax_scroll=&#8221;no&#8221; mobile_reset_margin=&#8221;no&#8221; tablet_reset_margin=&#8221;no&#8221; el_class=&#8221;tieu-de-trang-sp&#8221;][vc_column_text text_larger=&#8221;no&#8221;]<\/p>\n<h3 style=\"text-align: center;\"><span style=\"color: #ff0000;\">\u0110\u1eb6C TR\u01afNG V\u00c0 TH\u1ebe M\u1ea0NH<\/span><\/h3>\n<p>[\/vc_column_text][vc_row_inner el_class=&#8221;form-ho-so-ct&#8221; row_reverse_mobile=&#8221;0&#8243; row_reverse_tablet=&#8221;0&#8243;][vc_column_inner][vc_column_text text_larger=&#8221;no&#8221;]<\/p>\n<p style=\"text-align: justify;\"><span style=\"font-size: 14pt;\">\u2705\u00a0Ch\u00fang t\u00f4i thi\u1ebft k\u1ebf t\u1eeb m\u1ed9t b\u1ea3n v\u1ebd ho\u1eb7c cung c\u1ea5p m\u1ed9t chi ti\u1ebft nh\u1ecf cho t\u1edbi m\u1ed9t d\u1ef1 \u00e1n EPC (t\u1eeb thi\u1ebft k\u1ebf, mua h\u00e0ng, thi c\u00f4ng l\u1eafp \u0111\u1eb7t v\u00e0 v\u1eadn h\u00e0nh b\u00e0n giao). V\u00e0 h\u01a1n n\u1eefa l\u00e0 c\u00e1c d\u1ecbch v\u1ee5 b\u1ea3o d\u01b0\u1ee1ng, ch\u1ec9nh s\u1eeda v\u00e0 c\u1ea3i ti\u1ebfn thi\u1ebft b\u1ecb. Ch\u00fang t\u00f4i \u0111\u1ec1u c\u00f3 th\u1ec3 \u0111\u00e1p \u1ee9ng \u0111\u1ea7y \u0111\u1ee7 t\u00f9y theo y\u00eau c\u1ea7u c\u1ee7a kh\u00e1ch h\u00e0ng.<\/span><\/p>\n<p style=\"text-align: justify;\"><span style=\"font-size: 14pt;\">\u2705 D\u1ef1 \u00e1n \u0111\u01b0\u1ee3c th\u1ef1c hi\u1ec7n b\u1edfi \u0111\u1ed9i ng\u0169 k\u1ef9 s\u01b0 thi\u1ebft k\u1ebf, qu\u1ea3n l\u00fd d\u1ef1 \u00e1n nhi\u1ec1u kinh nghi\u1ec7m v\u00e0 c\u00f3 th\u1ec3 giao ti\u1ebfp t\u1ed1t b\u1eb1ng ti\u1ebfng Anh, ti\u1ebfng Vi\u1ec7t v\u00e0 c\u1ea3 ti\u1ebfng Nh\u1eadt.<\/span><\/p>\n<p style=\"text-align: justify;\"><span style=\"font-size: 14pt;\">\u2705 Ch\u00fang t\u00f4i theo d\u00f5i s\u00e1t sao c\u00e1c m\u1eb7t v\u1ec1 an to\u00e0n, ch\u1ea5t l\u01b0\u1ee3ng, ti\u1ebfn \u0111\u1ed9. \u0110\u1ec3 \u0111\u00e1p \u1ee9ng t\u1ed1i \u0111a nhu c\u1ea7u v\u00e0 tin t\u01b0\u1edfng c\u1ee7a kh\u00e1ch h\u00e0ng<\/span><\/p>\n<p style=\"text-align: justify;\"><span style=\"font-size: 14pt;\">\u2705 Ch\u00fang t\u00f4i n\u1eafm r\u00f5 c\u00e1c ti\u00eau chu\u1ea9n v\u00e0 lu\u1eadt trong n\u01b0\u1edbc c\u1ee7a Vi\u1ec7t Nam, <\/span><span style=\"font-size: 14pt;\">\u0111\u1ed3ng th\u1eddi c\u00f3 th\u1ec3 linh ho\u1ea1t s\u1eed d\u1ee5ng c\u00e1c ti\u00eau chu\u1ea9n qu\u1ed1c t\u1ebf nh\u01b0 ASME, JIS,&#8230; \u0111\u1ec3 \u0111\u01b0a ra ph\u01b0\u01a1ng \u00e1n thi\u1ebft k\u1ebf t\u1ed1i \u01b0u nh\u1ea5t v\u1ec1 thi\u1ebft b\u1ecb v\u00e0 h\u1ec7 th\u1ed1ng.<\/span><\/p>\n<p style=\"text-align: justify;\"><span style=\"font-size: 14pt;\">\u2705 Ch\u00fang t\u00f4i c\u00f3 th\u1ec3 \u0111\u1ec1 xu\u1ea5t nhi\u1ec1u c\u00f4ng ngh\u1ec7 cao v\u1edbi hi\u1ec7u qu\u1ea3 \u0111\u00e1ng tin c\u1eady cho kh\u00e1ch h\u00e0ng t\u1ea1i Vi\u1ec7t Nam b\u1eb1ng c\u00e1ch k\u1ebft h\u1ee3p v\u00e0 h\u1ee3p t\u00e1c v\u1edbi c\u00e1c c\u00f4ng ty c\u00f4ng ngh\u1ec7 n\u01b0\u1edbc ngo\u00e0i.<\/span><\/p>\n<p style=\"text-align: justify;\"><span style=\"font-size: 14pt;\"><img loading=\"lazy\" class=\"size-full wp-image-185\" src=\"https:\/\/ctce.com.vn\/wp-content\/uploads\/2021\/08\/5.png\" alt=\"\" width=\"1920\" height=\"1285\" \/><\/span><\/p>\n<p>[\/vc_column_text][\/vc_column_inner][\/vc_row_inner][\/vc_column][\/vc_row][vc_row el_class=\"box-widget-1\" mobile_bg_img_hidden=\"no\" tablet_bg_img_hidden=\"no\" woodmart_parallax=\"0\" woodmart_gradient_switch=\"no\" row_reverse_mobile=\"0\" row_reverse_tablet=\"0\" woodmart_disable_overflow=\"0\"][vc_column mobile_bg_img_hidden=\"no\" tablet_bg_img_hidden=\"no\" woodmart_parallax=\"0\" woodmart_sticky_column=\"false\" el_class=\"box-category-home\" parallax_scroll=\"no\" mobile_reset_margin=\"no\" tablet_reset_margin=\"no\"][vc_column_text text_larger=\"no\" el_class=\"box-danh-muc-home\"]<a href=\"http:\/\/www.comi.vn\/\"><img class=\"alignnone wp-image-163 size-full aligncenter\" src=\"https:\/\/ctce.com.vn\/wp-content\/uploads\/2021\/04\/cee.jpg\" alt=\"\" width=\"235\" height=\"60\" \/><\/a>\r\n\r\nC\u01a1 kh\u00ed C\u00f4ng Minh[\/vc_column_text][vc_column_text text_larger=\"no\" el_class=\"box-danh-muc-home\"]<a href=\"https:\/\/phungluat.com.vn\/\"><img class=\"alignnone wp-image-166 size-full aligncenter\" src=\"https:\/\/ctce.com.vn\/wp-content\/uploads\/2021\/04\/pl.jpg\" alt=\"\" width=\"235\" height=\"60\" \/><\/a>\r\n\r\nPh\u1ee5ng Lu\u1eadt[\/vc_column_text][vc_column_text text_larger=\"no\" el_class=\"box-danh-muc-home\"]<a href=\"https:\/\/keevvn.com\/\"><img class=\"alignnone wp-image-165 size-full\" src=\"https:\/\/ctce.com.vn\/wp-content\/uploads\/2021\/04\/keev.jpg\" alt=\"\" width=\"235\" height=\"60\" \/><\/a>\r\n\r\nKEEV[\/vc_column_text][vc_column_text text_larger=\"no\" el_class=\"box-danh-muc-home\"]<img class=\"alignnone wp-image-164 size-full aligncenter\" src=\"https:\/\/ctce.com.vn\/wp-content\/uploads\/2021\/04\/fb.jpg\" alt=\"\" width=\"235\" height=\"60\" \/>\r\n\r\nFacebook[\/vc_column_text][vc_column_text text_larger=\"no\" el_class=\"box-danh-muc-home\"]<img class=\"alignnone wp-image-167 size-full aligncenter\" src=\"https:\/\/ctce.com.vn\/wp-content\/uploads\/2021\/04\/youtube.jpg\" alt=\"\" width=\"235\" height=\"60\" \/>\r\n\r\nYoutube[\/vc_column_text][\/vc_column][\/vc_row]<style data-type=\"vc_shortcodes-custom-css\"><\/style>[\/vc_column_text][\/vc_column_inner][\/vc_row_inner][\/vc_column][vc_column width=&#8221;3\/4&#8243; mobile_bg_img_hidden=&#8221;no&#8221; tablet_bg_img_hidden=&#8221;no&#8221; woodmart_parallax=&#8221;0&#8243; woodmart_sticky_column=&#8221;false&#8221; parallax_scroll=&#8221;no&#8221; mobile_reset_margin=&#8221;no&#8221; tablet_reset_margin=&#8221;no&#8221; el_class=&#8221;tieu-de-trang-sp&#8221;][vc_column_text text_larger=&#8221;no&#8221;]<\/p>\n<h3 style=\"text-align: center;\"><span style=\"color: #ff0000;\">CHARACTERISTICS AND STRENGTHS<\/span><\/h3>\n<p>[\/vc_column_text][vc_row_inner el_class=&#8221;form-ho-so-ct&#8221; row_reverse_mobile=&#8221;0&#8243; row_reverse_tablet=&#8221;0&#8243;][vc_column_inner][vc_column_text text_larger=&#8221;no&#8221;]<\/p>\n<p style=\"text-align: justify;\"><span style=\"font-size: 14pt;\">\u2705\u00a0From one drawing or supply one Spare part to EPC plant project (From engineering, procurement, construction, and commissioning). Furthermore for after-maintenance, equipment modification, and improvement. We will respond widely according to customer requests. <\/span><\/p>\n<p style=\"text-align: justify;\"><span style=\"font-size: 14pt;\">\u2705 The project is conducted by experienced Engineers, Designers, and Project Managers. They can communicate naturally in English and Japanese.<\/span><\/p>\n<p style=\"text-align: justify;\"><span style=\"font-size: 14pt;\">\u2705 We firmly manage safety, quality, delivery time, and cost according to customer&#8217;s requests and needs<\/span><\/p>\n<p style=\"text-align: justify;\"><span style=\"font-size: 14pt;\">\u2705 We are familiar with Vietnam&#8217;s domestic laws and standards, and can flexibly use international design standards as ASME and JIS to propose optimal equipment and plant design.<\/span><\/p>\n<p style=\"text-align: justify;\"><span style=\"font-size: 14pt;\">\u2705 We can propose high know-how with reliable performance to Vietnam customers with cooperated manufacturers in international.<\/span><\/p>\n<p style=\"text-align: justify;\"><span style=\"font-size: 14pt;\"><img loading=\"lazy\" class=\"size-full wp-image-185\" src=\"https:\/\/ctce.com.vn\/wp-content\/uploads\/2021\/08\/5.png\" alt=\"\" width=\"1920\" height=\"1285\" \/><\/span><\/p>\n<p>[\/vc_column_text][\/vc_column_inner][\/vc_row_inner][\/vc_column][\/vc_row][vc_row][vc_column width=&#8221;1\/4&#8243; mobile_bg_img_hidden=&#8221;no&#8221; tablet_bg_img_hidden=&#8221;no&#8221; woodmart_parallax=&#8221;0&#8243; woodmart_sticky_column=&#8221;false&#8221; parallax_scroll=&#8221;no&#8221; mobile_reset_margin=&#8221;no&#8221; tablet_reset_margin=&#8221;no&#8221;][vc_column_text text_larger=&#8221;no&#8221; el_class=&#8221;sidebar-inner woodmart-sidebar-scroll&#8221;]<\/p>\n<div class=\"menu-chuyen-muc widget-area woodmart-sidebar-content\">\n<h3><span style=\"font-size: 13pt;\">\u4f1a\u793e\u6982\u8981<\/span><\/h3>\n<ul>\n<li><span style=\"font-size: 13pt;\"><a href=\"https:\/\/ctce.com.vn\/ho-so-cong-ty\/\">\u4f1a\u793e\u6982\u8981<\/a><\/span><\/li>\n<li class=\"co-link\"><span style=\"font-size: 13pt;\"><a href=\"https:\/\/ctce.com.vn\/thong-diep-cong-ty\/\">\u4f1a\u793e\u30e1\u30c3\u30bb\u30fc\u30b8<\/a><\/span><\/li>\n<li class=\"co-link\"><span style=\"font-size: 13pt;\"><a href=\"https:\/\/ctce.com.vn\/dac-trung-va-the-manh\/\">\u79c1\u305f\u3061\u306e\u7279\u5fb4\u53ca\u3073\u5f37\u307f<\/a><\/span><\/li>\n<li class=\"co-link\"><span style=\"font-size: 13pt;\"><a href=\"https:\/\/ctce.com.vn\/so-do-to-chuc\/\">\u7d44\u7e54<\/a><\/span><\/li>\n<li class=\"co-link\"><span style=\"font-size: 13pt;\"><a href=\"https:\/\/ctce.com.vn\/ban-do\/\">\u5730\u56f3<\/a><\/span><\/li>\n<\/ul>\n<\/div>\n<p>[\/vc_column_text][vc_row_inner][vc_column_inner][vc_column_text text_larger=&#8221;no&#8221;][vc_row el_class=\"box-widget-1\" mobile_bg_img_hidden=\"no\" tablet_bg_img_hidden=\"no\" woodmart_parallax=\"0\" woodmart_gradient_switch=\"no\" row_reverse_mobile=\"0\" row_reverse_tablet=\"0\" woodmart_disable_overflow=\"0\"][vc_column mobile_bg_img_hidden=\"no\" tablet_bg_img_hidden=\"no\" woodmart_parallax=\"0\" woodmart_sticky_column=\"false\" el_class=\"box-category-home\" parallax_scroll=\"no\" mobile_reset_margin=\"no\" tablet_reset_margin=\"no\"][vc_column_text text_larger=\"no\" el_class=\"box-danh-muc-home\"]<a href=\"http:\/\/www.comi.vn\/\"><img class=\"alignnone wp-image-163 size-full aligncenter\" src=\"https:\/\/ctce.com.vn\/wp-content\/uploads\/2021\/04\/cee.jpg\" alt=\"\" width=\"235\" height=\"60\" \/><\/a>\r\n\r\nC\u01a1 kh\u00ed C\u00f4ng Minh[\/vc_column_text][vc_column_text text_larger=\"no\" el_class=\"box-danh-muc-home\"]<a href=\"https:\/\/phungluat.com.vn\/\"><img class=\"alignnone wp-image-166 size-full aligncenter\" src=\"https:\/\/ctce.com.vn\/wp-content\/uploads\/2021\/04\/pl.jpg\" alt=\"\" width=\"235\" height=\"60\" \/><\/a>\r\n\r\nPh\u1ee5ng Lu\u1eadt[\/vc_column_text][vc_column_text text_larger=\"no\" el_class=\"box-danh-muc-home\"]<a href=\"https:\/\/keevvn.com\/\"><img class=\"alignnone wp-image-165 size-full\" src=\"https:\/\/ctce.com.vn\/wp-content\/uploads\/2021\/04\/keev.jpg\" alt=\"\" width=\"235\" height=\"60\" \/><\/a>\r\n\r\nKEEV[\/vc_column_text][vc_column_text text_larger=\"no\" el_class=\"box-danh-muc-home\"]<img class=\"alignnone wp-image-164 size-full aligncenter\" src=\"https:\/\/ctce.com.vn\/wp-content\/uploads\/2021\/04\/fb.jpg\" alt=\"\" width=\"235\" height=\"60\" \/>\r\n\r\nFacebook[\/vc_column_text][vc_column_text text_larger=\"no\" el_class=\"box-danh-muc-home\"]<img class=\"alignnone wp-image-167 size-full aligncenter\" src=\"https:\/\/ctce.com.vn\/wp-content\/uploads\/2021\/04\/youtube.jpg\" alt=\"\" width=\"235\" height=\"60\" \/>\r\n\r\nYoutube[\/vc_column_text][\/vc_column][\/vc_row]<style data-type=\"vc_shortcodes-custom-css\"><\/style>[\/vc_column_text][\/vc_column_inner][\/vc_row_inner][\/vc_column][vc_column width=&#8221;3\/4&#8243; mobile_bg_img_hidden=&#8221;no&#8221; tablet_bg_img_hidden=&#8221;no&#8221; woodmart_parallax=&#8221;0&#8243; woodmart_sticky_column=&#8221;false&#8221; parallax_scroll=&#8221;no&#8221; mobile_reset_margin=&#8221;no&#8221; tablet_reset_margin=&#8221;no&#8221; el_class=&#8221;tieu-de-trang-sp&#8221;][vc_column_text text_larger=&#8221;no&#8221;]<\/p>\n<h3 style=\"text-align: center;\"><span style=\"color: #ff0000;\">\u79c1\u305f\u3061\u306e\u7279\u5fb4\u53ca\u3073\u5f37\u307f<\/span><\/h3>\n<p>[\/vc_column_text][vc_row_inner el_class=&#8221;form-ho-so-ct&#8221; row_reverse_mobile=&#8221;0&#8243; row_reverse_tablet=&#8221;0&#8243;][vc_column_inner][vc_column_text text_larger=&#8221;no&#8221;]<\/p>\n<p style=\"text-align: justify;\"><span style=\"font-size: 14pt;\">\u2705\u00a0\u56f3\u97621\u679a\u88fd\u56f3\u3084\u90e8\u54c11\u500b\u4f9b\u7d66\u304b\u3089EPC\u30d7\u30e9\u30f3\u30c8\u7e8f\u3081\uff08\u30a8\u30f3\u30b8\u30cb\u30a2\u30ea\u30f3\u30b0\u30fb\u8abf\u9054\u30fb\u5efa\u8a2d\u30fb\u8a66\u904b\u8ee2\uff09\u307e\u3067\u3001\u66f4\u306b\u30a2\u30d5\u30bf\u30fc\u30b5\u30d3\u30fc\u30b9\u3084\u8a2d\u5099\u306e\u6539\u9020.\u6539\u5584\u7b49\u306e\u3054\u63d0\u6848\u8fc4\u81f4\u3057\u307e\u3059\u3002\u30a8\u30f3\u30c9\u30e6\u30fc\u30b6\u69d8\u306e\u30cb\u30fc\u30ba\u306b\u5fdc\u3058\u3066\u5e45\u5e83\u304f\u5bfe\u5fdc\u81f4\u3057\u307e\u3059\u3002<\/span><\/p>\n<p style=\"text-align: justify;\"><span style=\"font-size: 14pt;\">\u2705 \u7d4c\u9a13\u304c\u5bcc\u3093\u3060\u6280\u8853\u8005\u3001\u8a2d\u8a08\u8005\u53ca\u3073\u30d7\u30ed\u30b8\u30a7\u30af\u30c8\u7ba1\u7406\u8005\u304c\u6848\u4ef6\u3092\u63a8\u9032\u3057\u3066\u304a\u308a\u307e\u3059\u3002\u306a\u304a\u3001\u6280\u8853\u8005\u306f\u30d9\u30c8\u30ca\u30e0\u8a9e\u3001\u65e5\u672c\u8a9e\u53ca\u3073\u82f1\u8a9e\u306b\u5bfe\u5fdc\u3057\u3066\u304a\u308a\u3001\u8a2d\u8a08\u8005\u53ca\u3073\u30d7\u30ed\u30b8\u30a7\u30af\u30c8\u7ba1\u7406\u8005\u306f\u30d9\u30c8\u30ca\u30e0\u8a9e\u53ca\u3073\u30cd\u30c6\u30a3\u30d6\u306a\u82f1\u8a9e\u306b\u3066\u5bfe\u5fdc\u3057\u3066\u3044\u307e\u3059\u3002<\/span><\/p>\n<p style=\"text-align: justify;\"><span style=\"font-size: 14pt;\">\u2705 \u5ba2\u69d8\u306e\u4fe1\u983c\u53ca\u3073\u8981\u671b\u306b\u6cbf\u3063\u3066\u3001\u5b89\u5168\u3001\u54c1\u8cea\u3001\u7d0d\u671f\u53ca\u3073\u30b3\u30b9\u30c8\u3092\u3057\u3063\u304b\u308a\u7ba1\u7406\u3057\u307e\u3059\u3002<\/span><\/p>\n<p style=\"text-align: justify;\"><span style=\"font-size: 14pt;\">\u2705 \u30d9\u30c8\u30ca\u30e0\u56fd\u5185\u6cd5\u898f\u3084\u898f\u683c\u306b\u7cbe\u901a\u3057\u3066\u304a\u308a\u3001\u56fd\u969b\u8a2d\u8a08\u898f\u683c\u3067\u3042\u308bASME\u3084JIS\u7b49\u3092\u67d4\u8edf\u6027\u306b\u5229\u7528\u3057\u3001\u304a\u5ba2\u69d8\u3078\u6700\u9069\u6a5f\u5668\u3001\u8a2d\u5099\u53ca\u3073\u30d7\u30e9\u30f3\u30c8\u306e\u8a2d\u8a08\u63d0\u6848\u306b\u5bfe\u5fdc\u3057\u3066\u3044\u307e\u3059\u3002<\/span><\/p>\n<p style=\"text-align: justify;\"><span style=\"font-size: 14pt;\">\u2705 \u65e5\u672c\u7b49\u306b\u3042\u308b\u9ad8\u5ea6\u306a\u5c02\u9580\u30e1\u30fc\u30ab\u30fc\u3068\u7d44\u3093\u3067\u3001\u5c02\u5c5e\u6027\u306e\u9ad8\u3044\u8a2d\u5099\u30ce\u30a6\u30cf\u30a6\u3092\u6d3b\u304b\u3057\u3066\u3001\u30d9\u30c8\u30ca\u30e0\u306b\u3042\u308b\u30a8\u30f3\u30c9\u30e6\u30fc\u30b6\u69d8\u3078\u78ba\u5b9f\u306a\u6027\u80fd\u6301\u3061\u306e\u8a2d\u5099\u306e\u63d0\u6848\u306f\u5bfe\u5fdc\u53ef\u80fd\u3067\u3059\u3002<\/span><\/p>\n<p style=\"text-align: justify;\"><span style=\"font-size: 14pt;\"><img loading=\"lazy\" class=\"size-full wp-image-185\" src=\"https:\/\/ctce.com.vn\/wp-content\/uploads\/2021\/08\/5.png\" alt=\"\" width=\"1920\" height=\"1285\" \/><\/span><\/p>\n<p>[\/vc_column_text][\/vc_column_inner][\/vc_row_inner][\/vc_column][\/vc_row]<\/p>","protected":false},"excerpt":{"rendered":"<p>[vc_row][vc_column w<\/p>\n","protected":false},"author":3,"featured_media":185,"parent":0,"menu_order":0,"comment_status":"closed","ping_status":"closed","template":"","meta":[],"_links":{"self":[{"href":"https:\/\/ctce.com.vn\/ja\/wp-json\/wp\/v2\/pages\/180"}],"collection":[{"href":"https:\/\/ctce.com.vn\/ja\/wp-json\/wp\/v2\/pages"}],"about":[{"href":"https:\/\/ctce.com.vn\/ja\/wp-json\/wp\/v2\/types\/page"}],"author":[{"embeddable":true,"href":"https:\/\/ctce.com.vn\/ja\/wp-json\/wp\/v2\/users\/3"}],"replies":[{"embeddable":true,"href":"https:\/\/ctce.com.vn\/ja\/wp-json\/wp\/v2\/comments?post=180"}],"version-history":[{"count":0,"href":"https:\/\/ctce.com.vn\/ja\/wp-json\/wp\/v2\/pages\/180\/revisions"}],"wp:featuredmedia":[{"embeddable":true,"href":"https:\/\/ctce.com.vn\/ja\/wp-json\/wp\/v2\/media\/185"}],"wp:attachment":[{"href":"https:\/\/ctce.com.vn\/ja\/wp-json\/wp\/v2\/media?parent=180"}],"curies":[{"name":"wp","href":"https:\/\/api.w.org\/{rel}","templated":true}]}}