{"id":179,"date":"2021-08-04T17:15:18","date_gmt":"2021-08-04T10:15:18","guid":{"rendered":"https:\/\/ctce.com.vn\/?page_id=179"},"modified":"2021-09-28T09:05:41","modified_gmt":"2021-09-28T02:05:41","slug":"thong-diep-cong-ty","status":"publish","type":"page","link":"https:\/\/ctce.com.vn\/ja\/thong-diep-cong-ty\/","title":{"rendered":"\u4f1a\u793e\u30e1\u30c3\u30bb\u30fc\u30b8"},"content":{"rendered":"<p>[vc_row el_class=\"box-widget-1\" mobile_bg_img_hidden=\"no\" tablet_bg_img_hidden=\"no\" woodmart_parallax=\"0\" woodmart_gradient_switch=\"no\" row_reverse_mobile=\"0\" row_reverse_tablet=\"0\" woodmart_disable_overflow=\"0\"][vc_column mobile_bg_img_hidden=\"no\" tablet_bg_img_hidden=\"no\" woodmart_parallax=\"0\" woodmart_sticky_column=\"false\" el_class=\"box-category-home\" parallax_scroll=\"no\" mobile_reset_margin=\"no\" tablet_reset_margin=\"no\"][vc_column_text text_larger=\"no\" el_class=\"box-danh-muc-home\"]<a href=\"http:\/\/www.comi.vn\/\"><img class=\"alignnone wp-image-163 size-full aligncenter\" src=\"https:\/\/ctce.com.vn\/wp-content\/uploads\/2021\/04\/cee.jpg\" alt=\"\" width=\"235\" height=\"60\" \/><\/a>\r\n\r\nC\u01a1 kh\u00ed C\u00f4ng Minh[\/vc_column_text][vc_column_text text_larger=\"no\" el_class=\"box-danh-muc-home\"]<a href=\"https:\/\/phungluat.com.vn\/\"><img class=\"alignnone wp-image-166 size-full aligncenter\" src=\"https:\/\/ctce.com.vn\/wp-content\/uploads\/2021\/04\/pl.jpg\" alt=\"\" width=\"235\" height=\"60\" \/><\/a>\r\n\r\nPh\u1ee5ng Lu\u1eadt[\/vc_column_text][vc_column_text text_larger=\"no\" el_class=\"box-danh-muc-home\"]<a href=\"https:\/\/keevvn.com\/\"><img class=\"alignnone wp-image-165 size-full\" src=\"https:\/\/ctce.com.vn\/wp-content\/uploads\/2021\/04\/keev.jpg\" alt=\"\" width=\"235\" height=\"60\" \/><\/a>\r\n\r\nKEEV[\/vc_column_text][vc_column_text text_larger=\"no\" el_class=\"box-danh-muc-home\"]<img class=\"alignnone wp-image-164 size-full aligncenter\" src=\"https:\/\/ctce.com.vn\/wp-content\/uploads\/2021\/04\/fb.jpg\" alt=\"\" width=\"235\" height=\"60\" \/>\r\n\r\nFacebook[\/vc_column_text][vc_column_text text_larger=\"no\" el_class=\"box-danh-muc-home\"]<img class=\"alignnone wp-image-167 size-full aligncenter\" src=\"https:\/\/ctce.com.vn\/wp-content\/uploads\/2021\/04\/youtube.jpg\" alt=\"\" width=\"235\" height=\"60\" \/>\r\n\r\nYoutube[\/vc_column_text][\/vc_column][\/vc_row]<style data-type=\"vc_shortcodes-custom-css\"><\/style>[\/vc_column_text][\/vc_column_inner][\/vc_row_inner][\/vc_column][vc_column width=&#8221;3\/4&#8243; mobile_bg_img_hidden=&#8221;no&#8221; tablet_bg_img_hidden=&#8221;no&#8221; woodmart_parallax=&#8221;0&#8243; woodmart_sticky_column=&#8221;false&#8221; parallax_scroll=&#8221;no&#8221; mobile_reset_margin=&#8221;no&#8221; tablet_reset_margin=&#8221;no&#8221; el_class=&#8221;tieu-de-trang-sp&#8221;][vc_column_text text_larger=&#8221;no&#8221;]<\/p>\n<h3 style=\"text-align: center;\"><span style=\"color: #ff0000;\">TH\u00d4NG \u0110I\u1ec6P C\u00d4NG TY<\/span><\/h3>\n<p>[\/vc_column_text][vc_row_inner el_class=&#8221;form-ho-so-ct&#8221; row_reverse_mobile=&#8221;0&#8243; row_reverse_tablet=&#8221;0&#8243;][vc_column_inner width=&#8221;1\/2&#8243;][vc_column_text text_larger=&#8221;no&#8221;]<\/p>\n<p style=\"text-align: center;\"><span style=\"color: #99cc00;\"><strong><span style=\"font-size: 14pt;\">T\u1ea6M NH\u00ccN<\/span><\/strong><\/span><\/p>\n<p style=\"text-align: justify;\"><span style=\"font-size: 14pt;\">C\u00f4ng ty TNHH CT Chemical Engineering \u0111\u1ecbnh h\u01b0\u1edbng \u0111\u1ec3 tr\u1edf th\u00e0nh c\u00f4ng ty t\u1ed5ng th\u1ea7u c\u00f4ng ngh\u1ec7 v\u1ec1 t\u01b0 v\u1ea5n thi\u1ebft k\u1ebf, mua s\u1eafm, x\u00e2y d\u1ef1ng l\u1eafp \u0111\u1eb7t v\u00e0 v\u1eadn h\u00e0nh b\u00e0n giao (EPC) trong l\u0129nh v\u1ef1c nh\u00e0 m\u00e1y h\u00f3a ch\u1ea5t, th\u1ef1c ph\u1ea9m, h\u1ec7 th\u1ed1ng thu h\u1ed3i dung m\u00f4i, x\u1eed l\u00fd n\u01b0\u1edbc th\u1ea3i v\u00e0 h\u1ec7 th\u1ed1ng \u0111i\u1ec7n n\u0103ng l\u01b0\u1ee3ng m\u1eb7t tr\u1eddi.<\/span><\/p>\n<p>[\/vc_column_text][\/vc_column_inner][vc_column_inner width=&#8221;1\/2&#8243;][vc_single_image image=&#8221;182&#8243; img_size=&#8221;full&#8221; alignment=&#8221;center&#8221; style=&#8221;vc_box_border_circle_2&#8243; parallax_scroll=&#8221;no&#8221;][\/vc_column_inner][\/vc_row_inner][vc_row_inner el_class=&#8221;form-ho-so-ct&#8221; row_reverse_mobile=&#8221;0&#8243; row_reverse_tablet=&#8221;0&#8243;][vc_column_inner width=&#8221;1\/2&#8243;][vc_single_image image=&#8221;183&#8243; img_size=&#8221;full&#8221; alignment=&#8221;center&#8221; style=&#8221;vc_box_border_circle_2&#8243; parallax_scroll=&#8221;no&#8221;][\/vc_column_inner][vc_column_inner width=&#8221;1\/2&#8243;][vc_column_text text_larger=&#8221;no&#8221;]<\/p>\n<p style=\"text-align: center;\"><span style=\"color: #99cc00;\"><strong><span style=\"font-size: 14pt;\">S\u1ee8 M\u1ec6NH<\/span><\/strong><\/span><\/p>\n<p style=\"text-align: justify;\"><span style=\"font-size: 14pt;\">C\u00f4ng ty TNHH CT Chemical Engineering ra \u0111\u1eddi \u0111\u1ec3 h\u1ed7 tr\u1ee3 v\u00e0 \u0111\u01b0a ra gi\u1ea3i ph\u00e1p v\u1ec1 t\u01b0 v\u1ea5n, thi\u1ebft k\u1ebf, mua h\u00e0ng, ch\u1ebf t\u1ea1o thi\u1ebft b\u1ecb v\u00e0 thi c\u00f4ng l\u1eafp \u0111\u1eb7t cho c\u00e1c ch\u1ee7 \u0111\u1ea7u t\u01b0, c\u00e1c t\u1ed5 ch\u1ee9c, c\u00e1 nh\u00e2n c\u0169ng nh\u01b0 doanh nghi\u1ec7p nh\u1eb1m ph\u1ee5c v\u1ee5 s\u1ef1 ph\u00e1t tri\u1ec3n v\u00e0 c\u00f4ng nghi\u1ec7p h\u00f3a c\u1ee7a \u0111\u1ea5t n\u01b0\u1edbc.<\/span><\/p>\n<p>[\/vc_column_text][\/vc_column_inner][\/vc_row_inner][vc_row_inner el_class=&#8221;form-ho-so-ct&#8221; row_reverse_mobile=&#8221;0&#8243; row_reverse_tablet=&#8221;0&#8243;][vc_column_inner width=&#8221;1\/2&#8243;][vc_column_text text_larger=&#8221;no&#8221; el_class=&#8221;box-li-icon&#8221;]<\/p>\n<p style=\"text-align: center;\"><strong><span style=\"font-size: 14pt; color: #99cc00;\">GI\u00c1 TR\u1eca C\u1ed0T L\u00d5I<\/span><\/strong><\/p>\n<ul>\n<li><span style=\"font-size: 14pt;\">\u0110\u1ea3m b\u1ea3o t\u00ednh n\u0103ng c\u00f4ng ngh\u1ec7, ch\u1ea5t l\u01b0\u1ee3ng, th\u1ea9m m\u1ef9 c\u1ee7a d\u1ef1 \u00e1n v\u00e0 thi\u1ebft b\u1ecb.<\/span><\/li>\n<li><span style=\"font-size: 14pt;\">Qu\u1ea3n l\u00fd \u0111\u00fang ti\u1ebfn \u0111\u1ed9, \u0111\u1ea3m b\u1ea3o an to\u00e0n v\u00e0 gi\u00e1 th\u00e0nh h\u1ee3p l\u00fd.<\/span><\/li>\n<li><span style=\"font-size: 14pt;\">L\u1eafng nghe v\u00e0 \u0111\u00e1p \u1ee9ng t\u1ed1i \u0111a nhu c\u1ea7u c\u1ee7a kh\u00e1ch h\u00e0ng.<\/span><\/li>\n<li><span style=\"font-size: 14pt;\">D\u1ecbch v\u1ee5 chuy\u00ean nghi\u1ec7p, h\u1ee3p t\u00e1c kinh doanh tr\u00ean c\u01a1 s\u1edf c\u00f9ng c\u00f3 l\u1ee3i.<\/span><\/li>\n<li><span style=\"font-size: 14pt;\">Tinh th\u1ea7n v\u00e0 tr\u00e1ch nhi\u1ec7m kh\u00f4ng t\u1eeb b\u1ecf tr\u01b0\u1edbc m\u1ecdi tr\u01b0\u1eddng h\u1ee3p.<\/span><\/li>\n<li><span style=\"font-size: 14pt;\">T\u1ea1o ra m\u00f4i tr\u01b0\u1eddng l\u00e0m vi\u1ec7c n\u0103ng \u0111\u1ed9ng, \u0111o\u00e0n k\u1ebft, s\u00e1ng t\u1ea1o v\u00e0 th\u00e2n thi\u1ec7n.<\/span><\/li>\n<\/ul>\n<p>[\/vc_column_text][\/vc_column_inner][vc_column_inner width=&#8221;1\/2&#8243;][vc_single_image image=&#8221;184&#8243; img_size=&#8221;full&#8221; alignment=&#8221;center&#8221; style=&#8221;vc_box_border_circle_2&#8243; parallax_scroll=&#8221;no&#8221;][\/vc_column_inner][\/vc_row_inner][\/vc_column][\/vc_row][vc_row el_class=\"box-widget-1\" mobile_bg_img_hidden=\"no\" tablet_bg_img_hidden=\"no\" woodmart_parallax=\"0\" woodmart_gradient_switch=\"no\" row_reverse_mobile=\"0\" row_reverse_tablet=\"0\" woodmart_disable_overflow=\"0\"][vc_column mobile_bg_img_hidden=\"no\" tablet_bg_img_hidden=\"no\" woodmart_parallax=\"0\" woodmart_sticky_column=\"false\" el_class=\"box-category-home\" parallax_scroll=\"no\" mobile_reset_margin=\"no\" tablet_reset_margin=\"no\"][vc_column_text text_larger=\"no\" el_class=\"box-danh-muc-home\"]<a href=\"http:\/\/www.comi.vn\/\"><img class=\"alignnone wp-image-163 size-full aligncenter\" src=\"https:\/\/ctce.com.vn\/wp-content\/uploads\/2021\/04\/cee.jpg\" alt=\"\" width=\"235\" height=\"60\" \/><\/a>\r\n\r\nC\u01a1 kh\u00ed C\u00f4ng Minh[\/vc_column_text][vc_column_text text_larger=\"no\" el_class=\"box-danh-muc-home\"]<a href=\"https:\/\/phungluat.com.vn\/\"><img class=\"alignnone wp-image-166 size-full aligncenter\" src=\"https:\/\/ctce.com.vn\/wp-content\/uploads\/2021\/04\/pl.jpg\" alt=\"\" width=\"235\" height=\"60\" \/><\/a>\r\n\r\nPh\u1ee5ng Lu\u1eadt[\/vc_column_text][vc_column_text text_larger=\"no\" el_class=\"box-danh-muc-home\"]<a href=\"https:\/\/keevvn.com\/\"><img class=\"alignnone wp-image-165 size-full\" src=\"https:\/\/ctce.com.vn\/wp-content\/uploads\/2021\/04\/keev.jpg\" alt=\"\" width=\"235\" height=\"60\" \/><\/a>\r\n\r\nKEEV[\/vc_column_text][vc_column_text text_larger=\"no\" el_class=\"box-danh-muc-home\"]<img class=\"alignnone wp-image-164 size-full aligncenter\" src=\"https:\/\/ctce.com.vn\/wp-content\/uploads\/2021\/04\/fb.jpg\" alt=\"\" width=\"235\" height=\"60\" \/>\r\n\r\nFacebook[\/vc_column_text][vc_column_text text_larger=\"no\" el_class=\"box-danh-muc-home\"]<img class=\"alignnone wp-image-167 size-full aligncenter\" src=\"https:\/\/ctce.com.vn\/wp-content\/uploads\/2021\/04\/youtube.jpg\" alt=\"\" width=\"235\" height=\"60\" \/>\r\n\r\nYoutube[\/vc_column_text][\/vc_column][\/vc_row]<style data-type=\"vc_shortcodes-custom-css\"><\/style>[\/vc_column_text][\/vc_column_inner][\/vc_row_inner][\/vc_column][vc_column width=&#8221;3\/4&#8243; mobile_bg_img_hidden=&#8221;no&#8221; tablet_bg_img_hidden=&#8221;no&#8221; woodmart_parallax=&#8221;0&#8243; woodmart_sticky_column=&#8221;false&#8221; parallax_scroll=&#8221;no&#8221; mobile_reset_margin=&#8221;no&#8221; tablet_reset_margin=&#8221;no&#8221; el_class=&#8221;tieu-de-trang-sp&#8221;][vc_column_text text_larger=&#8221;no&#8221;]<\/p>\n<h3 style=\"text-align: center;\"><span style=\"color: #ff0000;\">COMPANY VALUES<\/span><\/h3>\n<p>[\/vc_column_text][vc_row_inner el_class=&#8221;form-ho-so-ct&#8221; row_reverse_mobile=&#8221;0&#8243; row_reverse_tablet=&#8221;0&#8243;][vc_column_inner width=&#8221;1\/2&#8243;][vc_column_text text_larger=&#8221;no&#8221;]<\/p>\n<p style=\"text-align: center;\"><span style=\"color: #99cc00;\"><strong><span style=\"font-size: 14pt;\">OUR VISION<\/span><\/strong><\/span><\/p>\n<p style=\"text-align: justify;\"><span style=\"font-size: 14pt;\">CT Chemical Engineering Co., Ltd. is oriented to become a General Contractor in consulting, engineering, procurement, construction, and commissioning (EPC) in the fields of chemical plants, beverages factories, Solvent recovery systems, wastewater treatment, and solar power systems.<\/span><\/p>\n<p>[\/vc_column_text][\/vc_column_inner][vc_column_inner width=&#8221;1\/2&#8243;][vc_single_image image=&#8221;182&#8243; img_size=&#8221;full&#8221; alignment=&#8221;center&#8221; style=&#8221;vc_box_border_circle_2&#8243; parallax_scroll=&#8221;no&#8221;][\/vc_column_inner][\/vc_row_inner][vc_row_inner el_class=&#8221;form-ho-so-ct&#8221; row_reverse_mobile=&#8221;0&#8243; row_reverse_tablet=&#8221;0&#8243;][vc_column_inner width=&#8221;1\/2&#8243;][vc_single_image image=&#8221;183&#8243; img_size=&#8221;full&#8221; alignment=&#8221;center&#8221; style=&#8221;vc_box_border_circle_2&#8243; parallax_scroll=&#8221;no&#8221;][\/vc_column_inner][vc_column_inner width=&#8221;1\/2&#8243;][vc_column_text text_larger=&#8221;no&#8221;]<\/p>\n<p style=\"text-align: center;\"><span style=\"color: #99cc00;\"><strong><span style=\"font-size: 14pt;\">OUR MISSION<\/span><\/strong><\/span><\/p>\n<p style=\"text-align: justify;\"><span style=\"font-size: 14pt;\">CT Chemical Engineering Co., Ltd. supports and provides consulting, engineering, procurement, construction, and commissioning for investors, individuals and organizations, for the development and industrialization of the country.<\/span><\/p>\n<p>[\/vc_column_text][\/vc_column_inner][\/vc_row_inner][vc_row_inner el_class=&#8221;form-ho-so-ct&#8221; row_reverse_mobile=&#8221;0&#8243; row_reverse_tablet=&#8221;0&#8243;][vc_column_inner width=&#8221;1\/2&#8243;][vc_column_text text_larger=&#8221;no&#8221;]<\/p>\n<p style=\"text-align: center;\"><strong><span style=\"font-size: 14pt; color: #99cc00;\">OUR VALUES<\/span><\/strong><\/p>\n<p><span style=\"font-size: 14pt;\">\u2705 Ensure technology, quality, and aesthetics of equipment and projects.<\/span><br \/>\n<span style=\"font-size: 14pt;\">\u2705 Ensure on schedule, safety and reasonable price<\/span><br \/>\n<span style=\"font-size: 14pt;\">\u2705 Continually meeting customer needs<\/span><br \/>\n<span style=\"font-size: 14pt;\">\u2705 Professional service, business cooperation on the basis of mutual benefit.<\/span><br \/>\n<span style=\"font-size: 14pt;\">\u2705 Never give up for any reason prior to accomplishment<\/span><br \/>\n<span style=\"font-size: 14pt;\">\u2705 Our work environment is dynamic, united, creative, and friendly.<\/span>[\/vc_column_text][\/vc_column_inner][vc_column_inner width=&#8221;1\/2&#8243;][vc_single_image image=&#8221;184&#8243; img_size=&#8221;full&#8221; alignment=&#8221;center&#8221; style=&#8221;vc_box_border_circle_2&#8243; parallax_scroll=&#8221;no&#8221;][\/vc_column_inner][\/vc_row_inner][\/vc_column][\/vc_row][vc_row][vc_column width=&#8221;1\/4&#8243; mobile_bg_img_hidden=&#8221;no&#8221; tablet_bg_img_hidden=&#8221;no&#8221; woodmart_parallax=&#8221;0&#8243; woodmart_sticky_column=&#8221;false&#8221; parallax_scroll=&#8221;no&#8221; mobile_reset_margin=&#8221;no&#8221; tablet_reset_margin=&#8221;no&#8221;][vc_column_text text_larger=&#8221;no&#8221; el_class=&#8221;sidebar-inner woodmart-sidebar-scroll&#8221;]<\/p>\n<div class=\"menu-chuyen-muc widget-area woodmart-sidebar-content\">\n<h3><span style=\"font-size: 13pt;\">\u4f1a\u793e\u6982\u8981<\/span><\/h3>\n<ul>\n<li><span style=\"font-size: 13pt;\"><a href=\"https:\/\/ctce.com.vn\/ho-so-cong-ty\/\">\u4f1a\u793e\u6982\u8981<\/a><\/span><\/li>\n<li class=\"co-link\"><span style=\"font-size: 13pt;\"><a href=\"https:\/\/ctce.com.vn\/thong-diep-cong-ty\/\">\u4f1a\u793e\u30e1\u30c3\u30bb\u30fc\u30b8<\/a><\/span><\/li>\n<li class=\"co-link\"><span style=\"font-size: 13pt;\"><a href=\"https:\/\/ctce.com.vn\/dac-trung-va-the-manh\/\">\u79c1\u305f\u3061\u306e\u7279\u5fb4\u53ca\u3073\u5f37\u307f<\/a><\/span><\/li>\n<li class=\"co-link\"><span style=\"font-size: 13pt;\"><a href=\"https:\/\/ctce.com.vn\/so-do-to-chuc\/\">\u7d44\u7e54<\/a><\/span><\/li>\n<li class=\"co-link\"><span style=\"font-size: 13pt;\"><a href=\"https:\/\/ctce.com.vn\/ban-do\/\">\u5730\u56f3<\/a><\/span><\/li>\n<\/ul>\n<\/div>\n<p>[\/vc_column_text][vc_row_inner][vc_column_inner][vc_column_text text_larger=&#8221;no&#8221;][vc_row el_class=\"box-widget-1\" mobile_bg_img_hidden=\"no\" tablet_bg_img_hidden=\"no\" woodmart_parallax=\"0\" woodmart_gradient_switch=\"no\" row_reverse_mobile=\"0\" row_reverse_tablet=\"0\" woodmart_disable_overflow=\"0\"][vc_column mobile_bg_img_hidden=\"no\" tablet_bg_img_hidden=\"no\" woodmart_parallax=\"0\" woodmart_sticky_column=\"false\" el_class=\"box-category-home\" parallax_scroll=\"no\" mobile_reset_margin=\"no\" tablet_reset_margin=\"no\"][vc_column_text text_larger=\"no\" el_class=\"box-danh-muc-home\"]<a href=\"http:\/\/www.comi.vn\/\"><img class=\"alignnone wp-image-163 size-full aligncenter\" src=\"https:\/\/ctce.com.vn\/wp-content\/uploads\/2021\/04\/cee.jpg\" alt=\"\" width=\"235\" height=\"60\" \/><\/a>\r\n\r\nC\u01a1 kh\u00ed C\u00f4ng Minh[\/vc_column_text][vc_column_text text_larger=\"no\" el_class=\"box-danh-muc-home\"]<a href=\"https:\/\/phungluat.com.vn\/\"><img class=\"alignnone wp-image-166 size-full aligncenter\" src=\"https:\/\/ctce.com.vn\/wp-content\/uploads\/2021\/04\/pl.jpg\" alt=\"\" width=\"235\" height=\"60\" \/><\/a>\r\n\r\nPh\u1ee5ng Lu\u1eadt[\/vc_column_text][vc_column_text text_larger=\"no\" el_class=\"box-danh-muc-home\"]<a href=\"https:\/\/keevvn.com\/\"><img class=\"alignnone wp-image-165 size-full\" src=\"https:\/\/ctce.com.vn\/wp-content\/uploads\/2021\/04\/keev.jpg\" alt=\"\" width=\"235\" height=\"60\" \/><\/a>\r\n\r\nKEEV[\/vc_column_text][vc_column_text text_larger=\"no\" el_class=\"box-danh-muc-home\"]<img class=\"alignnone wp-image-164 size-full aligncenter\" src=\"https:\/\/ctce.com.vn\/wp-content\/uploads\/2021\/04\/fb.jpg\" alt=\"\" width=\"235\" height=\"60\" \/>\r\n\r\nFacebook[\/vc_column_text][vc_column_text text_larger=\"no\" el_class=\"box-danh-muc-home\"]<img class=\"alignnone wp-image-167 size-full aligncenter\" src=\"https:\/\/ctce.com.vn\/wp-content\/uploads\/2021\/04\/youtube.jpg\" alt=\"\" width=\"235\" height=\"60\" \/>\r\n\r\nYoutube[\/vc_column_text][\/vc_column][\/vc_row]<style data-type=\"vc_shortcodes-custom-css\"><\/style>[\/vc_column_text][\/vc_column_inner][\/vc_row_inner][\/vc_column][vc_column width=&#8221;3\/4&#8243; mobile_bg_img_hidden=&#8221;no&#8221; tablet_bg_img_hidden=&#8221;no&#8221; woodmart_parallax=&#8221;0&#8243; woodmart_sticky_column=&#8221;false&#8221; parallax_scroll=&#8221;no&#8221; mobile_reset_margin=&#8221;no&#8221; tablet_reset_margin=&#8221;no&#8221; el_class=&#8221;tieu-de-trang-sp&#8221;][vc_column_text text_larger=&#8221;no&#8221;]<\/p>\n<h3 style=\"text-align: center;\"><span style=\"color: #ff0000;\">\u4f1a\u793e\u30e1\u30c3\u30bb\u30fc\u30b8<\/span><\/h3>\n<p>[\/vc_column_text][vc_row_inner el_class=&#8221;form-ho-so-ct&#8221; row_reverse_mobile=&#8221;0&#8243; row_reverse_tablet=&#8221;0&#8243;][vc_column_inner width=&#8221;1\/2&#8243;][vc_column_text text_larger=&#8221;no&#8221;]<\/p>\n<p style=\"text-align: center;\"><span style=\"color: #99cc00;\"><strong><span style=\"font-size: 14pt;\">\u30d3\u30b8\u30e7\u30f3<\/span><\/strong><\/span><\/p>\n<p style=\"text-align: justify;\"><span style=\"font-size: 14pt;\">CT Chemical Engineering Co.,Ltd\u306f\u3001\u30d9\u30c8\u30ca\u30e0\u3067\u5316\u5b66\u30d7\u30e9\u30f3\u30c8\u3001\u98df\u54c1\u3001\u6eb6\u5264\u56de\u53ce\u30b7\u30b9\u30c6\u30e0\u3001\u84b8\u7559\u7cbe\u88fd\u3001\u6392\u6c34\u51e6\u7406\u8a2d\u5099\u53ca\u3073\u592a\u967d\u5149\u767a\u96fb\u30b7\u30b9\u30c6\u30e0\u306e\u5206\u91ce\u306b\u304a\u3051\u308b\u8a2d\u8a08\u30b3\u30f3\u30b5\u30eb\u30c6\u30a3\u30f3\u30b0\u3001\u8abf\u9054\u3001\u5efa\u8a2d\u3001\u8a66\u904b\u8ee2\u306e\u4e00\u5f0f\u306eEPC\u4f1a\u793e\u3068\u3057\u3066\u3001\u30ea\u30fc\u30c7\u30a3\u30f3\u30b0\u30c6\u30af\u30ce\u30ed\u30b8\u30fc\u30bc\u30cd\u30b3\u30f3\u306b\u306a\u308b\u306e\u3092\u76ee\u6307\u3057\u3066\u3044\u307e\u3059\u3002<\/span><\/p>\n<p>[\/vc_column_text][\/vc_column_inner][vc_column_inner width=&#8221;1\/2&#8243;][vc_single_image image=&#8221;182&#8243; img_size=&#8221;full&#8221; alignment=&#8221;center&#8221; style=&#8221;vc_box_border_circle_2&#8243; parallax_scroll=&#8221;no&#8221;][\/vc_column_inner][\/vc_row_inner][vc_row_inner el_class=&#8221;form-ho-so-ct&#8221; row_reverse_mobile=&#8221;0&#8243; row_reverse_tablet=&#8221;0&#8243;][vc_column_inner width=&#8221;1\/2&#8243;][vc_single_image image=&#8221;183&#8243; img_size=&#8221;full&#8221; alignment=&#8221;center&#8221; style=&#8221;vc_box_border_circle_2&#8243; parallax_scroll=&#8221;no&#8221;][\/vc_column_inner][vc_column_inner width=&#8221;1\/2&#8243;][vc_column_text text_larger=&#8221;no&#8221;]<\/p>\n<p style=\"text-align: center;\"><span style=\"color: #99cc00;\"><strong><span style=\"font-size: 14pt;\">\u4f7f\u547d<\/span><\/strong><\/span><\/p>\n<p style=\"text-align: justify;\"><span style=\"font-size: 14pt;\">CT Chemical Engineering Co.,Ltd\u306f\u56fd\u306e\u767a\u5c55\u3068\u5de5\u696d\u5316\u306b\u50c5\u304b\u306b\u8ca2\u732e\u3059\u308b\u305f\u3081\u306b\u3001\u500b\u4eba\u3084\u4f01\u696d\u5411\u3051\u306e\u30b3\u30f3\u30b5\u30eb\u30c6\u30a3\u30f3\u30b0\u3001\u8a2d\u8a08\u3001\u8cfc\u5165\u3001\u6a5f\u5668\u88fd\u4f5c\u53ca\u3073\u5efa\u8a2d\u306b\u95a2\u3059\u308b\u30bd\u30ea\u30e5\u30fc\u30b7\u30e7\u30f3\u3092\u52d9\u3081\u3066\u3044\u307e\u3059\u3002<\/span><\/p>\n<p>[\/vc_column_text][\/vc_column_inner][\/vc_row_inner][vc_row_inner el_class=&#8221;form-ho-so-ct&#8221; row_reverse_mobile=&#8221;0&#8243; row_reverse_tablet=&#8221;0&#8243;][vc_column_inner width=&#8221;1\/2&#8243;][vc_column_text text_larger=&#8221;no&#8221;]<\/p>\n<p style=\"text-align: center;\"><strong><span style=\"font-size: 14pt; color: #99cc00;\">\u672c\u8cea\u4fa1\u5024<\/span><\/strong><\/p>\n<p><span style=\"font-size: 14pt;\">\u2705 \u78ba\u5b9f\u306a\u6280\u8853\u3001\u54c1\u8cea\u3001\u52b9\u7387\u53ca\u3073\u7f8e\u6982\u89b3\u306e\u63d0\u4f9b <\/span><br \/>\n<span style=\"font-size: 14pt;\">\u2705 \u5b89\u5168\u62c5\u4fdd\u3001\u7d0d\u671f\u7ba1\u7406\u306e\u7ba1\u7406\u53ca\u3073\u9069\u5207\u30b3\u30b9\u30c8\u306e\u63d0\u4f9b<\/span><br \/>\n<span style=\"font-size: 14pt;\">\u2705 \u304a\u5ba2\u69d8\u306e\u30cb\u30fc\u30ba\u306b\u5fdc\u3058\u3066\u3001\u6700\u5927\u306a\u5bfe\u5fdc\u3092\u81f4\u3057\u307e\u3059\u3002<\/span><br \/>\n<span style=\"font-size: 14pt;\">\u2705 \u30d7\u30ed\u30d5\u30a7\u30c3\u30b7\u30e7\u30ca\u30eb\u306a\u30b5\u30d3\u30fc\u30b9\u53ca\u3073\u76f8\u4e92\u5229\u76ca\u306e\u30d3\u30b8\u30cd\u30b9<\/span><br \/>\n<span style=\"font-size: 14pt;\">\u2705 \u4ed5\u4e8b\u306b\u5bfe\u3059\u308b\u8cac\u4efb\u53ca\u3073\u50cd\u304d\u304c\u3044\u306f\u3044\u304b\u306a\u308b\u5834\u5408\u3067\u3082\u6700\u5f8c\u307e\u3067\u5b8c\u6210\u3057\u307e\u3059\u3002<\/span><br \/>\n<span style=\"font-size: 14pt;\">\u2705 \u30a2\u30af\u30c6\u30a3\u30d6\u3001\u56e3\u7d50\u3001\u5275\u9020\u53ca\u3073\u30d5\u30ec\u30f3\u30c9\u30ea\u30fc\u306a\u8077\u5834\u74b0\u5883\u3092\u4f5c\u308a\u3057\u307e\u3059<\/span>[\/vc_column_text][\/vc_column_inner][vc_column_inner width=&#8221;1\/2&#8243;][vc_single_image image=&#8221;184&#8243; img_size=&#8221;full&#8221; alignment=&#8221;center&#8221; style=&#8221;vc_box_border_circle_2&#8243; parallax_scroll=&#8221;no&#8221;][\/vc_column_inner][\/vc_row_inner][\/vc_column][\/vc_row]<\/p>","protected":false},"excerpt":{"rendered":"<p>[vc_row][vc_column w<\/p>\n","protected":false},"author":3,"featured_media":182,"parent":0,"menu_order":0,"comment_status":"closed","ping_status":"closed","template":"","meta":[],"_links":{"self":[{"href":"https:\/\/ctce.com.vn\/ja\/wp-json\/wp\/v2\/pages\/179"}],"collection":[{"href":"https:\/\/ctce.com.vn\/ja\/wp-json\/wp\/v2\/pages"}],"about":[{"href":"https:\/\/ctce.com.vn\/ja\/wp-json\/wp\/v2\/types\/page"}],"author":[{"embeddable":true,"href":"https:\/\/ctce.com.vn\/ja\/wp-json\/wp\/v2\/users\/3"}],"replies":[{"embeddable":true,"href":"https:\/\/ctce.com.vn\/ja\/wp-json\/wp\/v2\/comments?post=179"}],"version-history":[{"count":0,"href":"https:\/\/ctce.com.vn\/ja\/wp-json\/wp\/v2\/pages\/179\/revisions"}],"wp:featuredmedia":[{"embeddable":true,"href":"https:\/\/ctce.com.vn\/ja\/wp-json\/wp\/v2\/media\/182"}],"wp:attachment":[{"href":"https:\/\/ctce.com.vn\/ja\/wp-json\/wp\/v2\/media?parent=179"}],"curies":[{"name":"wp","href":"https:\/\/api.w.org\/{rel}","templated":true}]}}