{"id":140,"date":"2021-04-20T14:55:28","date_gmt":"2021-04-20T07:55:28","guid":{"rendered":"http:\/\/rubicdemoweb5.tk\/?page_id=140"},"modified":"2021-09-28T10:30:26","modified_gmt":"2021-09-28T03:30:26","slug":"boc-hoi-va-co-dac","status":"publish","type":"page","link":"https:\/\/ctce.com.vn\/ja\/boc-hoi-va-co-dac\/","title":{"rendered":"\u84b8\u767a.\u6fc3\u7e2e\u8a2d\u5099"},"content":{"rendered":"<p>[vc_row el_class=\"box-widget-1\" mobile_bg_img_hidden=\"no\" tablet_bg_img_hidden=\"no\" woodmart_parallax=\"0\" woodmart_gradient_switch=\"no\" row_reverse_mobile=\"0\" row_reverse_tablet=\"0\" woodmart_disable_overflow=\"0\"][vc_column mobile_bg_img_hidden=\"no\" tablet_bg_img_hidden=\"no\" woodmart_parallax=\"0\" woodmart_sticky_column=\"false\" el_class=\"box-category-home\" parallax_scroll=\"no\" mobile_reset_margin=\"no\" tablet_reset_margin=\"no\"][vc_column_text text_larger=\"no\" el_class=\"box-danh-muc-home\"]<a href=\"http:\/\/www.comi.vn\/\"><img class=\"alignnone wp-image-163 size-full aligncenter\" src=\"https:\/\/ctce.com.vn\/wp-content\/uploads\/2021\/04\/cee.jpg\" alt=\"\" width=\"235\" height=\"60\" \/><\/a>\r\n\r\nC\u01a1 kh\u00ed C\u00f4ng Minh[\/vc_column_text][vc_column_text text_larger=\"no\" el_class=\"box-danh-muc-home\"]<a href=\"https:\/\/phungluat.com.vn\/\"><img class=\"alignnone wp-image-166 size-full aligncenter\" src=\"https:\/\/ctce.com.vn\/wp-content\/uploads\/2021\/04\/pl.jpg\" alt=\"\" width=\"235\" height=\"60\" \/><\/a>\r\n\r\nPh\u1ee5ng Lu\u1eadt[\/vc_column_text][vc_column_text text_larger=\"no\" el_class=\"box-danh-muc-home\"]<a href=\"https:\/\/keevvn.com\/\"><img class=\"alignnone wp-image-165 size-full\" src=\"https:\/\/ctce.com.vn\/wp-content\/uploads\/2021\/04\/keev.jpg\" alt=\"\" width=\"235\" height=\"60\" \/><\/a>\r\n\r\nKEEV[\/vc_column_text][vc_column_text text_larger=\"no\" el_class=\"box-danh-muc-home\"]<img class=\"alignnone wp-image-164 size-full aligncenter\" src=\"https:\/\/ctce.com.vn\/wp-content\/uploads\/2021\/04\/fb.jpg\" alt=\"\" width=\"235\" height=\"60\" \/>\r\n\r\nFacebook[\/vc_column_text][vc_column_text text_larger=\"no\" el_class=\"box-danh-muc-home\"]<img class=\"alignnone wp-image-167 size-full aligncenter\" src=\"https:\/\/ctce.com.vn\/wp-content\/uploads\/2021\/04\/youtube.jpg\" alt=\"\" width=\"235\" height=\"60\" \/>\r\n\r\nYoutube[\/vc_column_text][\/vc_column][\/vc_row]<style data-type=\"vc_shortcodes-custom-css\"><\/style>[\/vc_column_text][\/vc_column_inner][\/vc_row_inner][\/vc_column][vc_column width=&#8221;3\/4&#8243; mobile_bg_img_hidden=&#8221;no&#8221; tablet_bg_img_hidden=&#8221;no&#8221; woodmart_parallax=&#8221;0&#8243; woodmart_sticky_column=&#8221;false&#8221; parallax_scroll=&#8221;no&#8221; mobile_reset_margin=&#8221;no&#8221; tablet_reset_margin=&#8221;no&#8221; el_class=&#8221;tieu-de-trang-sp&#8221;][vc_column_text text_larger=&#8221;no&#8221;]<\/p>\n<p style=\"text-align: center;\"><span style=\"font-size: 17pt; color: #ff0000;\"><b>H\u1ec6 TH\u1ed0NG BAY H\u01a0I, C\u00d4 \u0110\u1eb6C<\/b><\/span><\/p>\n<p>[\/vc_column_text][vc_row_inner][vc_column_inner][vc_column_text text_larger=&#8221;no&#8221;]<span style=\"font-size: 14pt;\">Th\u00f4ng th\u01b0\u1eddng h\u01a1i n\u01b0\u1edbc, \u0111i\u1ec7n, d\u1ea7u t\u1ea3i nhi\u1ec7t&#8230; s\u1ebd \u0111\u01b0\u1ee3c d\u00f9ng l\u00e0m ngu\u1ed3n nhi\u1ec7t cho qu\u00e1 tr\u00ecnh bay h\u01a1i v\u00e0 s\u1ea3n ph\u1ea9m c\u00f4 \u0111\u1eb7c s\u1ebd thu \u0111\u01b0\u1ee3c. C\u00e1c ph\u01b0\u01a1ng th\u1ee9c thi\u1ebft b\u1ecb bay h\u01a1i l\u00e0 Reboiler d\u1ea1ng m\u00e0ng film, Reboiler d\u1ea1ng tu\u1ea7n ho\u00e0n c\u01b0\u1ee1ng b\u1ee9c, Reboiler d\u1ea1ng tu\u1ea7n ho\u00e0n t\u1ef1 nhi\u00ean, ph\u01b0\u01a1ng th\u1ee9c Carandria, hay l\u00e0 ph\u01b0\u01a1ng th\u1ee9c Kelton&#8230; s\u1ebd \u0111\u01b0\u1ee3c \u1ee9ng d\u1ee5ng. T\u00f9y v\u00e0o t\u00ednh ch\u1ea5t v\u00e0 \u0111\u1eb7c tr\u01b0ng c\u1ee7a dung d\u1ecbch ch\u01b0ng c\u1ea5t.<\/span><\/p>\n<p><span style=\"font-size: 14pt;\">Khi c\u00e2n nh\u1eafc v\u1eadn h\u00e0nh h\u1ec7 th\u1ed1ng bay h\u01a1i ho\u1eb7c c\u00f4 \u0111\u1eb7c, \u0111i\u1ec1u quan tr\u1ecdng nh\u1ea5t c\u1ee7a h\u1ec7 th\u1ed1ng l\u00e0 ph\u1ea3i ti\u1ebft ki\u1ec7m n\u0103ng l\u01b0\u1ee3ng v\u00e0 thu h\u1ed3i nhi\u1ec7t t\u1eeb l\u01b0\u1ee3ng n\u01b0\u1edbc bay h\u01a1i. Do \u0111\u00f3, n\u00f3 l\u00e0 nhi\u1ec7m v\u1ee5 c\u1ee7a ch\u00fang t\u00f4i \u0111\u1ec3 \u0111\u1ec1 xu\u1ea5t ph\u01b0\u01a1ng \u00e1n ph\u00f9 h\u1ee3p \u0111\u1ec3 t\u1eadn d\u1ee5ng l\u01b0\u1ee3ng n\u0103ng l\u01b0\u1ee3ng n\u00e0y.<\/span><\/p>\n<p><span style=\"font-size: 14pt;\">C\u00e1c ph\u01b0\u01a1ng \u00e1n ti\u1ebft ki\u1ec7m n\u0103ng l\u01b0\u1ee3ng cho h\u1ec7 th\u1ed1ng bay h\u01a1i &amp; c\u00f4 \u0111\u1eb7c m\u00e0 ch\u00fang t\u00f4i c\u00f3 th\u1ec3 \u0111\u1ec1 xu\u1ea5t bao g\u1ed3m ph\u01b0\u01a1ng ph\u00e1p b\u01a1m nhi\u1ec7t (heat pump), c\u00f4 \u0111\u1eb7c nhi\u1ec1u n\u1ed3i, \u1ed1ng phun h\u01a1i n\u01b0\u1edbc (steam ejector)&#8230;<\/span><\/p>\n<p><span style=\"font-size: 14pt;\">Cho c\u00e1c nh\u00e0 m\u00e1y th\u1ef1c ph\u1ea9m, nh\u00e0 m\u00e1y bia, \u0111\u1ed3 u\u1ed1ng, ch\u00fang t\u00f4i s\u1ebd k\u1ebft h\u1ee3p v\u1edbi c\u00f4ng ty C\u00d4NG MINH, Nh\u00e0 th\u1ea7u, Nh\u00e0 ch\u1ebf t\u1ea1o b\u1ed3n b\u1ec3 c\u00f3 h\u01a1n 20 n\u0103m kinh nghi\u1ec7m trong ng\u00e0nh \u0111\u1ec3 l\u00ean ph\u01b0\u01a1ng \u00e1n thi\u1ebft k\u1ebf t\u1ed1i \u01b0u v\u00e0 th\u1ef1c hi\u1ec7n d\u1ef1 \u00e1n.<\/span>[\/vc_column_text][vc_column_text text_larger=&#8221;no&#8221;]<a href=\"https:\/\/ctce.com.vn\/wp-content\/uploads\/2021\/04\/bay-hoi-va-co-dac-1.jpg\"><img loading=\"lazy\" class=\"alignnone wp-image-141 size-full\" src=\"https:\/\/ctce.com.vn\/wp-content\/uploads\/2021\/04\/bay-hoi-va-co-dac-1.jpg\" alt=\"\" width=\"1920\" height=\"1358\" \/><\/a>[\/vc_column_text][\/vc_column_inner][\/vc_row_inner][vc_row_inner][vc_column_inner][vc_column_text text_larger=&#8221;no&#8221;]<img loading=\"lazy\" class=\"size-full wp-image-213 aligncenter\" src=\"https:\/\/ctce.com.vn\/wp-content\/uploads\/2021\/08\/18.1.png\" alt=\"\" width=\"1920\" height=\"1256\" \/>[\/vc_column_text][\/vc_column_inner][\/vc_row_inner][vc_row_inner][vc_column_inner][vc_column_text text_larger=&#8221;no&#8221;]<img loading=\"lazy\" class=\"size-full wp-image-214 aligncenter\" src=\"https:\/\/ctce.com.vn\/wp-content\/uploads\/2021\/08\/18.2.png\" alt=\"\" width=\"1920\" height=\"1256\" \/>[\/vc_column_text][\/vc_column_inner][\/vc_row_inner][vc_row_inner][vc_column_inner width=&#8221;1\/2&#8243;][vc_single_image image=&#8221;144&#8243; img_size=&#8221;full&#8221; alignment=&#8221;center&#8221; parallax_scroll=&#8221;no&#8221;][\/vc_column_inner][vc_column_inner width=&#8221;1\/2&#8243;][vc_single_image image=&#8221;145&#8243; img_size=&#8221;full&#8221; alignment=&#8221;center&#8221; parallax_scroll=&#8221;no&#8221;][\/vc_column_inner][\/vc_row_inner][vc_column_text text_larger=&#8221;no&#8221;]<\/p>\n<p style=\"text-align: center;\"><span style=\"font-size: 14pt;\">H\u00ecnh \u1ea3nh v\u1ec1 h\u1ec7 th\u1ed1ng c\u00f4 \u0111\u1eb7c b\u1eb1ng thi\u1ebft b\u1ecb Carandria v\u00e0 c\u00e1c thi\u1ebft b\u1ecb ph\u1ee5 tr\u1ee3 c\u1ee7a h\u1ec7 th\u1ed1ng<\/span><\/p>\n<p>[\/vc_column_text][\/vc_column][\/vc_row][vc_row el_class=\"box-widget-1\" mobile_bg_img_hidden=\"no\" tablet_bg_img_hidden=\"no\" woodmart_parallax=\"0\" woodmart_gradient_switch=\"no\" row_reverse_mobile=\"0\" row_reverse_tablet=\"0\" woodmart_disable_overflow=\"0\"][vc_column mobile_bg_img_hidden=\"no\" tablet_bg_img_hidden=\"no\" woodmart_parallax=\"0\" woodmart_sticky_column=\"false\" el_class=\"box-category-home\" parallax_scroll=\"no\" mobile_reset_margin=\"no\" tablet_reset_margin=\"no\"][vc_column_text text_larger=\"no\" el_class=\"box-danh-muc-home\"]<a href=\"http:\/\/www.comi.vn\/\"><img class=\"alignnone wp-image-163 size-full aligncenter\" src=\"https:\/\/ctce.com.vn\/wp-content\/uploads\/2021\/04\/cee.jpg\" alt=\"\" width=\"235\" height=\"60\" \/><\/a>\r\n\r\nC\u01a1 kh\u00ed C\u00f4ng Minh[\/vc_column_text][vc_column_text text_larger=\"no\" el_class=\"box-danh-muc-home\"]<a href=\"https:\/\/phungluat.com.vn\/\"><img class=\"alignnone wp-image-166 size-full aligncenter\" src=\"https:\/\/ctce.com.vn\/wp-content\/uploads\/2021\/04\/pl.jpg\" alt=\"\" width=\"235\" height=\"60\" \/><\/a>\r\n\r\nPh\u1ee5ng Lu\u1eadt[\/vc_column_text][vc_column_text text_larger=\"no\" el_class=\"box-danh-muc-home\"]<a href=\"https:\/\/keevvn.com\/\"><img class=\"alignnone wp-image-165 size-full\" src=\"https:\/\/ctce.com.vn\/wp-content\/uploads\/2021\/04\/keev.jpg\" alt=\"\" width=\"235\" height=\"60\" \/><\/a>\r\n\r\nKEEV[\/vc_column_text][vc_column_text text_larger=\"no\" el_class=\"box-danh-muc-home\"]<img class=\"alignnone wp-image-164 size-full aligncenter\" src=\"https:\/\/ctce.com.vn\/wp-content\/uploads\/2021\/04\/fb.jpg\" alt=\"\" width=\"235\" height=\"60\" \/>\r\n\r\nFacebook[\/vc_column_text][vc_column_text text_larger=\"no\" el_class=\"box-danh-muc-home\"]<img class=\"alignnone wp-image-167 size-full aligncenter\" src=\"https:\/\/ctce.com.vn\/wp-content\/uploads\/2021\/04\/youtube.jpg\" alt=\"\" width=\"235\" height=\"60\" \/>\r\n\r\nYoutube[\/vc_column_text][\/vc_column][\/vc_row]<style data-type=\"vc_shortcodes-custom-css\"><\/style>[\/vc_column_text][\/vc_column_inner][\/vc_row_inner][\/vc_column][vc_column width=&#8221;3\/4&#8243; mobile_bg_img_hidden=&#8221;no&#8221; tablet_bg_img_hidden=&#8221;no&#8221; woodmart_parallax=&#8221;0&#8243; woodmart_sticky_column=&#8221;false&#8221; parallax_scroll=&#8221;no&#8221; mobile_reset_margin=&#8221;no&#8221; tablet_reset_margin=&#8221;no&#8221; el_class=&#8221;tieu-de-trang-sp&#8221;][vc_column_text text_larger=&#8221;no&#8221;]<\/p>\n<p style=\"text-align: center;\"><span style=\"font-size: 17pt; color: #ff0000;\"><b>EVAPORATION &amp; CONCENTRATION SYSTEM<\/b><\/span><\/p>\n<p>[\/vc_column_text][vc_row_inner][vc_column_inner][vc_column_text text_larger=&#8221;no&#8221;]<span style=\"font-size: 14pt;\">Generally, a heating source (steam, electric, Heat oil &#8230;) is used for heating. The target evaporative component or concentrated component is obtained. In any case, the thin film flow type, forced circulation type, natural circulation, Calandria type or Kelton type wil be applied. Depending on properties and characteristics of concentrated solution.<\/span><\/p>\n<p><span style=\"font-size: 14pt;\">When considering the evaporation or concentration operation, the most important thing is that they save energy to heat and evaporate water. So it is our mission to propose the suitable solution on how to effectively use this energy<\/span><\/p>\n<p><span style=\"font-size: 14pt;\">Energy saving for evaporation and concentration which can be proposed by us including the heat pump method, multi-effect method, steam ejector,\u2026<\/span><\/p>\n<p><span style=\"font-size: 14pt;\">For beverage and food factories, we will co-work with CONG MINH, Contractor &amp; Manufacturer which has more than 20 years of experience for proposing the optimum solution and executing the project. Conventional &amp; Energy saving method such as heat pumps, 3 effect concentration.<\/span>[\/vc_column_text][vc_column_text text_larger=&#8221;no&#8221;]<img loading=\"lazy\" class=\"alignnone wp-image-323 size-full\" src=\"https:\/\/ctce.com.vn\/wp-content\/uploads\/2021\/09\/eng-HE\u0323\u0302-THO\u0302\u0301NG-BAY-HO\u031bI-CO\u0302-DA\u0323\u0306C-1.png\" alt=\"\" width=\"1920\" height=\"1436\" \/>[\/vc_column_text][\/vc_column_inner][\/vc_row_inner][vc_row_inner][vc_column_inner][vc_column_text text_larger=&#8221;no&#8221;]<img loading=\"lazy\" class=\"alignnone wp-image-324 size-full\" src=\"https:\/\/ctce.com.vn\/wp-content\/uploads\/2021\/09\/eng-HE\u0323\u0302-THO\u0302\u0301NG-BAY-HO\u031bI-CO\u0302-DA\u0323\u0306C-2.png\" alt=\"\" width=\"1920\" height=\"1257\" \/>[\/vc_column_text][\/vc_column_inner][\/vc_row_inner][vc_row_inner][vc_column_inner][vc_column_text text_larger=&#8221;no&#8221;]<img loading=\"lazy\" class=\"alignnone wp-image-325 size-full\" src=\"https:\/\/ctce.com.vn\/wp-content\/uploads\/2021\/09\/eng-HE\u0323\u0302-THO\u0302\u0301NG-BAY-HO\u031bI-CO\u0302-DA\u0323\u0306C-3.png\" alt=\"\" width=\"1920\" height=\"1257\" \/>[\/vc_column_text][\/vc_column_inner][\/vc_row_inner][vc_row_inner][vc_column_inner width=&#8221;1\/2&#8243;][vc_single_image image=&#8221;144&#8243; img_size=&#8221;full&#8221; alignment=&#8221;center&#8221; parallax_scroll=&#8221;no&#8221;][\/vc_column_inner][vc_column_inner width=&#8221;1\/2&#8243;][vc_single_image image=&#8221;145&#8243; img_size=&#8221;full&#8221; alignment=&#8221;center&#8221; parallax_scroll=&#8221;no&#8221;][\/vc_column_inner][\/vc_row_inner][vc_column_text text_larger=&#8221;no&#8221;]<\/p>\n<p style=\"text-align: center;\"><span style=\"font-size: 14pt;\">Example of Calandria Concentration System &amp; Accessories equipment installed outdoor<\/span><\/p>\n<p>[\/vc_column_text][\/vc_column][\/vc_row][vc_row][vc_column width=&#8221;1\/4&#8243; mobile_bg_img_hidden=&#8221;no&#8221; tablet_bg_img_hidden=&#8221;no&#8221; woodmart_parallax=&#8221;0&#8243; woodmart_sticky_column=&#8221;false&#8221; parallax_scroll=&#8221;no&#8221; mobile_reset_margin=&#8221;no&#8221; tablet_reset_margin=&#8221;no&#8221;][vc_column_text text_larger=&#8221;no&#8221; el_class=&#8221;sidebar-inner woodmart-sidebar-scroll&#8221;]<\/p>\n<div class=\"menu-chuyen-muc widget-area woodmart-sidebar-content\">\n<div class=\"menu-chuyen-muc widget-area woodmart-sidebar-content\">\n<h3><span style=\"font-size: 13pt;\">\u4e3b\u8981\u88fd\u54c1<\/span><\/h3>\n<ul>\n<li><a href=\"https:\/\/ctce.com.vn\/san-pham-chinh\/\"><span style=\"font-size: 14pt;\">\u6982\u8981 <\/span><\/a><\/li>\n<li><span style=\"font-size: 13pt;\"><a href=\"https:\/\/ctce.com.vn\/nha-may-san-xuat-keo\/\">\u63a5\u7740\u5264\u88fd\u9020\u30d7\u30e9\u30f3\u30c8 <\/a><\/span><\/li>\n<li><span style=\"font-size: 13pt;\"><a href=\"https:\/\/ctce.com.vn\/nha-may-san-xuat-son\/\">\u5857\u6599\u88fd\u9020\u30d7\u30e9\u30f3\u30c8 <\/a><\/span><\/li>\n<li><span style=\"font-size: 13pt;\"><a href=\"https:\/\/ctce.com.vn\/he-thong-cham-hoa-chat\/\">\u88fd\u7d19\u5de5\u5834\u7528\u30b1\u30df\u30ab\u30eb\u6dfb\u52a0\u30b7\u30b9\u30c6\u30e0 <\/a><\/span><\/li>\n<li><span style=\"font-size: 13pt;\"><a href=\"https:\/\/ctce.com.vn\/chung-cat-va-thu-hoi-dung-moi\/\">\u6eb6\u5264\u56de\u53ce\u8a2d\u5099\u53ca\u3073\u84b8\u7559\u7cbe\u88fd\u8a2d\u5099 <\/a><\/span><\/li>\n<li><span style=\"font-size: 13pt;\"><a href=\"https:\/\/ctce.com.vn\/he-thong-xu-ly-amonia\/\">\u30a2\u30f3\u30e2\u30cb\u30a2\u51e6\u7406\u30b7\u30b9\u30c6\u30e0 <\/a><\/span><\/li>\n<li><span style=\"font-size: 13pt;\"><a href=\"https:\/\/ctce.com.vn\/boc-hoi-va-co-dac\/\">\u84b8\u767a.\u6fc3\u7e2e\u8a2d\u5099 <\/a><\/span><\/li>\n<li><span style=\"font-size: 13pt;\"><a href=\"https:\/\/ctce.com.vn\/he-thong-xu-ly-nuoc-va-nuoc-thai\/\">\u6392\u6c34\u51e6\u7406\u8a2d\u5099\u53ca\u3073\u6c34\u51e6\u7406\u8a2d\u5099 <\/a><\/span><\/li>\n<li><span style=\"font-size: 13pt;\"><a href=\"https:\/\/ctce.com.vn\/bao-tri-bao-duong\/\"> \u4fdd\u5b88\u2014\u4fdd\u5168 <\/a><\/span><\/li>\n<li><a href=\"https:\/\/ctce.com.vn\/cac-thiet-bi-tieu-bieu\/\"><span style=\"font-size: 13pt;\">\u30b1\u30df\u30ab\u30eb\u30d7\u30e9\u30f3\u30c8\u306e\u4e3b\u8981\u6a5f\u5668 <\/span><\/a><\/li>\n<li><a href=\"https:\/\/ctce.com.vn\/nang-luong-mat-troi\/\"><span style=\"font-size: 13pt;\">\u592a\u967d\u5149\u767a\u96fb\u30b7\u30b9\u30c6\u30e0 <\/span><\/a><\/li>\n<\/ul>\n<\/div>\n<p>&nbsp;<\/p>\n<\/div>\n<p>[\/vc_column_text][vc_row_inner][vc_column_inner][vc_column_text text_larger=&#8221;no&#8221;][vc_row el_class=\"box-widget-1\" mobile_bg_img_hidden=\"no\" tablet_bg_img_hidden=\"no\" woodmart_parallax=\"0\" woodmart_gradient_switch=\"no\" row_reverse_mobile=\"0\" row_reverse_tablet=\"0\" woodmart_disable_overflow=\"0\"][vc_column mobile_bg_img_hidden=\"no\" tablet_bg_img_hidden=\"no\" woodmart_parallax=\"0\" woodmart_sticky_column=\"false\" el_class=\"box-category-home\" parallax_scroll=\"no\" mobile_reset_margin=\"no\" tablet_reset_margin=\"no\"][vc_column_text text_larger=\"no\" el_class=\"box-danh-muc-home\"]<a href=\"http:\/\/www.comi.vn\/\"><img class=\"alignnone wp-image-163 size-full aligncenter\" src=\"https:\/\/ctce.com.vn\/wp-content\/uploads\/2021\/04\/cee.jpg\" alt=\"\" width=\"235\" height=\"60\" \/><\/a>\r\n\r\nC\u01a1 kh\u00ed C\u00f4ng Minh[\/vc_column_text][vc_column_text text_larger=\"no\" el_class=\"box-danh-muc-home\"]<a href=\"https:\/\/phungluat.com.vn\/\"><img class=\"alignnone wp-image-166 size-full aligncenter\" src=\"https:\/\/ctce.com.vn\/wp-content\/uploads\/2021\/04\/pl.jpg\" alt=\"\" width=\"235\" height=\"60\" \/><\/a>\r\n\r\nPh\u1ee5ng Lu\u1eadt[\/vc_column_text][vc_column_text text_larger=\"no\" el_class=\"box-danh-muc-home\"]<a href=\"https:\/\/keevvn.com\/\"><img class=\"alignnone wp-image-165 size-full\" src=\"https:\/\/ctce.com.vn\/wp-content\/uploads\/2021\/04\/keev.jpg\" alt=\"\" width=\"235\" height=\"60\" \/><\/a>\r\n\r\nKEEV[\/vc_column_text][vc_column_text text_larger=\"no\" el_class=\"box-danh-muc-home\"]<img class=\"alignnone wp-image-164 size-full aligncenter\" src=\"https:\/\/ctce.com.vn\/wp-content\/uploads\/2021\/04\/fb.jpg\" alt=\"\" width=\"235\" height=\"60\" \/>\r\n\r\nFacebook[\/vc_column_text][vc_column_text text_larger=\"no\" el_class=\"box-danh-muc-home\"]<img class=\"alignnone wp-image-167 size-full aligncenter\" src=\"https:\/\/ctce.com.vn\/wp-content\/uploads\/2021\/04\/youtube.jpg\" alt=\"\" width=\"235\" height=\"60\" \/>\r\n\r\nYoutube[\/vc_column_text][\/vc_column][\/vc_row]<style data-type=\"vc_shortcodes-custom-css\"><\/style>[\/vc_column_text][\/vc_column_inner][\/vc_row_inner][\/vc_column][vc_column width=&#8221;3\/4&#8243; mobile_bg_img_hidden=&#8221;no&#8221; tablet_bg_img_hidden=&#8221;no&#8221; woodmart_parallax=&#8221;0&#8243; woodmart_sticky_column=&#8221;false&#8221; parallax_scroll=&#8221;no&#8221; mobile_reset_margin=&#8221;no&#8221; tablet_reset_margin=&#8221;no&#8221; el_class=&#8221;tieu-de-trang-sp&#8221;][vc_column_text text_larger=&#8221;no&#8221;]<\/p>\n<p style=\"text-align: center;\"><span style=\"font-size: 17pt; color: #ff0000;\"><b>\u84b8\u767a.\u6fc3\u7e2e\u8a2d\u5099<\/b><\/span><\/p>\n<p>[\/vc_column_text][vc_row_inner][vc_column_inner][vc_column_text text_larger=&#8221;no&#8221;]<span style=\"font-size: 14pt;\">\u822c\u306b\u52a0\u71b1\u6e90\uff08\u84b8\u6c17\u3001\u96fb\u6c17\u3001\u71b1\u5a92\u7b49\uff09\u3092\u4f7f\u7528\u3057\u3001\u52a0\u71b1\u3092\u884c\u3044\u307e\u3059\u3002\u76ee\u7684\u84b8\u767a\u6210\u5206\u53c8\u306f\u6fc3\u7e2e\u6210\u5206\u3092\u5f97\u308b\u3082\u306e\u3068\u306a\u308a\u307e\u3059\u3002\u84b8\u767a\u6db2\u53c8\u306f\u6fc3\u7e2e\u6db2\u306e\u7279\u6027\u306b\u3088\u3063\u3066\u3001\u8584\u819c\u6d41\u4e0b\u5f0f\u3084\u5f37\u5236\u5faa\u74b0\u5f0f\u3084\u30ab\u30e9\u30f3\u30c9\u30ea\u30a2\u5f0f\u53ca\u3073\u81ea\u7136\u5faa\u74b0\u5f0f\u304c\u9069\u7528\u3055\u308c\u307e\u3059\u3002\u3069\u306e\u65b9\u5f0f\u306b\u3057\u3066\u3082\u5f0a\u793e\u306f\u8a2d\u8a08\u5bfe\u5fdc\u3067\u304d\u307e\u3059\u3002<\/span><\/p>\n<p><span style=\"font-size: 14pt;\">\u84b8\u767a\u53c8\u306f\u6fc3\u7e2e\u306e\u64cd\u4f5c\u3092\u8003\u3048\u305f\u6642\u306b\u3001\u6700\u3082\u91cd\u8981\u306a\u3053\u3068\u306f\u3001\u6c34\u3092\u52a0\u71b1\u3001\u84b8\u767a\u3055\u305b\u308b\u30a8\u30cd\u30eb\u30ae\u30fc\u304c\u81a8 \u5927\u3067\u3042\u308b\u70ba\u3001\u3053\u306e\u30a8\u30cd\u30eb\u30ae\u30fc\u3092\u5982\u4f55\u306b\u6709\u52b9 \u306b\u5229\u7528\u3067\u304d\u308b\u304b\u306e\u8a2d\u5099\u63d0\u6848\u306f\u4f7f\u547d\u3068\u306a\u308a\u307e\u3059\u3002<\/span><\/p>\n<p><span style=\"font-size: 14pt;\">\u5f0a\u793e\u306f\u3001\u30d2\u30fc\u30c8\u30dd\u30f3\u30d7\u65b9\u5f0f\u3084\u591a\u91cd\u52b9\u7528\u65b9\u5f0f\u3084\u30a8\u30b8\u30a7\u30af\u30bf\u30fc\u5f0f\u306a\u3069\u3092\u5fdc\u7528\u3057\u3001 \u7701\u30a8\u30cd\u306a\u84b8\u767a\u53c8\u306f\u6fc3\u7e2e\u8a2d\u5099\u3092\u63d0\u6848\u3067\u304d\u307e\u3059\u3002<\/span><\/p>\n<p><span style=\"font-size: 14pt;\">\u98f2\u6599\u53ca\u3073\u98df\u54c1\u5de5\u5834\u306b\u3064\u3044\u3066\u306f\u300120\u5e74\u4ee5\u4e0a\u306e\u7d4c\u9a13\u3067\u3042\u308bCONG MINH\u793e\u3068\u30d1\u30fc\u30c8\u30ca\u30fc\u3068\u3057\u3066\u4e00\u7dd2\u306b\u7d44\u3093\u3067\u3001\u30d7\u30ed \u30b8\u30a7\u30c3\u30af\u30c8\u3092\u9032\u3081\u307e\u3059\u3002<\/span>[\/vc_column_text][vc_column_text text_larger=&#8221;no&#8221;]<img loading=\"lazy\" class=\"alignnone wp-image-348 size-full\" src=\"https:\/\/ctce.com.vn\/wp-content\/uploads\/2021\/09\/jap-HE\u0323\u0302-THO\u0302\u0301NG-BAY-HO\u031bI-CO\u0302-DA\u0323\u0306C-1.png\" alt=\"\" width=\"1920\" height=\"1435\" \/>[\/vc_column_text][\/vc_column_inner][\/vc_row_inner][vc_row_inner][vc_column_inner][vc_column_text text_larger=&#8221;no&#8221;]<img loading=\"lazy\" class=\"alignnone wp-image-349 size-full\" src=\"https:\/\/ctce.com.vn\/wp-content\/uploads\/2021\/09\/jap-HE\u0323\u0302-THO\u0302\u0301NG-BAY-HO\u031bI-CO\u0302-DA\u0323\u0306C-2.png\" alt=\"\" width=\"1920\" height=\"1257\" \/>[\/vc_column_text][\/vc_column_inner][\/vc_row_inner][vc_row_inner][vc_column_inner][vc_column_text text_larger=&#8221;no&#8221;]<img loading=\"lazy\" class=\"alignnone wp-image-350 size-full\" src=\"https:\/\/ctce.com.vn\/wp-content\/uploads\/2021\/09\/jap-HE\u0323\u0302-THO\u0302\u0301NG-BAY-HO\u031bI-CO\u0302-DA\u0323\u0306C-3.png\" alt=\"\" width=\"1920\" height=\"1257\" \/>[\/vc_column_text][\/vc_column_inner][\/vc_row_inner][vc_row_inner][vc_column_inner width=&#8221;1\/2&#8243;][vc_single_image image=&#8221;144&#8243; img_size=&#8221;full&#8221; alignment=&#8221;center&#8221; parallax_scroll=&#8221;no&#8221;][\/vc_column_inner][vc_column_inner width=&#8221;1\/2&#8243;][vc_single_image image=&#8221;145&#8243; img_size=&#8221;full&#8221; alignment=&#8221;center&#8221; parallax_scroll=&#8221;no&#8221;][\/vc_column_inner][\/vc_row_inner][vc_column_text text_larger=&#8221;no&#8221;]<\/p>\n<p style=\"text-align: center;\"><span style=\"font-size: 14pt;\">\u30ab\u30e9\u30f3\u30c9\u30ea\u30a2\u6fc3\u7e2e\u65b9\u5f0f\u53ca\u3073\u4ed8\u5c5e\u6a5f\u5668\u306e\u30a4\u30e1\u30fc\u30b8<\/span><\/p>\n<p>[\/vc_column_text][\/vc_column][\/vc_row]<\/p>","protected":false},"excerpt":{"rendered":"<p>[vc_row][vc_column w<\/p>\n","protected":false},"author":3,"featured_media":143,"parent":0,"menu_order":0,"comment_status":"closed","ping_status":"closed","template":"","meta":[],"_links":{"self":[{"href":"https:\/\/ctce.com.vn\/ja\/wp-json\/wp\/v2\/pages\/140"}],"collection":[{"href":"https:\/\/ctce.com.vn\/ja\/wp-json\/wp\/v2\/pages"}],"about":[{"href":"https:\/\/ctce.com.vn\/ja\/wp-json\/wp\/v2\/types\/page"}],"author":[{"embeddable":true,"href":"https:\/\/ctce.com.vn\/ja\/wp-json\/wp\/v2\/users\/3"}],"replies":[{"embeddable":true,"href":"https:\/\/ctce.com.vn\/ja\/wp-json\/wp\/v2\/comments?post=140"}],"version-history":[{"count":0,"href":"https:\/\/ctce.com.vn\/ja\/wp-json\/wp\/v2\/pages\/140\/revisions"}],"wp:featuredmedia":[{"embeddable":true,"href":"https:\/\/ctce.com.vn\/ja\/wp-json\/wp\/v2\/media\/143"}],"wp:attachment":[{"href":"https:\/\/ctce.com.vn\/ja\/wp-json\/wp\/v2\/media?parent=140"}],"curies":[{"name":"wp","href":"https:\/\/api.w.org\/{rel}","templated":true}]}}