{"id":130,"date":"2021-04-20T14:25:44","date_gmt":"2021-04-20T07:25:44","guid":{"rendered":"http:\/\/rubicdemoweb5.tk\/?page_id=130"},"modified":"2021-09-28T10:30:10","modified_gmt":"2021-09-28T03:30:10","slug":"chung-cat-va-thu-hoi-dung-moi","status":"publish","type":"page","link":"https:\/\/ctce.com.vn\/ja\/chung-cat-va-thu-hoi-dung-moi\/","title":{"rendered":"\u6eb6\u5264\u56de\u53ce\u8a2d\u5099\u53ca\u3073\u84b8\u7559\u7cbe\u88fd\u8a2d\u5099"},"content":{"rendered":"<p>[vc_row el_class=\"box-widget-1\" mobile_bg_img_hidden=\"no\" tablet_bg_img_hidden=\"no\" woodmart_parallax=\"0\" woodmart_gradient_switch=\"no\" row_reverse_mobile=\"0\" row_reverse_tablet=\"0\" woodmart_disable_overflow=\"0\"][vc_column mobile_bg_img_hidden=\"no\" tablet_bg_img_hidden=\"no\" woodmart_parallax=\"0\" woodmart_sticky_column=\"false\" el_class=\"box-category-home\" parallax_scroll=\"no\" mobile_reset_margin=\"no\" tablet_reset_margin=\"no\"][vc_column_text text_larger=\"no\" el_class=\"box-danh-muc-home\"]<a href=\"http:\/\/www.comi.vn\/\"><img class=\"alignnone wp-image-163 size-full aligncenter\" src=\"https:\/\/ctce.com.vn\/wp-content\/uploads\/2021\/04\/cee.jpg\" alt=\"\" width=\"235\" height=\"60\" \/><\/a>\r\n\r\nC\u01a1 kh\u00ed C\u00f4ng Minh[\/vc_column_text][vc_column_text text_larger=\"no\" el_class=\"box-danh-muc-home\"]<a href=\"https:\/\/phungluat.com.vn\/\"><img class=\"alignnone wp-image-166 size-full aligncenter\" src=\"https:\/\/ctce.com.vn\/wp-content\/uploads\/2021\/04\/pl.jpg\" alt=\"\" width=\"235\" height=\"60\" \/><\/a>\r\n\r\nPh\u1ee5ng Lu\u1eadt[\/vc_column_text][vc_column_text text_larger=\"no\" el_class=\"box-danh-muc-home\"]<a href=\"https:\/\/keevvn.com\/\"><img class=\"alignnone wp-image-165 size-full\" src=\"https:\/\/ctce.com.vn\/wp-content\/uploads\/2021\/04\/keev.jpg\" alt=\"\" width=\"235\" height=\"60\" \/><\/a>\r\n\r\nKEEV[\/vc_column_text][vc_column_text text_larger=\"no\" el_class=\"box-danh-muc-home\"]<img class=\"alignnone wp-image-164 size-full aligncenter\" src=\"https:\/\/ctce.com.vn\/wp-content\/uploads\/2021\/04\/fb.jpg\" alt=\"\" width=\"235\" height=\"60\" \/>\r\n\r\nFacebook[\/vc_column_text][vc_column_text text_larger=\"no\" el_class=\"box-danh-muc-home\"]<img class=\"alignnone wp-image-167 size-full aligncenter\" src=\"https:\/\/ctce.com.vn\/wp-content\/uploads\/2021\/04\/youtube.jpg\" alt=\"\" width=\"235\" height=\"60\" \/>\r\n\r\nYoutube[\/vc_column_text][\/vc_column][\/vc_row]<style data-type=\"vc_shortcodes-custom-css\"><\/style>[\/vc_column_text][\/vc_column_inner][\/vc_row_inner][\/vc_column][vc_column width=&#8221;3\/4&#8243; mobile_bg_img_hidden=&#8221;no&#8221; tablet_bg_img_hidden=&#8221;no&#8221; woodmart_parallax=&#8221;0&#8243; woodmart_sticky_column=&#8221;false&#8221; parallax_scroll=&#8221;no&#8221; mobile_reset_margin=&#8221;no&#8221; tablet_reset_margin=&#8221;no&#8221; el_class=&#8221;tieu-de-trang-sp&#8221;][vc_column_text text_larger=&#8221;no&#8221;]<\/p>\n<h3 style=\"text-align: center;\"><span style=\"color: #ff0000;\">CH\u01afNG C\u1ea4T V\u00c0 THU H\u1ed2I DUNG M\u00d4I<\/span><\/h3>\n<p>[\/vc_column_text][vc_column_text text_larger=&#8221;no&#8221;]<span style=\"font-size: 14pt;\">Ch\u00fang t\u00f4i \u0111\u01b0a ra gi\u1ea3i ph\u00e1p tr\u1ecdn g\u00f3i t\u1eeb vi\u1ec7c \u0111\u1ec1 xu\u1ea5t c\u00f4ng ngh\u1ec7, t\u1edbi thi\u1ebft k\u1ebf, mua h\u00e0ng, thi c\u00f4ng l\u1eafp \u0111\u1eb7t, ch\u1ea1y th\u1eed b\u00e0n giao v\u00e0 th\u1ef1c hi\u1ec7n c\u00e1c d\u1ecbch v\u1ee5 h\u1eadu m\u00e3i.<\/span><\/p>\n<p><span style=\"font-size: 14pt;\">Ch\u00fang t\u00f4i c\u00f3 th\u1ec3 \u0111\u01b0a ra nhi\u1ec1u ph\u01b0\u01a1ng ph\u00e1p nh\u01b0 ch\u01b0ng c\u1ea5t li\u00ean t\u1ee5c, ch\u01b0ng c\u1ea5t theo m\u1ebb, ch\u01b0ng c\u1ea5t b\u00e1n li\u00ean t\u1ee5c, h\u1ea5p th\u1ee5 ho\u1eb7c x\u1eed l\u00fd b\u1eb1ng ph\u01b0\u01a1ng ph\u00e1p kh\u00e1c \u0111\u1ec3 gi\u1ea3i quy\u1ebft y\u00eau c\u1ea7u kh\u00e1ch h\u00e0ng \u0111\u01b0a ra.<\/span><\/p>\n<p><span style=\"font-size: 14pt;\">\u0110a d\u1ea1ng trong vi\u1ec7c \u1ee9ng d\u1ee5ng c\u00e1c thi\u1ebft b\u1ecb v\u00e0o h\u1ec7 th\u1ed1ng, \u0111\u1eb7c bi\u1ec7t l\u00e0 th\u00e1p ch\u01b0ng c\u1ea5t v\u1edbi c\u00e1c lo\u1ea1i nh\u01b0 th\u00e1p m\u00e2m xuy\u00ean l\u1ed7, th\u00e1p m\u00e2m ch\u00f3p, th\u00e1p \u0111\u1ec7m c\u1ea5u tr\u00fac v\u00e0 \u0111\u1ec7m ch\u00eam b\u1ea5t quy t\u1eafc; c\u00e1c ph\u01b0\u01a1ng \u00e1n ti\u1ebft ki\u1ec7m n\u0103ng l\u01b0\u1ee3ng nh\u01b0 m\u00e1y b\u01a1m nhi\u1ec7t (heat pump); ho\u1eb7c c\u00e1c thi\u1ebft b\u1ecb \u0111\u1eb7c bi\u1ec7t nh\u01b0 Wall Water, Hi-Eva v\u00e0 ECOTRAP.<\/span>[\/vc_column_text][vc_row_inner][vc_column_inner][vc_column_text text_larger=&#8221;no&#8221;]<\/p>\n<p style=\"text-align: center;\"><span style=\"font-size: 14pt;\"><strong>C\u00e1c lo\u1ea1i dung m\u00f4i ti\u00eau bi\u1ec3u<\/strong><\/span><\/p>\n<p>[\/vc_column_text][\/vc_column_inner][\/vc_row_inner][vc_row_inner el_class=&#8221;box-li-icon&#8221; row_reverse_mobile=&#8221;0&#8243; row_reverse_tablet=&#8221;0&#8243;][vc_column_inner width=&#8221;1\/3&#8243;][vc_column_text text_larger=&#8221;no&#8221;]<\/p>\n<ul>\n<li style=\"text-align: center;\"><span style=\"font-size: 14pt;\"><b>Methanol<\/b><\/span><\/li>\n<li style=\"text-align: center;\"><span style=\"font-size: 14pt;\"><b>Ethanol<\/b><\/span><\/li>\n<li style=\"text-align: center;\"><span style=\"font-size: 14pt;\"><b>IPA<\/b><\/span><\/li>\n<li style=\"text-align: center;\"><span style=\"font-size: 14pt;\"><b>Butanol<\/b><\/span><\/li>\n<li style=\"text-align: center;\"><span style=\"font-size: 14pt;\"><b>Propylene glycol<\/b><\/span><\/li>\n<li style=\"text-align: center;\"><span style=\"font-size: 14pt;\"><b>Ethylene glycol<\/b><\/span><\/li>\n<li style=\"text-align: center;\"><span style=\"font-size: 14pt;\"><b>Phenol<\/b><\/span><\/li>\n<\/ul>\n<p>[\/vc_column_text][\/vc_column_inner][vc_column_inner width=&#8221;1\/3&#8243;][vc_column_text text_larger=&#8221;no&#8221;]<\/p>\n<ul>\n<li style=\"text-align: center;\"><span style=\"font-size: 14pt;\"><b>NMP<\/b><\/span><\/li>\n<li style=\"text-align: center;\"><span style=\"font-size: 14pt;\"><b>Acetone<\/b><\/span><\/li>\n<li style=\"text-align: center;\"><span style=\"font-size: 14pt;\"><b>DMF<\/b><\/span><\/li>\n<li style=\"text-align: center;\"><span style=\"font-size: 14pt;\"><b>THF<\/b><\/span><\/li>\n<li style=\"text-align: center;\"><span style=\"font-size: 14pt;\"><b>DMSO<\/b><\/span><\/li>\n<li style=\"text-align: center;\"><span style=\"font-size: 14pt;\"><b>Benzene<\/b><\/span><\/li>\n<li style=\"text-align: center;\"><span style=\"font-size: 14pt;\"><b>Toluene<\/b><\/span><\/li>\n<\/ul>\n<p>[\/vc_column_text][\/vc_column_inner][vc_column_inner width=&#8221;1\/3&#8243;][vc_column_text text_larger=&#8221;no&#8221;]<\/p>\n<ul>\n<li style=\"text-align: center;\"><span style=\"font-size: 14pt;\"><b>Glycerin<\/b><\/span><\/li>\n<li style=\"text-align: center;\"><span style=\"font-size: 14pt;\"><b>Cyclohexane<\/b><\/span><\/li>\n<li style=\"text-align: center;\"><span style=\"font-size: 14pt;\"><b>Ethyl Acetate<\/b><\/span><\/li>\n<li style=\"text-align: center;\"><span style=\"font-size: 14pt;\"><b>Acetic Acid<\/b><\/span><\/li>\n<li style=\"text-align: center;\"><span style=\"font-size: 14pt;\"><b>MEK<\/b><\/span><\/li>\n<li style=\"text-align: center;\"><span style=\"font-size: 14pt;\"><b>MIBK<\/b><\/span><\/li>\n<li style=\"text-align: center;\"><span style=\"font-size: 14pt;\"><b>\u3002\u3002<\/b><b>\u3002<\/b><\/span><\/li>\n<\/ul>\n<p>[\/vc_column_text][\/vc_column_inner][\/vc_row_inner][vc_row_inner][vc_column_inner][vc_column_text text_larger=&#8221;no&#8221;]<\/p>\n<p style=\"text-align: center;\"><a href=\"https:\/\/ctce.com.vn\/wp-content\/uploads\/2021\/08\/14.1.png\"><img loading=\"lazy\" class=\"alignnone wp-image-201 size-full\" src=\"https:\/\/ctce.com.vn\/wp-content\/uploads\/2021\/08\/14.1.png\" alt=\"\" width=\"1920\" height=\"1257\" \/><\/a><\/p>\n<p>[\/vc_column_text][\/vc_column_inner][\/vc_row_inner][vc_row_inner][vc_column_inner][vc_column_text text_larger=&#8221;no&#8221;]<\/p>\n<p style=\"text-align: center;\"><a href=\"https:\/\/ctce.com.vn\/wp-content\/uploads\/2021\/08\/14.2.png\"><img loading=\"lazy\" class=\"alignnone wp-image-200 size-full\" src=\"https:\/\/ctce.com.vn\/wp-content\/uploads\/2021\/08\/14.2.png\" alt=\"\" width=\"1920\" height=\"1252\" \/><\/a><\/p>\n<p>[\/vc_column_text][\/vc_column_inner][\/vc_row_inner][\/vc_column][\/vc_row][vc_row el_class=\"box-widget-1\" mobile_bg_img_hidden=\"no\" tablet_bg_img_hidden=\"no\" woodmart_parallax=\"0\" woodmart_gradient_switch=\"no\" row_reverse_mobile=\"0\" row_reverse_tablet=\"0\" woodmart_disable_overflow=\"0\"][vc_column mobile_bg_img_hidden=\"no\" tablet_bg_img_hidden=\"no\" woodmart_parallax=\"0\" woodmart_sticky_column=\"false\" el_class=\"box-category-home\" parallax_scroll=\"no\" mobile_reset_margin=\"no\" tablet_reset_margin=\"no\"][vc_column_text text_larger=\"no\" el_class=\"box-danh-muc-home\"]<a href=\"http:\/\/www.comi.vn\/\"><img class=\"alignnone wp-image-163 size-full aligncenter\" src=\"https:\/\/ctce.com.vn\/wp-content\/uploads\/2021\/04\/cee.jpg\" alt=\"\" width=\"235\" height=\"60\" \/><\/a>\r\n\r\nC\u01a1 kh\u00ed C\u00f4ng Minh[\/vc_column_text][vc_column_text text_larger=\"no\" el_class=\"box-danh-muc-home\"]<a href=\"https:\/\/phungluat.com.vn\/\"><img class=\"alignnone wp-image-166 size-full aligncenter\" src=\"https:\/\/ctce.com.vn\/wp-content\/uploads\/2021\/04\/pl.jpg\" alt=\"\" width=\"235\" height=\"60\" \/><\/a>\r\n\r\nPh\u1ee5ng Lu\u1eadt[\/vc_column_text][vc_column_text text_larger=\"no\" el_class=\"box-danh-muc-home\"]<a href=\"https:\/\/keevvn.com\/\"><img class=\"alignnone wp-image-165 size-full\" src=\"https:\/\/ctce.com.vn\/wp-content\/uploads\/2021\/04\/keev.jpg\" alt=\"\" width=\"235\" height=\"60\" \/><\/a>\r\n\r\nKEEV[\/vc_column_text][vc_column_text text_larger=\"no\" el_class=\"box-danh-muc-home\"]<img class=\"alignnone wp-image-164 size-full aligncenter\" src=\"https:\/\/ctce.com.vn\/wp-content\/uploads\/2021\/04\/fb.jpg\" alt=\"\" width=\"235\" height=\"60\" \/>\r\n\r\nFacebook[\/vc_column_text][vc_column_text text_larger=\"no\" el_class=\"box-danh-muc-home\"]<img class=\"alignnone wp-image-167 size-full aligncenter\" src=\"https:\/\/ctce.com.vn\/wp-content\/uploads\/2021\/04\/youtube.jpg\" alt=\"\" width=\"235\" height=\"60\" \/>\r\n\r\nYoutube[\/vc_column_text][\/vc_column][\/vc_row]<style data-type=\"vc_shortcodes-custom-css\"><\/style>[\/vc_column_text][\/vc_column_inner][\/vc_row_inner][\/vc_column][vc_column width=&#8221;3\/4&#8243; mobile_bg_img_hidden=&#8221;no&#8221; tablet_bg_img_hidden=&#8221;no&#8221; woodmart_parallax=&#8221;0&#8243; woodmart_sticky_column=&#8221;false&#8221; parallax_scroll=&#8221;no&#8221; mobile_reset_margin=&#8221;no&#8221; tablet_reset_margin=&#8221;no&#8221; el_class=&#8221;tieu-de-trang-sp&#8221;][vc_column_text text_larger=&#8221;no&#8221;]<\/p>\n<h3 style=\"text-align: center;\"><span style=\"color: #ff0000;\">SOLVENT RECOVERY SYSTEM AND DISTILLATION SYSTEM<\/span><\/h3>\n<p>[\/vc_column_text][vc_column_text text_larger=&#8221;no&#8221;]<span style=\"font-size: 14pt;\">We can design a full solution from Process proposal to engineering, commissioning, system handover and perform after sale service.<\/span><\/p>\n<p><span style=\"font-size: 14pt;\">We can propose various methods such as continuous distillation, batch distillation, semi-batch distillation, absorption, or order treatment method to solve customer\u2019s requirements for recovery of solvents<\/span><\/p>\n<p><span style=\"font-size: 14pt;\">Diversity in application for various equipment in various system, especially distillation columns such as sieve trays, camp trays, regular packing tower, irregular packing tower, energy saving methods such as heat pumps, or special equipment such as Wall Water, Hi-Eva, and ECOTRAP<\/span>[\/vc_column_text][vc_row_inner][vc_column_inner][vc_column_text text_larger=&#8221;no&#8221;]<\/p>\n<p style=\"text-align: center;\"><span style=\"font-size: 14pt;\"><strong>Typical recovered solvent<\/strong><\/span><\/p>\n<p>[\/vc_column_text][\/vc_column_inner][\/vc_row_inner][vc_row_inner el_class=&#8221;box-li-icon&#8221; row_reverse_mobile=&#8221;0&#8243; row_reverse_tablet=&#8221;0&#8243;][vc_column_inner width=&#8221;1\/3&#8243;][vc_column_text text_larger=&#8221;no&#8221;]<\/p>\n<ul>\n<li style=\"text-align: center;\"><span style=\"font-size: 14pt;\"><b>Methanol<\/b><\/span><\/li>\n<li style=\"text-align: center;\"><span style=\"font-size: 14pt;\"><b>Ethanol<\/b><\/span><\/li>\n<li style=\"text-align: center;\"><span style=\"font-size: 14pt;\"><b>IPA<\/b><\/span><\/li>\n<li style=\"text-align: center;\"><span style=\"font-size: 14pt;\"><b>Butanol<\/b><\/span><\/li>\n<li style=\"text-align: center;\"><span style=\"font-size: 14pt;\"><b>Propylene glycol<\/b><\/span><\/li>\n<li style=\"text-align: center;\"><span style=\"font-size: 14pt;\"><b>Ethylene glycol<\/b><\/span><\/li>\n<li style=\"text-align: center;\"><span style=\"font-size: 14pt;\"><b>Phenol<\/b><\/span><\/li>\n<\/ul>\n<p>[\/vc_column_text][\/vc_column_inner][vc_column_inner width=&#8221;1\/3&#8243;][vc_column_text text_larger=&#8221;no&#8221;]<\/p>\n<ul>\n<li style=\"text-align: center;\"><span style=\"font-size: 14pt;\"><b>NMP<\/b><\/span><\/li>\n<li style=\"text-align: center;\"><span style=\"font-size: 14pt;\"><b>Acetone<\/b><\/span><\/li>\n<li style=\"text-align: center;\"><span style=\"font-size: 14pt;\"><b>DMF<\/b><\/span><\/li>\n<li style=\"text-align: center;\"><span style=\"font-size: 14pt;\"><b>THF<\/b><\/span><\/li>\n<li style=\"text-align: center;\"><span style=\"font-size: 14pt;\"><b>DMSO<\/b><\/span><\/li>\n<li style=\"text-align: center;\"><span style=\"font-size: 14pt;\"><b>Benzene<\/b><\/span><\/li>\n<li style=\"text-align: center;\"><span style=\"font-size: 14pt;\"><b>Toluene<\/b><\/span><\/li>\n<\/ul>\n<p>[\/vc_column_text][\/vc_column_inner][vc_column_inner width=&#8221;1\/3&#8243;][vc_column_text text_larger=&#8221;no&#8221;]<\/p>\n<ul>\n<li style=\"text-align: center;\"><span style=\"font-size: 14pt;\"><b>Glycerin<\/b><\/span><\/li>\n<li style=\"text-align: center;\"><span style=\"font-size: 14pt;\"><b>Cyclohexane<\/b><\/span><\/li>\n<li style=\"text-align: center;\"><span style=\"font-size: 14pt;\"><b>Ethyl Acetate<\/b><\/span><\/li>\n<li style=\"text-align: center;\"><span style=\"font-size: 14pt;\"><b>Acetic Acid<\/b><\/span><\/li>\n<li style=\"text-align: center;\"><span style=\"font-size: 14pt;\"><b>MEK<\/b><\/span><\/li>\n<li style=\"text-align: center;\"><span style=\"font-size: 14pt;\"><b>MIBK<\/b><\/span><\/li>\n<li style=\"text-align: center;\"><span style=\"font-size: 14pt;\"><b>\u3002\u3002<\/b><b>\u3002<\/b><\/span><\/li>\n<\/ul>\n<p>[\/vc_column_text][\/vc_column_inner][\/vc_row_inner][vc_row_inner][vc_column_inner][vc_column_text text_larger=&#8221;no&#8221;]<\/p>\n<p style=\"text-align: center;\"><img loading=\"lazy\" class=\"alignnone wp-image-321 size-full\" src=\"https:\/\/ctce.com.vn\/wp-content\/uploads\/2021\/09\/eng-Chu\u031bng-ca\u0302\u0301t-va\u0300-thu-ho\u0302\u0300i-dung-mo\u0302i-1.png\" alt=\"\" width=\"1920\" height=\"1256\" \/><\/p>\n<p>[\/vc_column_text][\/vc_column_inner][\/vc_row_inner][vc_row_inner][vc_column_inner][vc_column_text text_larger=&#8221;no&#8221;]<\/p>\n<p style=\"text-align: center;\"><img loading=\"lazy\" class=\"alignnone wp-image-322 size-full\" src=\"https:\/\/ctce.com.vn\/wp-content\/uploads\/2021\/09\/eng-Chu\u031bng-ca\u0302\u0301t-va\u0300-thu-ho\u0302\u0300i-dung-mo\u0302i-2.png\" alt=\"\" width=\"1920\" height=\"1252\" \/><\/p>\n<p>[\/vc_column_text][\/vc_column_inner][\/vc_row_inner][\/vc_column][\/vc_row][vc_row][vc_column width=&#8221;1\/4&#8243; mobile_bg_img_hidden=&#8221;no&#8221; tablet_bg_img_hidden=&#8221;no&#8221; woodmart_parallax=&#8221;0&#8243; woodmart_sticky_column=&#8221;false&#8221; parallax_scroll=&#8221;no&#8221; mobile_reset_margin=&#8221;no&#8221; tablet_reset_margin=&#8221;no&#8221;][vc_column_text text_larger=&#8221;no&#8221; el_class=&#8221;sidebar-inner woodmart-sidebar-scroll&#8221;]<\/p>\n<div class=\"menu-chuyen-muc widget-area woodmart-sidebar-content\">\n<div class=\"menu-chuyen-muc widget-area woodmart-sidebar-content\">\n<h3><span style=\"font-size: 13pt;\">\u4e3b\u8981\u88fd\u54c1<\/span><\/h3>\n<ul>\n<li><a href=\"https:\/\/ctce.com.vn\/san-pham-chinh\/\"><span style=\"font-size: 14pt;\">\u6982\u8981 <\/span><\/a><\/li>\n<li><span style=\"font-size: 13pt;\"><a href=\"https:\/\/ctce.com.vn\/nha-may-san-xuat-keo\/\">\u63a5\u7740\u5264\u88fd\u9020\u30d7\u30e9\u30f3\u30c8 <\/a><\/span><\/li>\n<li><span style=\"font-size: 13pt;\"><a href=\"https:\/\/ctce.com.vn\/nha-may-san-xuat-son\/\">\u5857\u6599\u88fd\u9020\u30d7\u30e9\u30f3\u30c8 <\/a><\/span><\/li>\n<li><span style=\"font-size: 13pt;\"><a href=\"https:\/\/ctce.com.vn\/he-thong-cham-hoa-chat\/\">\u88fd\u7d19\u5de5\u5834\u7528\u30b1\u30df\u30ab\u30eb\u6dfb\u52a0\u30b7\u30b9\u30c6\u30e0 <\/a><\/span><\/li>\n<li><span style=\"font-size: 13pt;\"><a href=\"https:\/\/ctce.com.vn\/chung-cat-va-thu-hoi-dung-moi\/\">\u6eb6\u5264\u56de\u53ce\u8a2d\u5099\u53ca\u3073\u84b8\u7559\u7cbe\u88fd\u8a2d\u5099 <\/a><\/span><\/li>\n<li><span style=\"font-size: 13pt;\"><a href=\"https:\/\/ctce.com.vn\/he-thong-xu-ly-amonia\/\">\u30a2\u30f3\u30e2\u30cb\u30a2\u51e6\u7406\u30b7\u30b9\u30c6\u30e0 <\/a><\/span><\/li>\n<li><span style=\"font-size: 13pt;\"><a href=\"https:\/\/ctce.com.vn\/boc-hoi-va-co-dac\/\">\u84b8\u767a.\u6fc3\u7e2e\u8a2d\u5099 <\/a><\/span><\/li>\n<li><span style=\"font-size: 13pt;\"><a href=\"https:\/\/ctce.com.vn\/he-thong-xu-ly-nuoc-va-nuoc-thai\/\">\u6392\u6c34\u51e6\u7406\u8a2d\u5099\u53ca\u3073\u6c34\u51e6\u7406\u8a2d\u5099 <\/a><\/span><\/li>\n<li><span style=\"font-size: 13pt;\"><a href=\"https:\/\/ctce.com.vn\/bao-tri-bao-duong\/\"> \u4fdd\u5b88\u2014\u4fdd\u5168 <\/a><\/span><\/li>\n<li><a href=\"https:\/\/ctce.com.vn\/cac-thiet-bi-tieu-bieu\/\"><span style=\"font-size: 13pt;\">\u30b1\u30df\u30ab\u30eb\u30d7\u30e9\u30f3\u30c8\u306e\u4e3b\u8981\u6a5f\u5668 <\/span><\/a><\/li>\n<li><a href=\"https:\/\/ctce.com.vn\/nang-luong-mat-troi\/\"><span style=\"font-size: 13pt;\">\u592a\u967d\u5149\u767a\u96fb\u30b7\u30b9\u30c6\u30e0 <\/span><\/a><\/li>\n<\/ul>\n<\/div>\n<p>&nbsp;<\/p>\n<\/div>\n<p>[\/vc_column_text][vc_row_inner][vc_column_inner][vc_column_text text_larger=&#8221;no&#8221;][vc_row el_class=\"box-widget-1\" mobile_bg_img_hidden=\"no\" tablet_bg_img_hidden=\"no\" woodmart_parallax=\"0\" woodmart_gradient_switch=\"no\" row_reverse_mobile=\"0\" row_reverse_tablet=\"0\" woodmart_disable_overflow=\"0\"][vc_column mobile_bg_img_hidden=\"no\" tablet_bg_img_hidden=\"no\" woodmart_parallax=\"0\" woodmart_sticky_column=\"false\" el_class=\"box-category-home\" parallax_scroll=\"no\" mobile_reset_margin=\"no\" tablet_reset_margin=\"no\"][vc_column_text text_larger=\"no\" el_class=\"box-danh-muc-home\"]<a href=\"http:\/\/www.comi.vn\/\"><img class=\"alignnone wp-image-163 size-full aligncenter\" src=\"https:\/\/ctce.com.vn\/wp-content\/uploads\/2021\/04\/cee.jpg\" alt=\"\" width=\"235\" height=\"60\" \/><\/a>\r\n\r\nC\u01a1 kh\u00ed C\u00f4ng Minh[\/vc_column_text][vc_column_text text_larger=\"no\" el_class=\"box-danh-muc-home\"]<a href=\"https:\/\/phungluat.com.vn\/\"><img class=\"alignnone wp-image-166 size-full aligncenter\" src=\"https:\/\/ctce.com.vn\/wp-content\/uploads\/2021\/04\/pl.jpg\" alt=\"\" width=\"235\" height=\"60\" \/><\/a>\r\n\r\nPh\u1ee5ng Lu\u1eadt[\/vc_column_text][vc_column_text text_larger=\"no\" el_class=\"box-danh-muc-home\"]<a href=\"https:\/\/keevvn.com\/\"><img class=\"alignnone wp-image-165 size-full\" src=\"https:\/\/ctce.com.vn\/wp-content\/uploads\/2021\/04\/keev.jpg\" alt=\"\" width=\"235\" height=\"60\" \/><\/a>\r\n\r\nKEEV[\/vc_column_text][vc_column_text text_larger=\"no\" el_class=\"box-danh-muc-home\"]<img class=\"alignnone wp-image-164 size-full aligncenter\" src=\"https:\/\/ctce.com.vn\/wp-content\/uploads\/2021\/04\/fb.jpg\" alt=\"\" width=\"235\" height=\"60\" \/>\r\n\r\nFacebook[\/vc_column_text][vc_column_text text_larger=\"no\" el_class=\"box-danh-muc-home\"]<img class=\"alignnone wp-image-167 size-full aligncenter\" src=\"https:\/\/ctce.com.vn\/wp-content\/uploads\/2021\/04\/youtube.jpg\" alt=\"\" width=\"235\" height=\"60\" \/>\r\n\r\nYoutube[\/vc_column_text][\/vc_column][\/vc_row]<style data-type=\"vc_shortcodes-custom-css\"><\/style>[\/vc_column_text][\/vc_column_inner][\/vc_row_inner][\/vc_column][vc_column width=&#8221;3\/4&#8243; mobile_bg_img_hidden=&#8221;no&#8221; tablet_bg_img_hidden=&#8221;no&#8221; woodmart_parallax=&#8221;0&#8243; woodmart_sticky_column=&#8221;false&#8221; parallax_scroll=&#8221;no&#8221; mobile_reset_margin=&#8221;no&#8221; tablet_reset_margin=&#8221;no&#8221; el_class=&#8221;tieu-de-trang-sp&#8221;][vc_column_text text_larger=&#8221;no&#8221;]<\/p>\n<h3 style=\"text-align: center;\"><span style=\"color: #ff0000;\">\u6eb6\u5264\u56de\u53ce\u8a2d\u5099\u53ca\u3073\u84b8\u7559\u7cbe\u88fd\u8a2d\u5099<\/span><\/h3>\n<p>[\/vc_column_text][vc_column_text text_larger=&#8221;no&#8221;]<span style=\"font-size: 14pt;\">\u8a2d\u5099\u30ce\u30a6\u30cf\u30a6\u63d0\u6848\u304b\u3089\u8a2d\u8a08\u3001\u8cfc\u5165\u3001\u5efa\u8a2d\u3001\u8a2d\u7f6e\u3001\u8a66\u904b\u8ee2\u3001\u5f15\u304d\u6e21\u3057\u3001\u30a2\u30d5\u30bf\u30fc\u30b5\u30fc\u30d3\u30b9\u307e\u3067\u3001\u5b8c\u5168\u306a\u30bd\u30ea\u30e5\u30fc\u30b7\u30e7\u30f3\u3092\u63d0\u4f9b\u3057\u307e\u3059\u3002<\/span><\/p>\n<p><span style=\"font-size: 14pt;\">\u304a\u5ba2\u69d8\u306e\u3054\u8981\u671b\u306b\u5fdc\u3058\u3066\u3001\u9023\u7d9a\u84b8\u7559\u3001\u30d0\u30c3\u30c1\u84b8\u7559\u3001\u30bb\u30df\u30d0\u30c3\u30c1\u84b8\u7559\u3001\u5438\u53ce\u7b49\u306e\u69d8\u3005\u306a\u65b9\u6cd5\u3067\u3054\u63d0\u6848\u3067\u304d\u307e\u3059\u3002<\/span><\/p>\n<p><span style=\"font-size: 14pt;\">\u8a2d\u5099\u306b\u6a5f\u5668\u985e\u3092\u591a\u69d8\u306b\u9069\u7528\u3057\u307e\u3059\u3002\u7279\u306b\u84b8\u7559\u5854\u306f\u30ad\u30e3\u30f3\u30d7\u30c8\u30ec\u30a4\u3001\u30b7\u30fc\u30d6\u30c8\u30ec\u30a4\u3001\u898f\u5247\u5145\u586b\u5854\u3001\u4e0d\u898f\u5247\u5145\u586b\u5854\u304c\u3042\u308a\u307e\u3059\u3002\u3055\u3089\u306b\u3001\u7701\u30a8\u30cd\u306e\u70ba\u3001\u30d2\u30fc\u30c8\u30dd\u30f3\u30d7\u3082\u9069\u7528\u3055\u308c\u308b\u5834\u5408\u3082\u3042\u308a\u307e\u3059\u3002\u305d\u3057\u3066\u3001\u30a6\u30a9\u30fc\u30eb\u30a6\u30a9\u30fc\u30bf\u30fc\u3001Hi-Eva\u3001ECOTRAP\u306a\u3069\u306e\u7279\u5225\u6a5f\u5668\u3082\u8a2d\u8a08\u5bfe\u5fdc\u3067\u304d\u307e\u3059\u3002<\/span>[\/vc_column_text][vc_row_inner][vc_column_inner][vc_column_text text_larger=&#8221;no&#8221;]<\/p>\n<p style=\"text-align: center;\"><span style=\"font-size: 14pt;\"><strong>\u5bfe\u5fdc\u53ef\u80fd\u306a\u4e3b\u6eb6\u5264<\/strong><\/span><\/p>\n<p>[\/vc_column_text][\/vc_column_inner][\/vc_row_inner][vc_row_inner el_class=&#8221;box-li-icon&#8221; row_reverse_mobile=&#8221;0&#8243; row_reverse_tablet=&#8221;0&#8243;][vc_column_inner width=&#8221;1\/3&#8243;][vc_column_text text_larger=&#8221;no&#8221;]<\/p>\n<ul>\n<li style=\"text-align: center;\"><span style=\"font-size: 14pt;\"><b>Methanol<\/b><\/span><\/li>\n<li style=\"text-align: center;\"><span style=\"font-size: 14pt;\"><b>Ethanol<\/b><\/span><\/li>\n<li style=\"text-align: center;\"><span style=\"font-size: 14pt;\"><b>IPA<\/b><\/span><\/li>\n<li style=\"text-align: center;\"><span style=\"font-size: 14pt;\"><b>Butanol<\/b><\/span><\/li>\n<li style=\"text-align: center;\"><span style=\"font-size: 14pt;\"><b>Propylene glycol<\/b><\/span><\/li>\n<li style=\"text-align: center;\"><span style=\"font-size: 14pt;\"><b>Ethylene glycol<\/b><\/span><\/li>\n<li style=\"text-align: center;\"><span style=\"font-size: 14pt;\"><b>Phenol<\/b><\/span><\/li>\n<\/ul>\n<p>[\/vc_column_text][\/vc_column_inner][vc_column_inner width=&#8221;1\/3&#8243;][vc_column_text text_larger=&#8221;no&#8221;]<\/p>\n<ul>\n<li style=\"text-align: center;\"><span style=\"font-size: 14pt;\"><b>NMP<\/b><\/span><\/li>\n<li style=\"text-align: center;\"><span style=\"font-size: 14pt;\"><b>Acetone<\/b><\/span><\/li>\n<li style=\"text-align: center;\"><span style=\"font-size: 14pt;\"><b>DMF<\/b><\/span><\/li>\n<li style=\"text-align: center;\"><span style=\"font-size: 14pt;\"><b>THF<\/b><\/span><\/li>\n<li style=\"text-align: center;\"><span style=\"font-size: 14pt;\"><b>DMSO<\/b><\/span><\/li>\n<li style=\"text-align: center;\"><span style=\"font-size: 14pt;\"><b>Benzene<\/b><\/span><\/li>\n<li style=\"text-align: center;\"><span style=\"font-size: 14pt;\"><b>Toluene<\/b><\/span><\/li>\n<\/ul>\n<p>[\/vc_column_text][\/vc_column_inner][vc_column_inner width=&#8221;1\/3&#8243;][vc_column_text text_larger=&#8221;no&#8221;]<\/p>\n<ul>\n<li style=\"text-align: center;\"><span style=\"font-size: 14pt;\"><b>Glycerin<\/b><\/span><\/li>\n<li style=\"text-align: center;\"><span style=\"font-size: 14pt;\"><b>Cyclohexane<\/b><\/span><\/li>\n<li style=\"text-align: center;\"><span style=\"font-size: 14pt;\"><b>Ethyl Acetate<\/b><\/span><\/li>\n<li style=\"text-align: center;\"><span style=\"font-size: 14pt;\"><b>Acetic Acid<\/b><\/span><\/li>\n<li style=\"text-align: center;\"><span style=\"font-size: 14pt;\"><b>MEK<\/b><\/span><\/li>\n<li style=\"text-align: center;\"><span style=\"font-size: 14pt;\"><b>MIBK<\/b><\/span><\/li>\n<li style=\"text-align: center;\"><span style=\"font-size: 14pt;\"><b>\u3002\u3002<\/b><b>\u3002<\/b><\/span><\/li>\n<\/ul>\n<p>[\/vc_column_text][\/vc_column_inner][\/vc_row_inner][vc_row_inner][vc_column_inner][vc_column_text text_larger=&#8221;no&#8221;]<\/p>\n<p style=\"text-align: center;\"><img loading=\"lazy\" class=\"alignnone wp-image-342 size-full\" src=\"https:\/\/ctce.com.vn\/wp-content\/uploads\/2021\/09\/jap-Chu\u031bng-ca\u0302\u0301t-va\u0300-thu-ho\u0302\u0300i-dung-mo\u0302i-1.png\" alt=\"\" width=\"1920\" height=\"1256\" \/><\/p>\n<p>[\/vc_column_text][\/vc_column_inner][\/vc_row_inner][vc_row_inner][vc_column_inner][vc_column_text text_larger=&#8221;no&#8221;]<\/p>\n<p style=\"text-align: center;\"><img loading=\"lazy\" class=\"alignnone wp-image-343 size-full\" src=\"https:\/\/ctce.com.vn\/wp-content\/uploads\/2021\/09\/jap-Chu\u031bng-ca\u0302\u0301t-va\u0300-thu-ho\u0302\u0300i-dung-mo\u0302i-2.png\" alt=\"\" width=\"1920\" height=\"1251\" \/><\/p>\n<p>[\/vc_column_text][\/vc_column_inner][\/vc_row_inner][\/vc_column][\/vc_row]<\/p>","protected":false},"excerpt":{"rendered":"<p>[vc_row][vc_column w<\/p>\n","protected":false},"author":3,"featured_media":200,"parent":0,"menu_order":0,"comment_status":"closed","ping_status":"closed","template":"","meta":[],"_links":{"self":[{"href":"https:\/\/ctce.com.vn\/ja\/wp-json\/wp\/v2\/pages\/130"}],"collection":[{"href":"https:\/\/ctce.com.vn\/ja\/wp-json\/wp\/v2\/pages"}],"about":[{"href":"https:\/\/ctce.com.vn\/ja\/wp-json\/wp\/v2\/types\/page"}],"author":[{"embeddable":true,"href":"https:\/\/ctce.com.vn\/ja\/wp-json\/wp\/v2\/users\/3"}],"replies":[{"embeddable":true,"href":"https:\/\/ctce.com.vn\/ja\/wp-json\/wp\/v2\/comments?post=130"}],"version-history":[{"count":0,"href":"https:\/\/ctce.com.vn\/ja\/wp-json\/wp\/v2\/pages\/130\/revisions"}],"wp:featuredmedia":[{"embeddable":true,"href":"https:\/\/ctce.com.vn\/ja\/wp-json\/wp\/v2\/media\/200"}],"wp:attachment":[{"href":"https:\/\/ctce.com.vn\/ja\/wp-json\/wp\/v2\/media?parent=130"}],"curies":[{"name":"wp","href":"https:\/\/api.w.org\/{rel}","templated":true}]}}