{"id":128,"date":"2021-04-20T14:17:56","date_gmt":"2021-04-20T07:17:56","guid":{"rendered":"http:\/\/rubicdemoweb5.tk\/?page_id=128"},"modified":"2021-09-28T10:30:01","modified_gmt":"2021-09-28T03:30:01","slug":"he-thong-cham-hoa-chat","status":"publish","type":"page","link":"https:\/\/ctce.com.vn\/ja\/he-thong-cham-hoa-chat\/","title":{"rendered":"\u88fd\u7d19\u5de5\u5834\u7528\u30b1\u30df\u30ab\u30eb\u6dfb\u52a0\u30b7\u30b9\u30c6\u30e0"},"content":{"rendered":"<p>[vc_row el_class=\"box-widget-1\" mobile_bg_img_hidden=\"no\" tablet_bg_img_hidden=\"no\" woodmart_parallax=\"0\" woodmart_gradient_switch=\"no\" row_reverse_mobile=\"0\" row_reverse_tablet=\"0\" woodmart_disable_overflow=\"0\"][vc_column mobile_bg_img_hidden=\"no\" tablet_bg_img_hidden=\"no\" woodmart_parallax=\"0\" woodmart_sticky_column=\"false\" el_class=\"box-category-home\" parallax_scroll=\"no\" mobile_reset_margin=\"no\" tablet_reset_margin=\"no\"][vc_column_text text_larger=\"no\" el_class=\"box-danh-muc-home\"]<a href=\"http:\/\/www.comi.vn\/\"><img class=\"alignnone wp-image-163 size-full aligncenter\" src=\"https:\/\/ctce.com.vn\/wp-content\/uploads\/2021\/04\/cee.jpg\" alt=\"\" width=\"235\" height=\"60\" \/><\/a>\r\n\r\nC\u01a1 kh\u00ed C\u00f4ng Minh[\/vc_column_text][vc_column_text text_larger=\"no\" el_class=\"box-danh-muc-home\"]<a href=\"https:\/\/phungluat.com.vn\/\"><img class=\"alignnone wp-image-166 size-full aligncenter\" src=\"https:\/\/ctce.com.vn\/wp-content\/uploads\/2021\/04\/pl.jpg\" alt=\"\" width=\"235\" height=\"60\" \/><\/a>\r\n\r\nPh\u1ee5ng Lu\u1eadt[\/vc_column_text][vc_column_text text_larger=\"no\" el_class=\"box-danh-muc-home\"]<a href=\"https:\/\/keevvn.com\/\"><img class=\"alignnone wp-image-165 size-full\" src=\"https:\/\/ctce.com.vn\/wp-content\/uploads\/2021\/04\/keev.jpg\" alt=\"\" width=\"235\" height=\"60\" \/><\/a>\r\n\r\nKEEV[\/vc_column_text][vc_column_text text_larger=\"no\" el_class=\"box-danh-muc-home\"]<img class=\"alignnone wp-image-164 size-full aligncenter\" src=\"https:\/\/ctce.com.vn\/wp-content\/uploads\/2021\/04\/fb.jpg\" alt=\"\" width=\"235\" height=\"60\" \/>\r\n\r\nFacebook[\/vc_column_text][vc_column_text text_larger=\"no\" el_class=\"box-danh-muc-home\"]<img class=\"alignnone wp-image-167 size-full aligncenter\" src=\"https:\/\/ctce.com.vn\/wp-content\/uploads\/2021\/04\/youtube.jpg\" alt=\"\" width=\"235\" height=\"60\" \/>\r\n\r\nYoutube[\/vc_column_text][\/vc_column][\/vc_row]<style data-type=\"vc_shortcodes-custom-css\"><\/style>[\/vc_column_text][\/vc_column_inner][\/vc_row_inner][\/vc_column][vc_column width=&#8221;3\/4&#8243; mobile_bg_img_hidden=&#8221;no&#8221; tablet_bg_img_hidden=&#8221;no&#8221; woodmart_parallax=&#8221;0&#8243; woodmart_sticky_column=&#8221;false&#8221; parallax_scroll=&#8221;no&#8221; mobile_reset_margin=&#8221;no&#8221; tablet_reset_margin=&#8221;no&#8221; el_class=&#8221;tieu-de-trang-sp&#8221;][vc_column_text text_larger=&#8221;no&#8221;]<\/p>\n<h3 style=\"text-align: center;\"><span style=\"color: #ff0000;\">H\u1ec6 TH\u1ed0NG CH\u00c2M H\u00d3A CH\u1ea4T NH\u00c0 M\u00c1Y GI\u1ea4Y<\/span><\/h3>\n<p>[\/vc_column_text][vc_row_inner][vc_column_inner width=&#8221;1\/2&#8243;][vc_column_text text_larger=&#8221;no&#8221;]<\/p>\n<p style=\"text-align: justify;\"><span style=\"font-size: 14pt;\">Ch\u00fang t\u00f4i c\u00f3 th\u1ec3 h\u1ed7 tr\u1ee3 kh\u00e1ch h\u00e0ng t\u1eeb kh\u00e2u l\u00ean ph\u01b0\u01a1ng \u00e1n c\u00f4ng ngh\u1ec7 cho t\u1edbi khi th\u1ef1c hi\u1ec7n c\u00e1c c\u00f4ng vi\u1ec7c thi\u1ebft k\u1ebf, mua s\u1eafm, thi c\u00f4ng l\u1eafp \u0111\u1eb7t v\u00e0 ch\u1ea1y th\u1eed b\u00e0n giao. V\u00e0 h\u01a1n th\u1ebf n\u1eefa l\u00e0 h\u1ed7 tr\u1ee3 b\u1ea3o tr\u00ec b\u1ea3o h\u00e0nh cung c\u1ea5p v\u1eadt t\u01b0 ti\u00eau hao.<\/span><\/p>\n<p style=\"text-align: justify;\"><span style=\"font-size: 14pt;\">H\u1ec7 th\u1ed1ng thi\u1ebft b\u1ecb \u0111\u01b0\u1ee3c thi\u1ebft k\u1ebf ho\u00e0n to\u00e0n t\u1ef1 \u0111\u1ed9ng v\u00e0 \u0111i\u1ec1u ch\u1ec9nh l\u01b0u l\u01b0\u1ee3ng h\u00f3a ch\u1ea5t ch\u00e2m v\u1edbi l\u01b0u l\u01b0\u1ee3ng m\u00e0 sai s\u1ed1 r\u1ea5t nh\u1ecf.<\/span><\/p>\n<p>[\/vc_column_text][\/vc_column_inner][vc_column_inner width=&#8221;1\/2&#8243;][vc_single_image image=&#8221;198&#8243; img_size=&#8221;full&#8221; alignment=&#8221;center&#8221; parallax_scroll=&#8221;no&#8221;][\/vc_column_inner][\/vc_row_inner][vc_row_inner][vc_column_inner][vc_column_text text_larger=&#8221;no&#8221;]<a href=\"https:\/\/ctce.com.vn\/wp-content\/uploads\/2021\/08\/12.2.png\"><img loading=\"lazy\" class=\"alignnone wp-image-199 size-full\" src=\"https:\/\/ctce.com.vn\/wp-content\/uploads\/2021\/08\/12.2.png\" alt=\"\" width=\"1920\" height=\"1525\" \/><\/a>[\/vc_column_text][\/vc_column_inner][\/vc_row_inner][\/vc_column][\/vc_row][vc_row el_class=\"box-widget-1\" mobile_bg_img_hidden=\"no\" tablet_bg_img_hidden=\"no\" woodmart_parallax=\"0\" woodmart_gradient_switch=\"no\" row_reverse_mobile=\"0\" row_reverse_tablet=\"0\" woodmart_disable_overflow=\"0\"][vc_column mobile_bg_img_hidden=\"no\" tablet_bg_img_hidden=\"no\" woodmart_parallax=\"0\" woodmart_sticky_column=\"false\" el_class=\"box-category-home\" parallax_scroll=\"no\" mobile_reset_margin=\"no\" tablet_reset_margin=\"no\"][vc_column_text text_larger=\"no\" el_class=\"box-danh-muc-home\"]<a href=\"http:\/\/www.comi.vn\/\"><img class=\"alignnone wp-image-163 size-full aligncenter\" src=\"https:\/\/ctce.com.vn\/wp-content\/uploads\/2021\/04\/cee.jpg\" alt=\"\" width=\"235\" height=\"60\" \/><\/a>\r\n\r\nC\u01a1 kh\u00ed C\u00f4ng Minh[\/vc_column_text][vc_column_text text_larger=\"no\" el_class=\"box-danh-muc-home\"]<a href=\"https:\/\/phungluat.com.vn\/\"><img class=\"alignnone wp-image-166 size-full aligncenter\" src=\"https:\/\/ctce.com.vn\/wp-content\/uploads\/2021\/04\/pl.jpg\" alt=\"\" width=\"235\" height=\"60\" \/><\/a>\r\n\r\nPh\u1ee5ng Lu\u1eadt[\/vc_column_text][vc_column_text text_larger=\"no\" el_class=\"box-danh-muc-home\"]<a href=\"https:\/\/keevvn.com\/\"><img class=\"alignnone wp-image-165 size-full\" src=\"https:\/\/ctce.com.vn\/wp-content\/uploads\/2021\/04\/keev.jpg\" alt=\"\" width=\"235\" height=\"60\" \/><\/a>\r\n\r\nKEEV[\/vc_column_text][vc_column_text text_larger=\"no\" el_class=\"box-danh-muc-home\"]<img class=\"alignnone wp-image-164 size-full aligncenter\" src=\"https:\/\/ctce.com.vn\/wp-content\/uploads\/2021\/04\/fb.jpg\" alt=\"\" width=\"235\" height=\"60\" \/>\r\n\r\nFacebook[\/vc_column_text][vc_column_text text_larger=\"no\" el_class=\"box-danh-muc-home\"]<img class=\"alignnone wp-image-167 size-full aligncenter\" src=\"https:\/\/ctce.com.vn\/wp-content\/uploads\/2021\/04\/youtube.jpg\" alt=\"\" width=\"235\" height=\"60\" \/>\r\n\r\nYoutube[\/vc_column_text][\/vc_column][\/vc_row]<style data-type=\"vc_shortcodes-custom-css\"><\/style>[\/vc_column_text][\/vc_column_inner][\/vc_row_inner][\/vc_column][vc_column width=&#8221;3\/4&#8243; mobile_bg_img_hidden=&#8221;no&#8221; tablet_bg_img_hidden=&#8221;no&#8221; woodmart_parallax=&#8221;0&#8243; woodmart_sticky_column=&#8221;false&#8221; parallax_scroll=&#8221;no&#8221; mobile_reset_margin=&#8221;no&#8221; tablet_reset_margin=&#8221;no&#8221; el_class=&#8221;tieu-de-trang-sp&#8221;][vc_column_text text_larger=&#8221;no&#8221;]<\/p>\n<h3 style=\"text-align: center;\"><span style=\"color: #ff0000;\">CHEMICAL ADDITION SYSTEM FOR PAPER FACTORY<\/span><\/h3>\n<p>[\/vc_column_text][vc_row_inner][vc_column_inner width=&#8221;1\/2&#8243;][vc_column_text text_larger=&#8221;no&#8221;]<\/p>\n<p style=\"text-align: justify;\"><span style=\"font-size: 14pt;\">We can support client from proposal of process to engineering, procurement, installation &amp; construction, commissioning &amp; handover system. And moreover, we can support in maintenance work, supplying consumable spare part. <\/span><\/p>\n<p style=\"text-align: justify;\"><span style=\"font-size: 14pt;\">System will be designed in fully automatic &amp; self-adjust dosing chemical with a very small deviation.<\/span><\/p>\n<p>[\/vc_column_text][\/vc_column_inner][vc_column_inner width=&#8221;1\/2&#8243;][vc_single_image image=&#8221;198&#8243; img_size=&#8221;full&#8221; alignment=&#8221;center&#8221; parallax_scroll=&#8221;no&#8221;][\/vc_column_inner][\/vc_row_inner][vc_row_inner][vc_column_inner][vc_column_text text_larger=&#8221;no&#8221;]<a href=\"https:\/\/ctce.com.vn\/wp-content\/uploads\/2021\/08\/12.2.png\"><img loading=\"lazy\" class=\"alignnone wp-image-199 size-full\" src=\"https:\/\/ctce.com.vn\/wp-content\/uploads\/2021\/08\/12.2.png\" alt=\"\" width=\"1920\" height=\"1525\" \/><\/a>[\/vc_column_text][\/vc_column_inner][\/vc_row_inner][\/vc_column][\/vc_row][vc_row][vc_column width=&#8221;1\/4&#8243; mobile_bg_img_hidden=&#8221;no&#8221; tablet_bg_img_hidden=&#8221;no&#8221; woodmart_parallax=&#8221;0&#8243; woodmart_sticky_column=&#8221;false&#8221; parallax_scroll=&#8221;no&#8221; mobile_reset_margin=&#8221;no&#8221; tablet_reset_margin=&#8221;no&#8221;][vc_column_text text_larger=&#8221;no&#8221; el_class=&#8221;sidebar-inner woodmart-sidebar-scroll&#8221;]<\/p>\n<div class=\"menu-chuyen-muc widget-area woodmart-sidebar-content\">\n<div class=\"menu-chuyen-muc widget-area woodmart-sidebar-content\">\n<h3><span style=\"font-size: 13pt;\">\u4e3b\u8981\u88fd\u54c1<\/span><\/h3>\n<ul>\n<li><a href=\"https:\/\/ctce.com.vn\/san-pham-chinh\/\"><span style=\"font-size: 14pt;\">\u6982\u8981 <\/span><\/a><\/li>\n<li><span style=\"font-size: 13pt;\"><a href=\"https:\/\/ctce.com.vn\/nha-may-san-xuat-keo\/\">\u63a5\u7740\u5264\u88fd\u9020\u30d7\u30e9\u30f3\u30c8 <\/a><\/span><\/li>\n<li><span style=\"font-size: 13pt;\"><a href=\"https:\/\/ctce.com.vn\/nha-may-san-xuat-son\/\">\u5857\u6599\u88fd\u9020\u30d7\u30e9\u30f3\u30c8 <\/a><\/span><\/li>\n<li><span style=\"font-size: 13pt;\"><a href=\"https:\/\/ctce.com.vn\/he-thong-cham-hoa-chat\/\">\u88fd\u7d19\u5de5\u5834\u7528\u30b1\u30df\u30ab\u30eb\u6dfb\u52a0\u30b7\u30b9\u30c6\u30e0 <\/a><\/span><\/li>\n<li><span style=\"font-size: 13pt;\"><a href=\"https:\/\/ctce.com.vn\/chung-cat-va-thu-hoi-dung-moi\/\">\u6eb6\u5264\u56de\u53ce\u8a2d\u5099\u53ca\u3073\u84b8\u7559\u7cbe\u88fd\u8a2d\u5099 <\/a><\/span><\/li>\n<li><span style=\"font-size: 13pt;\"><a href=\"https:\/\/ctce.com.vn\/he-thong-xu-ly-amonia\/\">\u30a2\u30f3\u30e2\u30cb\u30a2\u51e6\u7406\u30b7\u30b9\u30c6\u30e0 <\/a><\/span><\/li>\n<li><span style=\"font-size: 13pt;\"><a href=\"https:\/\/ctce.com.vn\/boc-hoi-va-co-dac\/\">\u84b8\u767a.\u6fc3\u7e2e\u8a2d\u5099 <\/a><\/span><\/li>\n<li><span style=\"font-size: 13pt;\"><a href=\"https:\/\/ctce.com.vn\/he-thong-xu-ly-nuoc-va-nuoc-thai\/\">\u6392\u6c34\u51e6\u7406\u8a2d\u5099\u53ca\u3073\u6c34\u51e6\u7406\u8a2d\u5099 <\/a><\/span><\/li>\n<li><span style=\"font-size: 13pt;\"><a href=\"https:\/\/ctce.com.vn\/bao-tri-bao-duong\/\"> \u4fdd\u5b88\u2014\u4fdd\u5168 <\/a><\/span><\/li>\n<li><a href=\"https:\/\/ctce.com.vn\/cac-thiet-bi-tieu-bieu\/\"><span style=\"font-size: 13pt;\">\u30b1\u30df\u30ab\u30eb\u30d7\u30e9\u30f3\u30c8\u306e\u4e3b\u8981\u6a5f\u5668 <\/span><\/a><\/li>\n<li><a href=\"https:\/\/ctce.com.vn\/nang-luong-mat-troi\/\"><span style=\"font-size: 13pt;\">\u592a\u967d\u5149\u767a\u96fb\u30b7\u30b9\u30c6\u30e0 <\/span><\/a><\/li>\n<\/ul>\n<\/div>\n<p>&nbsp;<\/p>\n<\/div>\n<p>[\/vc_column_text][vc_row_inner][vc_column_inner][vc_column_text text_larger=&#8221;no&#8221;][vc_row el_class=\"box-widget-1\" mobile_bg_img_hidden=\"no\" tablet_bg_img_hidden=\"no\" woodmart_parallax=\"0\" woodmart_gradient_switch=\"no\" row_reverse_mobile=\"0\" row_reverse_tablet=\"0\" woodmart_disable_overflow=\"0\"][vc_column mobile_bg_img_hidden=\"no\" tablet_bg_img_hidden=\"no\" woodmart_parallax=\"0\" woodmart_sticky_column=\"false\" el_class=\"box-category-home\" parallax_scroll=\"no\" mobile_reset_margin=\"no\" tablet_reset_margin=\"no\"][vc_column_text text_larger=\"no\" el_class=\"box-danh-muc-home\"]<a href=\"http:\/\/www.comi.vn\/\"><img class=\"alignnone wp-image-163 size-full aligncenter\" src=\"https:\/\/ctce.com.vn\/wp-content\/uploads\/2021\/04\/cee.jpg\" alt=\"\" width=\"235\" height=\"60\" \/><\/a>\r\n\r\nC\u01a1 kh\u00ed C\u00f4ng Minh[\/vc_column_text][vc_column_text text_larger=\"no\" el_class=\"box-danh-muc-home\"]<a href=\"https:\/\/phungluat.com.vn\/\"><img class=\"alignnone wp-image-166 size-full aligncenter\" src=\"https:\/\/ctce.com.vn\/wp-content\/uploads\/2021\/04\/pl.jpg\" alt=\"\" width=\"235\" height=\"60\" \/><\/a>\r\n\r\nPh\u1ee5ng Lu\u1eadt[\/vc_column_text][vc_column_text text_larger=\"no\" el_class=\"box-danh-muc-home\"]<a href=\"https:\/\/keevvn.com\/\"><img class=\"alignnone wp-image-165 size-full\" src=\"https:\/\/ctce.com.vn\/wp-content\/uploads\/2021\/04\/keev.jpg\" alt=\"\" width=\"235\" height=\"60\" \/><\/a>\r\n\r\nKEEV[\/vc_column_text][vc_column_text text_larger=\"no\" el_class=\"box-danh-muc-home\"]<img class=\"alignnone wp-image-164 size-full aligncenter\" src=\"https:\/\/ctce.com.vn\/wp-content\/uploads\/2021\/04\/fb.jpg\" alt=\"\" width=\"235\" height=\"60\" \/>\r\n\r\nFacebook[\/vc_column_text][vc_column_text text_larger=\"no\" el_class=\"box-danh-muc-home\"]<img class=\"alignnone wp-image-167 size-full aligncenter\" src=\"https:\/\/ctce.com.vn\/wp-content\/uploads\/2021\/04\/youtube.jpg\" alt=\"\" width=\"235\" height=\"60\" \/>\r\n\r\nYoutube[\/vc_column_text][\/vc_column][\/vc_row]<style data-type=\"vc_shortcodes-custom-css\"><\/style>[\/vc_column_text][\/vc_column_inner][\/vc_row_inner][\/vc_column][vc_column width=&#8221;3\/4&#8243; mobile_bg_img_hidden=&#8221;no&#8221; tablet_bg_img_hidden=&#8221;no&#8221; woodmart_parallax=&#8221;0&#8243; woodmart_sticky_column=&#8221;false&#8221; parallax_scroll=&#8221;no&#8221; mobile_reset_margin=&#8221;no&#8221; tablet_reset_margin=&#8221;no&#8221; el_class=&#8221;tieu-de-trang-sp&#8221;][vc_column_text text_larger=&#8221;no&#8221;]<\/p>\n<h3 style=\"text-align: center;\"><span style=\"color: #ff0000;\">\u88fd\u7d19\u5de5\u5834\u7528\u30b1\u30df\u30ab\u30eb\u6dfb\u52a0\u30b7\u30b9\u30c6\u30e0<\/span><\/h3>\n<p>[\/vc_column_text][vc_row_inner][vc_column_inner width=&#8221;1\/2&#8243;][vc_column_text text_larger=&#8221;no&#8221;]<\/p>\n<p style=\"text-align: justify;\"><span style=\"font-size: 14pt;\">\u88fd\u7d19\u5de5\u5834\u3067\u306ePAPER MACHINE\u3078\u85ac\u54c1\u6dfb\u52a0\u8a2d\u5099\u3092\u57fa\u672c\u8a08\u753b\u304b\u3089\u8a2d\u8a08\u3001\u8abf\u9054\u3001\u5efa\u8a2d\u3001\u8a66\u904b\u8ee2\u5f15\u6e21\u3057\u307e\u3067\u306eEPC\u4e00\u5f0f\u306b\u5bfe\u5fdc\u53ef\u80fd\u3067\u3059\u3002\u3055\u3089\u306b\u3001\u4e88\u5099\u54c1\u3001\u6d88\u8017\u54c1\u306e\u4f9b\u7d66\u3084\u4fdd\u5b88.\u4fdd\u5168\u306e\u8a08\u753b\u3082\u5bfe\u5fdc\u3067\u304d\u307e\u3059\u3002<\/span><\/p>\n<p style=\"text-align: justify;\"><span style=\"font-size: 14pt;\">\u8a2d\u5099\u904b\u8ee2\u306f\u5168\u81ea\u52d5\u904b\u8ee2\u306b\u3066\u884c\u3044\u307e\u3059\u3002\u85ac\u54c1\u6d41\u91cf\u306f\u7cbe\u5ea6\u304c\u9ad8\u304f\u5236\u5fa1\u3055\u308c\u307e\u3059\u3002<\/span><\/p>\n<p>[\/vc_column_text][\/vc_column_inner][vc_column_inner width=&#8221;1\/2&#8243;][vc_single_image image=&#8221;198&#8243; img_size=&#8221;full&#8221; alignment=&#8221;center&#8221; parallax_scroll=&#8221;no&#8221;][\/vc_column_inner][\/vc_row_inner][vc_row_inner][vc_column_inner][vc_column_text text_larger=&#8221;no&#8221;]<img loading=\"lazy\" class=\"alignnone wp-image-341 size-full\" src=\"https:\/\/ctce.com.vn\/wp-content\/uploads\/2021\/09\/jap-He\u0323\u0302-tho\u0302\u0301ng-cha\u0302m-ho\u0301a-cha\u0302\u0301t.png\" alt=\"\" width=\"1920\" height=\"1526\" \/>[\/vc_column_text][\/vc_column_inner][\/vc_row_inner][\/vc_column][\/vc_row]<\/p>","protected":false},"excerpt":{"rendered":"<p>[vc_row][vc_column w<\/p>\n","protected":false},"author":3,"featured_media":198,"parent":0,"menu_order":0,"comment_status":"closed","ping_status":"closed","template":"","meta":[],"_links":{"self":[{"href":"https:\/\/ctce.com.vn\/ja\/wp-json\/wp\/v2\/pages\/128"}],"collection":[{"href":"https:\/\/ctce.com.vn\/ja\/wp-json\/wp\/v2\/pages"}],"about":[{"href":"https:\/\/ctce.com.vn\/ja\/wp-json\/wp\/v2\/types\/page"}],"author":[{"embeddable":true,"href":"https:\/\/ctce.com.vn\/ja\/wp-json\/wp\/v2\/users\/3"}],"replies":[{"embeddable":true,"href":"https:\/\/ctce.com.vn\/ja\/wp-json\/wp\/v2\/comments?post=128"}],"version-history":[{"count":0,"href":"https:\/\/ctce.com.vn\/ja\/wp-json\/wp\/v2\/pages\/128\/revisions"}],"wp:featuredmedia":[{"embeddable":true,"href":"https:\/\/ctce.com.vn\/ja\/wp-json\/wp\/v2\/media\/198"}],"wp:attachment":[{"href":"https:\/\/ctce.com.vn\/ja\/wp-json\/wp\/v2\/media?parent=128"}],"curies":[{"name":"wp","href":"https:\/\/api.w.org\/{rel}","templated":true}]}}