{"id":116,"date":"2021-04-20T13:41:22","date_gmt":"2021-04-20T06:41:22","guid":{"rendered":"http:\/\/rubicdemoweb5.tk\/?page_id=116"},"modified":"2021-10-05T22:47:11","modified_gmt":"2021-10-05T15:47:11","slug":"nha-may-san-xuat-keo","status":"publish","type":"page","link":"https:\/\/ctce.com.vn\/ja\/nha-may-san-xuat-keo\/","title":{"rendered":"\u63a5\u7740\u5264\u88fd\u9020\u30d7\u30e9\u30f3\u30c8"},"content":{"rendered":"<p>[vc_row el_class=\"box-widget-1\" mobile_bg_img_hidden=\"no\" tablet_bg_img_hidden=\"no\" woodmart_parallax=\"0\" woodmart_gradient_switch=\"no\" row_reverse_mobile=\"0\" row_reverse_tablet=\"0\" woodmart_disable_overflow=\"0\"][vc_column mobile_bg_img_hidden=\"no\" tablet_bg_img_hidden=\"no\" woodmart_parallax=\"0\" woodmart_sticky_column=\"false\" el_class=\"box-category-home\" parallax_scroll=\"no\" mobile_reset_margin=\"no\" tablet_reset_margin=\"no\"][vc_column_text text_larger=\"no\" el_class=\"box-danh-muc-home\"]<a href=\"http:\/\/www.comi.vn\/\"><img class=\"alignnone wp-image-163 size-full aligncenter\" src=\"https:\/\/ctce.com.vn\/wp-content\/uploads\/2021\/04\/cee.jpg\" alt=\"\" width=\"235\" height=\"60\" \/><\/a>\r\n\r\nC\u01a1 kh\u00ed C\u00f4ng Minh[\/vc_column_text][vc_column_text text_larger=\"no\" el_class=\"box-danh-muc-home\"]<a href=\"https:\/\/phungluat.com.vn\/\"><img class=\"alignnone wp-image-166 size-full aligncenter\" src=\"https:\/\/ctce.com.vn\/wp-content\/uploads\/2021\/04\/pl.jpg\" alt=\"\" width=\"235\" height=\"60\" \/><\/a>\r\n\r\nPh\u1ee5ng Lu\u1eadt[\/vc_column_text][vc_column_text text_larger=\"no\" el_class=\"box-danh-muc-home\"]<a href=\"https:\/\/keevvn.com\/\"><img class=\"alignnone wp-image-165 size-full\" src=\"https:\/\/ctce.com.vn\/wp-content\/uploads\/2021\/04\/keev.jpg\" alt=\"\" width=\"235\" height=\"60\" \/><\/a>\r\n\r\nKEEV[\/vc_column_text][vc_column_text text_larger=\"no\" el_class=\"box-danh-muc-home\"]<img class=\"alignnone wp-image-164 size-full aligncenter\" src=\"https:\/\/ctce.com.vn\/wp-content\/uploads\/2021\/04\/fb.jpg\" alt=\"\" width=\"235\" height=\"60\" \/>\r\n\r\nFacebook[\/vc_column_text][vc_column_text text_larger=\"no\" el_class=\"box-danh-muc-home\"]<img class=\"alignnone wp-image-167 size-full aligncenter\" src=\"https:\/\/ctce.com.vn\/wp-content\/uploads\/2021\/04\/youtube.jpg\" alt=\"\" width=\"235\" height=\"60\" \/>\r\n\r\nYoutube[\/vc_column_text][\/vc_column][\/vc_row]<style data-type=\"vc_shortcodes-custom-css\"><\/style>[\/vc_column_text][\/vc_column_inner][\/vc_row_inner][\/vc_column][vc_column width=&#8221;3\/4&#8243; mobile_bg_img_hidden=&#8221;no&#8221; tablet_bg_img_hidden=&#8221;no&#8221; woodmart_parallax=&#8221;0&#8243; woodmart_sticky_column=&#8221;false&#8221; parallax_scroll=&#8221;no&#8221; mobile_reset_margin=&#8221;no&#8221; tablet_reset_margin=&#8221;no&#8221; el_class=&#8221;tieu-de-trang-sp&#8221;][vc_column_text text_larger=&#8221;no&#8221;]<\/p>\n<h3 style=\"text-align: center;\"><span style=\"color: #ff0000;\">NH\u00c0 M\u00c1Y S\u1ea2N XU\u1ea4T KEO<\/span><\/h3>\n<p>[\/vc_column_text][vc_column_text text_larger=&#8221;no&#8221;]<span style=\"font-size: 14pt;\">Ch\u00fang t\u00f4i c\u00f3 th\u1ec3 th\u1ef1c hi\u1ec7n EPC cho c\u00e1c lo\u1ea1i nh\u00e0 m\u00e1y n\u00e0y, bao g\u1ed3m l\u00ean k\u1ebf ho\u1ea1ch cho c\u00e1c ph\u1ee5 tr\u1ee3, k\u1ebf ho\u1ea1ch kinh doanh, nghi\u00ean c\u1ee9u v\u00e0 t\u1eeb c\u00f4ng t\u00e1c thi\u1ebft k\u1ebf cho ch\u1ea1y th\u1eed.<\/span>[\/vc_column_text][vc_row_inner][vc_column_inner][vc_column_text text_larger=&#8221;no&#8221;]<img loading=\"lazy\" class=\"alignnone wp-image-275 size-full\" src=\"https:\/\/ctce.com.vn\/wp-content\/uploads\/2021\/09\/10.png\" alt=\"\" width=\"1920\" height=\"1518\" \/>[\/vc_column_text][vc_column_text text_larger=&#8221;no&#8221;]<span style=\"font-size: 14pt;\">1.B\u1ed3n Ph\u1ea3n \u1ee9ng l\u00e0 b\u1ed3n k\u00edn v\u1edbi l\u1edbp \u00e1o \u1edf ngo\u00e0i v\u00e0 cu\u1ed9n \u1ed1ng b\u00ean trong, v\u1edbi \u00e1p su\u1ea5t ho\u1ea1t \u0111\u1ed9ng c\u00f3 th\u1ec3 t\u1eeb ch\u00e2n kh\u00f4ng tuy\u1ec7t \u0111\u1ed1i l\u00ean \u0111\u1ebfn \u00e1p su\u1ea5t cao.<\/span><\/p>\n<p><span style=\"font-size: 14pt;\">2.Nh\u00e0 m\u00e1y c\u00f3 th\u1ec3 thi\u1ebft k\u1ebf v\u1edbi \u00fd t\u01b0\u1edfng v\u1eadn h\u00e0nh th\u1ee7 c\u00f4ng, b\u00e1n t\u1ef1 \u0111\u1ed9ng ho\u1eb7c ho\u00e0n to\u00e0n t\u1ef1 \u0111\u1ed9ng theo y\u00eau c\u1ea7u c\u1ee7a kh\u00e1ch h\u00e0ng.<\/span><\/p>\n<p><span style=\"font-size: 14pt;\">3.C\u00e1nh khu\u1ea5y c\u00f3 thi\u1ebft k\u1ebf d\u1ea1ng c\u00e1nh qu\u1ea1t, m\u1ecf neo, m\u00e1i ch\u00e8o v\u00e0 nhi\u1ec1u d\u1ea1ng kh\u00e1c.<\/span>[\/vc_column_text][\/vc_column_inner][\/vc_row_inner][vc_column_text text_larger=&#8221;no&#8221;][\/vc_column_text][vc_row_inner][vc_column_inner][vc_column_text text_larger=&#8221;no&#8221;]<img loading=\"lazy\" class=\"alignnone wp-image-276 size-full\" src=\"https:\/\/ctce.com.vn\/wp-content\/uploads\/2021\/09\/11.1.png\" alt=\"\" width=\"1920\" height=\"1183\" \/>[\/vc_column_text][\/vc_column_inner][\/vc_row_inner][\/vc_column][\/vc_row]<\/p>\n<p>[vc_row el_class=\"box-widget-1\" mobile_bg_img_hidden=\"no\" tablet_bg_img_hidden=\"no\" woodmart_parallax=\"0\" woodmart_gradient_switch=\"no\" row_reverse_mobile=\"0\" row_reverse_tablet=\"0\" woodmart_disable_overflow=\"0\"][vc_column mobile_bg_img_hidden=\"no\" tablet_bg_img_hidden=\"no\" woodmart_parallax=\"0\" woodmart_sticky_column=\"false\" el_class=\"box-category-home\" parallax_scroll=\"no\" mobile_reset_margin=\"no\" tablet_reset_margin=\"no\"][vc_column_text text_larger=\"no\" el_class=\"box-danh-muc-home\"]<a href=\"http:\/\/www.comi.vn\/\"><img class=\"alignnone wp-image-163 size-full aligncenter\" src=\"https:\/\/ctce.com.vn\/wp-content\/uploads\/2021\/04\/cee.jpg\" alt=\"\" width=\"235\" height=\"60\" \/><\/a>\r\n\r\nC\u01a1 kh\u00ed C\u00f4ng Minh[\/vc_column_text][vc_column_text text_larger=\"no\" el_class=\"box-danh-muc-home\"]<a href=\"https:\/\/phungluat.com.vn\/\"><img class=\"alignnone wp-image-166 size-full aligncenter\" src=\"https:\/\/ctce.com.vn\/wp-content\/uploads\/2021\/04\/pl.jpg\" alt=\"\" width=\"235\" height=\"60\" \/><\/a>\r\n\r\nPh\u1ee5ng Lu\u1eadt[\/vc_column_text][vc_column_text text_larger=\"no\" el_class=\"box-danh-muc-home\"]<a href=\"https:\/\/keevvn.com\/\"><img class=\"alignnone wp-image-165 size-full\" src=\"https:\/\/ctce.com.vn\/wp-content\/uploads\/2021\/04\/keev.jpg\" alt=\"\" width=\"235\" height=\"60\" \/><\/a>\r\n\r\nKEEV[\/vc_column_text][vc_column_text text_larger=\"no\" el_class=\"box-danh-muc-home\"]<img class=\"alignnone wp-image-164 size-full aligncenter\" src=\"https:\/\/ctce.com.vn\/wp-content\/uploads\/2021\/04\/fb.jpg\" alt=\"\" width=\"235\" height=\"60\" \/>\r\n\r\nFacebook[\/vc_column_text][vc_column_text text_larger=\"no\" el_class=\"box-danh-muc-home\"]<img class=\"alignnone wp-image-167 size-full aligncenter\" src=\"https:\/\/ctce.com.vn\/wp-content\/uploads\/2021\/04\/youtube.jpg\" alt=\"\" width=\"235\" height=\"60\" \/>\r\n\r\nYoutube[\/vc_column_text][\/vc_column][\/vc_row]<style data-type=\"vc_shortcodes-custom-css\"><\/style>[\/vc_column_text][\/vc_column_inner][\/vc_row_inner][\/vc_column][vc_column width=&#8221;3\/4&#8243; mobile_bg_img_hidden=&#8221;no&#8221; tablet_bg_img_hidden=&#8221;no&#8221; woodmart_parallax=&#8221;0&#8243; woodmart_sticky_column=&#8221;false&#8221; parallax_scroll=&#8221;no&#8221; mobile_reset_margin=&#8221;no&#8221; tablet_reset_margin=&#8221;no&#8221; el_class=&#8221;tieu-de-trang-sp&#8221;][vc_column_text text_larger=&#8221;no&#8221;]<\/p>\n<h3 style=\"text-align: center;\"><span style=\"color: #ff0000;\">ADHESIVE PRODUCTION PLANT<\/span><\/h3>\n<p>[\/vc_column_text][vc_column_text text_larger=&#8221;no&#8221;]<span style=\"font-size: 14pt;\">We can consult to client from proposal of process &amp; manufacturing to engineering, procurement, installation &amp; construction, commissioning &amp; handover system, including process production line &amp; utility system of plant. Of course, also including in maintenance schedule or supplying preventive material &amp; equipment.<\/span>[\/vc_column_text][vc_row_inner][vc_column_inner][vc_column_text text_larger=&#8221;no&#8221;]<img loading=\"lazy\" class=\"alignnone wp-image-334 size-full\" src=\"https:\/\/ctce.com.vn\/wp-content\/uploads\/2021\/09\/eng-nha\u0300-ma\u0301y-sa\u0309n-xua\u0302\u0301t-keo-1.png\" alt=\"\" width=\"1920\" height=\"1519\" \/>[\/vc_column_text][vc_column_text text_larger=&#8221;no&#8221;]<span style=\"font-size: 14pt;\">1.The reactor is a reaction tank with a jacket and a coil, the design of operating pressure from full vacuum to pressurization<\/span><\/p>\n<p><span style=\"font-size: 14pt;\">2.Plants operation can be designed manual, semi-automatic, or fully automatic according to customer requirement.<\/span><\/p>\n<p><span style=\"font-size: 14pt;\">3.The agitator is a propeller, anchor, paddle, designed in various types of agitators.<\/span>[\/vc_column_text][\/vc_column_inner][\/vc_row_inner][vc_column_text text_larger=&#8221;no&#8221;][\/vc_column_text][vc_row_inner][vc_column_inner][vc_column_text text_larger=&#8221;no&#8221;]<img loading=\"lazy\" class=\"alignnone wp-image-335 size-full\" src=\"https:\/\/ctce.com.vn\/wp-content\/uploads\/2021\/09\/eng-nha\u0300-ma\u0301y-sa\u0309n-xua\u0302\u0301t-keo-2.png\" alt=\"\" width=\"1920\" height=\"1182\" \/>[\/vc_column_text][\/vc_column_inner][\/vc_row_inner][\/vc_column][\/vc_row][vc_row][vc_column width=&#8221;1\/4&#8243; mobile_bg_img_hidden=&#8221;no&#8221; tablet_bg_img_hidden=&#8221;no&#8221; woodmart_parallax=&#8221;0&#8243; woodmart_sticky_column=&#8221;false&#8221; parallax_scroll=&#8221;no&#8221; mobile_reset_margin=&#8221;no&#8221; tablet_reset_margin=&#8221;no&#8221;][vc_column_text text_larger=&#8221;no&#8221; el_class=&#8221;sidebar-inner woodmart-sidebar-scroll&#8221;]<\/p>\n<div class=\"menu-chuyen-muc widget-area woodmart-sidebar-content\">\n<div class=\"menu-chuyen-muc widget-area woodmart-sidebar-content\">\n<h3><span style=\"font-size: 13pt;\">\u4e3b\u8981\u88fd\u54c1<\/span><\/h3>\n<ul>\n<li><a href=\"https:\/\/ctce.com.vn\/san-pham-chinh\/\"><span style=\"font-size: 14pt;\">\u6982\u8981 <\/span><\/a><\/li>\n<li><span style=\"font-size: 13pt;\"><a href=\"https:\/\/ctce.com.vn\/nha-may-san-xuat-keo\/\">\u63a5\u7740\u5264\u88fd\u9020\u30d7\u30e9\u30f3\u30c8 <\/a><\/span><\/li>\n<li><span style=\"font-size: 13pt;\"><a href=\"https:\/\/ctce.com.vn\/nha-may-san-xuat-son\/\">\u5857\u6599\u88fd\u9020\u30d7\u30e9\u30f3\u30c8 <\/a><\/span><\/li>\n<li><span style=\"font-size: 13pt;\"><a href=\"https:\/\/ctce.com.vn\/he-thong-cham-hoa-chat\/\">\u88fd\u7d19\u5de5\u5834\u7528\u30b1\u30df\u30ab\u30eb\u6dfb\u52a0\u30b7\u30b9\u30c6\u30e0 <\/a><\/span><\/li>\n<li><span style=\"font-size: 13pt;\"><a href=\"https:\/\/ctce.com.vn\/chung-cat-va-thu-hoi-dung-moi\/\">\u6eb6\u5264\u56de\u53ce\u8a2d\u5099\u53ca\u3073\u84b8\u7559\u7cbe\u88fd\u8a2d\u5099 <\/a><\/span><\/li>\n<li><span style=\"font-size: 13pt;\"><a href=\"https:\/\/ctce.com.vn\/he-thong-xu-ly-amonia\/\">\u30a2\u30f3\u30e2\u30cb\u30a2\u51e6\u7406\u30b7\u30b9\u30c6\u30e0 <\/a><\/span><\/li>\n<li><span style=\"font-size: 13pt;\"><a href=\"https:\/\/ctce.com.vn\/boc-hoi-va-co-dac\/\">\u84b8\u767a.\u6fc3\u7e2e\u8a2d\u5099 <\/a><\/span><\/li>\n<li><span style=\"font-size: 13pt;\"><a href=\"https:\/\/ctce.com.vn\/he-thong-xu-ly-nuoc-va-nuoc-thai\/\">\u6392\u6c34\u51e6\u7406\u8a2d\u5099\u53ca\u3073\u6c34\u51e6\u7406\u8a2d\u5099 <\/a><\/span><\/li>\n<li><span style=\"font-size: 13pt;\"><a href=\"https:\/\/ctce.com.vn\/bao-tri-bao-duong\/\"> \u4fdd\u5b88\u2014\u4fdd\u5168 <\/a><\/span><\/li>\n<li><a href=\"https:\/\/ctce.com.vn\/cac-thiet-bi-tieu-bieu\/\"><span style=\"font-size: 13pt;\">\u30b1\u30df\u30ab\u30eb\u30d7\u30e9\u30f3\u30c8\u306e\u4e3b\u8981\u6a5f\u5668 <\/span><\/a><\/li>\n<li><a href=\"https:\/\/ctce.com.vn\/nang-luong-mat-troi\/\"><span style=\"font-size: 13pt;\">\u592a\u967d\u5149\u767a\u96fb\u30b7\u30b9\u30c6\u30e0 <\/span><\/a><\/li>\n<\/ul>\n<\/div>\n<p>&nbsp;<\/p>\n<\/div>\n<p>[\/vc_column_text][vc_row_inner][vc_column_inner][vc_column_text text_larger=&#8221;no&#8221;][vc_row el_class=\"box-widget-1\" mobile_bg_img_hidden=\"no\" tablet_bg_img_hidden=\"no\" woodmart_parallax=\"0\" woodmart_gradient_switch=\"no\" row_reverse_mobile=\"0\" row_reverse_tablet=\"0\" woodmart_disable_overflow=\"0\"][vc_column mobile_bg_img_hidden=\"no\" tablet_bg_img_hidden=\"no\" woodmart_parallax=\"0\" woodmart_sticky_column=\"false\" el_class=\"box-category-home\" parallax_scroll=\"no\" mobile_reset_margin=\"no\" tablet_reset_margin=\"no\"][vc_column_text text_larger=\"no\" el_class=\"box-danh-muc-home\"]<a href=\"http:\/\/www.comi.vn\/\"><img class=\"alignnone wp-image-163 size-full aligncenter\" src=\"https:\/\/ctce.com.vn\/wp-content\/uploads\/2021\/04\/cee.jpg\" alt=\"\" width=\"235\" height=\"60\" \/><\/a>\r\n\r\nC\u01a1 kh\u00ed C\u00f4ng Minh[\/vc_column_text][vc_column_text text_larger=\"no\" el_class=\"box-danh-muc-home\"]<a href=\"https:\/\/phungluat.com.vn\/\"><img class=\"alignnone wp-image-166 size-full aligncenter\" src=\"https:\/\/ctce.com.vn\/wp-content\/uploads\/2021\/04\/pl.jpg\" alt=\"\" width=\"235\" height=\"60\" \/><\/a>\r\n\r\nPh\u1ee5ng Lu\u1eadt[\/vc_column_text][vc_column_text text_larger=\"no\" el_class=\"box-danh-muc-home\"]<a href=\"https:\/\/keevvn.com\/\"><img class=\"alignnone wp-image-165 size-full\" src=\"https:\/\/ctce.com.vn\/wp-content\/uploads\/2021\/04\/keev.jpg\" alt=\"\" width=\"235\" height=\"60\" \/><\/a>\r\n\r\nKEEV[\/vc_column_text][vc_column_text text_larger=\"no\" el_class=\"box-danh-muc-home\"]<img class=\"alignnone wp-image-164 size-full aligncenter\" src=\"https:\/\/ctce.com.vn\/wp-content\/uploads\/2021\/04\/fb.jpg\" alt=\"\" width=\"235\" height=\"60\" \/>\r\n\r\nFacebook[\/vc_column_text][vc_column_text text_larger=\"no\" el_class=\"box-danh-muc-home\"]<img class=\"alignnone wp-image-167 size-full aligncenter\" src=\"https:\/\/ctce.com.vn\/wp-content\/uploads\/2021\/04\/youtube.jpg\" alt=\"\" width=\"235\" height=\"60\" \/>\r\n\r\nYoutube[\/vc_column_text][\/vc_column][\/vc_row]<style data-type=\"vc_shortcodes-custom-css\"><\/style>[\/vc_column_text][\/vc_column_inner][\/vc_row_inner][\/vc_column][vc_column width=&#8221;3\/4&#8243; mobile_bg_img_hidden=&#8221;no&#8221; tablet_bg_img_hidden=&#8221;no&#8221; woodmart_parallax=&#8221;0&#8243; woodmart_sticky_column=&#8221;false&#8221; parallax_scroll=&#8221;no&#8221; mobile_reset_margin=&#8221;no&#8221; tablet_reset_margin=&#8221;no&#8221; el_class=&#8221;tieu-de-trang-sp&#8221;][vc_column_text text_larger=&#8221;no&#8221;]<\/p>\n<h3 style=\"text-align: center;\"><span style=\"color: #ff0000;\">\u63a5\u7740\u5264\u88fd\u9020\u30d7\u30e9\u30f3\u30c8<br \/>\n[\/vc_column_text][vc_column_text text_larger=&#8221;no&#8221;]<span style=\"font-size: 14pt;\">\u5f0a\u793e\u306f\u3001\u5ba2\u69d8\u3078\u8a2d\u5099\u8a08\u753b\u3084\u6280\u8853\u63d0\u6848\u304b\u3089\u8a2d\u8a08\u3001\u8cfc\u5165\u3001\u5efa\u8a2d\u3068\u8a66\u904b\u8ee2\u3001\u5f15\u304d\u6e21\u3057\u307e\u3067\u884c\u3046\u4e8b\u304c\u51fa\u6765\u307e\u3059\u3002\u751f\u7523\u30d7\u30ed\u30bb\u30b9\u3082\u30e6\u30fc\u30c6\u30a3\u30ea\u30c6\u30a3\u30fc\u3082\u542b\u3081\u307e\u3059\u3002<br \/>\n<\/span>[\/vc_column_text][vc_row_inner][vc_column_inner][vc_column_text text_larger=&#8221;no&#8221;]<img loading=\"lazy\" class=\"alignnone wp-image-338 size-full\" src=\"https:\/\/ctce.com.vn\/wp-content\/uploads\/2021\/09\/jap-nha\u0300-ma\u0301y-sa\u0309n-xua\u0302\u0301t-keo-1.png\" alt=\"\" width=\"1920\" height=\"1518\" \/>[\/vc_column_text][vc_column_text text_larger=&#8221;no&#8221;]<span style=\"font-size: 14pt;\">1.\u53cd\u5fdc\u91dc\u306f\u30b8\u30e3\u30b1\u30c3\u30c8\u4ed8\u3084\u30b3\u30a4\u30eb\u4ed8\u304d\u3084\u534a\u5272\u30b8\u30e3\u30b1\u30c3\u30c8\u5f0f\u306e\u53cd\u5fdc\u69fd\u3067\u3042\u308a\u3001FULL\u771f\u7a7a\u304b\u3089\u52a0\u5727\u8fc4\u306e\u5e45\u5e83\u304f\u64cd\u4f5c\u5727\u529b\u53ca\u3073\u9ad8\u6e29\u5ea6\u306e\u8a2d\u8a08\u3092\u5bfe\u5fdc\u3057\u3066\u3044\u307e\u3059\u3002<br \/>\n<\/span><\/span><\/h3>\n<p><span style=\"font-size: 14pt;\">2.\u30d7\u30e9\u30f3\u30c8\u904b\u8ee2\u306b\u306f\u3001\u304a\u5ba2\u69d8\u306e\u30cb\u30fc\u30ba\u306b\u5408\u308f\u305b\u904b\u8ee2\u304c\u624b\u52d5\u3001\u534a\u81ea\u52d5\u53ca\u3073\u5168\u81ea\u52d5\u306e\u8a2d\u8a08\u306b\u5bfe\u5fdc\u3057\u3066\u3044\u307e\u3059\u3002<\/span><\/p>\n<p><span style=\"font-size: 14pt;\">3.\u64b9\u62cc\u69fd\u306e\u7fbd\u6839\u30bf\u30a4\u30d7\u306f\u3001\u30d7\u30ed\u30da\u30e9\u3001\u30a2\u30f3\u30ab\u30fc\u7fcc\u3001\u30d1\u30c9\u30eb\u7b49\u306e1\u7a2e\u30bf\u30a4\u30d7\u30842\u7a2e\u985e\u4ee5\u4e0a\u306e\u7d44\u307f\u5408\u308f\u305b\u30bf\u30a4\u30d7\u3067\u7a2e\u3005\u30bf\u30a4\u30d7\u3067\u8a2d\u8a08\u3057\u3066\u3044\u307e\u3059\u3002<\/span>[\/vc_column_text][\/vc_column_inner][\/vc_row_inner][vc_column_text text_larger=&#8221;no&#8221;][\/vc_column_text][vc_row_inner][vc_column_inner][vc_column_text text_larger=&#8221;no&#8221;]<img loading=\"lazy\" class=\"alignnone wp-image-339 size-full\" src=\"https:\/\/ctce.com.vn\/wp-content\/uploads\/2021\/09\/jap-nha\u0300-ma\u0301y-sa\u0309n-xua\u0302\u0301t-keo-2.png\" alt=\"\" width=\"1920\" height=\"1182\" \/>[\/vc_column_text][\/vc_column_inner][\/vc_row_inner][\/vc_column][\/vc_row]<\/p>","protected":false},"excerpt":{"rendered":"<p>[vc_row][vc_column w<\/p>\n","protected":false},"author":3,"featured_media":338,"parent":0,"menu_order":0,"comment_status":"closed","ping_status":"closed","template":"","meta":[],"_links":{"self":[{"href":"https:\/\/ctce.com.vn\/ja\/wp-json\/wp\/v2\/pages\/116"}],"collection":[{"href":"https:\/\/ctce.com.vn\/ja\/wp-json\/wp\/v2\/pages"}],"about":[{"href":"https:\/\/ctce.com.vn\/ja\/wp-json\/wp\/v2\/types\/page"}],"author":[{"embeddable":true,"href":"https:\/\/ctce.com.vn\/ja\/wp-json\/wp\/v2\/users\/3"}],"replies":[{"embeddable":true,"href":"https:\/\/ctce.com.vn\/ja\/wp-json\/wp\/v2\/comments?post=116"}],"version-history":[{"count":0,"href":"https:\/\/ctce.com.vn\/ja\/wp-json\/wp\/v2\/pages\/116\/revisions"}],"wp:featuredmedia":[{"embeddable":true,"href":"https:\/\/ctce.com.vn\/ja\/wp-json\/wp\/v2\/media\/338"}],"wp:attachment":[{"href":"https:\/\/ctce.com.vn\/ja\/wp-json\/wp\/v2\/media?parent=116"}],"curies":[{"name":"wp","href":"https:\/\/api.w.org\/{rel}","templated":true}]}}