{"id":10,"date":"2020-08-14T23:30:32","date_gmt":"2020-08-14T16:30:32","guid":{"rendered":"http:\/\/demo2.sotavn.com\/mxd\/?page_id=10"},"modified":"2021-10-05T22:45:20","modified_gmt":"2021-10-05T15:45:20","slug":"ho-so-cong-ty","status":"publish","type":"page","link":"https:\/\/ctce.com.vn\/ja\/ho-so-cong-ty\/","title":{"rendered":"\u4f1a\u793e\u6982\u8981"},"content":{"rendered":"<p>[vc_row el_class=\"box-widget-1\" mobile_bg_img_hidden=\"no\" tablet_bg_img_hidden=\"no\" woodmart_parallax=\"0\" woodmart_gradient_switch=\"no\" row_reverse_mobile=\"0\" row_reverse_tablet=\"0\" woodmart_disable_overflow=\"0\"][vc_column mobile_bg_img_hidden=\"no\" tablet_bg_img_hidden=\"no\" woodmart_parallax=\"0\" woodmart_sticky_column=\"false\" el_class=\"box-category-home\" parallax_scroll=\"no\" mobile_reset_margin=\"no\" tablet_reset_margin=\"no\"][vc_column_text text_larger=\"no\" el_class=\"box-danh-muc-home\"]<a href=\"http:\/\/www.comi.vn\/\"><img class=\"alignnone wp-image-163 size-full aligncenter\" src=\"https:\/\/ctce.com.vn\/wp-content\/uploads\/2021\/04\/cee.jpg\" alt=\"\" width=\"235\" height=\"60\" \/><\/a>\r\n\r\nC\u01a1 kh\u00ed C\u00f4ng Minh[\/vc_column_text][vc_column_text text_larger=\"no\" el_class=\"box-danh-muc-home\"]<a href=\"https:\/\/phungluat.com.vn\/\"><img class=\"alignnone wp-image-166 size-full aligncenter\" src=\"https:\/\/ctce.com.vn\/wp-content\/uploads\/2021\/04\/pl.jpg\" alt=\"\" width=\"235\" height=\"60\" \/><\/a>\r\n\r\nPh\u1ee5ng Lu\u1eadt[\/vc_column_text][vc_column_text text_larger=\"no\" el_class=\"box-danh-muc-home\"]<a href=\"https:\/\/keevvn.com\/\"><img class=\"alignnone wp-image-165 size-full\" src=\"https:\/\/ctce.com.vn\/wp-content\/uploads\/2021\/04\/keev.jpg\" alt=\"\" width=\"235\" height=\"60\" \/><\/a>\r\n\r\nKEEV[\/vc_column_text][vc_column_text text_larger=\"no\" el_class=\"box-danh-muc-home\"]<img class=\"alignnone wp-image-164 size-full aligncenter\" src=\"https:\/\/ctce.com.vn\/wp-content\/uploads\/2021\/04\/fb.jpg\" alt=\"\" width=\"235\" height=\"60\" \/>\r\n\r\nFacebook[\/vc_column_text][vc_column_text text_larger=\"no\" el_class=\"box-danh-muc-home\"]<img class=\"alignnone wp-image-167 size-full aligncenter\" src=\"https:\/\/ctce.com.vn\/wp-content\/uploads\/2021\/04\/youtube.jpg\" alt=\"\" width=\"235\" height=\"60\" \/>\r\n\r\nYoutube[\/vc_column_text][\/vc_column][\/vc_row]<style data-type=\"vc_shortcodes-custom-css\"><\/style>[\/vc_column_text][\/vc_column_inner][\/vc_row_inner][\/vc_column][vc_column width=&#8221;3\/4&#8243; mobile_bg_img_hidden=&#8221;no&#8221; tablet_bg_img_hidden=&#8221;no&#8221; woodmart_parallax=&#8221;0&#8243; woodmart_sticky_column=&#8221;false&#8221; parallax_scroll=&#8221;no&#8221; mobile_reset_margin=&#8221;no&#8221; tablet_reset_margin=&#8221;no&#8221; el_class=&#8221;tieu-de-trang-sp&#8221;][vc_column_text text_larger=&#8221;no&#8221;]<\/p>\n<h3 style=\"text-align: center;\"><span style=\"color: #ff0000;\">TH\u00d4NG TIN C\u00d4NG TY<\/span><\/h3>\n<p>[\/vc_column_text][vc_row_inner el_class=&#8221;form-ho-so-ct&#8221; row_reverse_mobile=&#8221;0&#8243; row_reverse_tablet=&#8221;0&#8243;][vc_column_inner][vc_column_text text_larger=&#8221;no&#8221;]<\/p>\n<table style=\"border-collapse: collapse; width: 100%; height: 311px;\">\n<tbody>\n<tr style=\"height: 24px;\">\n<td style=\"width: 20%; height: 24px;\"><span style=\"font-size: 14pt;\">T\u00ean c\u00f4ng ty<\/span><\/td>\n<td style=\"width: 80%; height: 24px;\"><span style=\"font-size: 14pt;\">C\u00f4ng ty TNHH CT Chemical Engineering<\/span><\/td>\n<\/tr>\n<tr style=\"height: 72px;\">\n<td style=\"width: 20%; height: 72px;\"><span style=\"font-size: 14pt;\">V\u1ecb tr\u00ed<\/span><\/td>\n<td style=\"width: 80%; height: 72px;\"><span style=\"font-size: 14pt;\">LE-03.43+44, t\u00f2a nh\u00e0 Lexington, 67 Mai Ch\u00ed Th\u1ecd, Ph\u01b0\u1eddng An Ph\u00fa, Th\u00e0nh ph\u1ed1 Th\u1ee7 \u0110\u1ee9c, Th\u00e0nh ph\u1ed1 H\u1ed3 Ch\u00ed Minh =&gt; <span style=\"color: #800000;\"><a style=\"color: #800000;\" href=\"https:\/\/goo.gl\/maps\/Q6Jx49YdS1ahYvGi9\"><strong>Xem ngay<\/strong><\/a><\/span><\/span><\/td>\n<\/tr>\n<tr style=\"height: 24px;\">\n<td style=\"width: 20%; height: 24px;\"><span style=\"font-size: 14pt;\">Th\u00e0nh l\u1eadp<\/span><\/td>\n<td style=\"width: 80%; height: 24px;\"><span style=\"font-size: 14pt;\">06\/04\/2021<\/span><\/td>\n<\/tr>\n<tr style=\"height: 48px;\">\n<td style=\"width: 20%; height: 48px;\"><span style=\"font-size: 14pt;\">Ng\u01b0\u1eddi \u0111\u1ea1i di\u1ec7n<\/span><\/td>\n<td style=\"width: 80%; height: 48px;\"><span style=\"font-size: 14pt;\">L\u00ea Th\u1ecb Th\u1ee7y<\/span><\/td>\n<\/tr>\n<tr style=\"height: 24px;\">\n<td style=\"width: 20%; height: 24px;\"><span style=\"font-size: 14pt;\">V\u1ed1n \u0111i\u1ec1u l\u1ec7<\/span><\/td>\n<td style=\"width: 80%; height: 24px;\"><span style=\"font-size: 14pt;\">9.800.000.000 vnd<\/span><\/td>\n<\/tr>\n<tr style=\"height: 72px;\">\n<td style=\"width: 20%; height: 72px;\"><span style=\"font-size: 14pt;\">L\u0129nh v\u1ef1c ho\u1ea1t \u0111\u1ed9ng<\/span><\/td>\n<td style=\"width: 80%; height: 72px;\"><span style=\"font-size: 14pt;\">1. T\u1ed5ng th\u1ea7u EPC bao g\u1ed3m thi\u1ebft k\u1ebf &#8211; mua s\u1eafm &#8211; thi c\u00f4ng l\u1eafp \u0111\u1eb7t cho nh\u00e0 m\u00e1y h\u00f3a ch\u1ea5t, th\u1ef1c ph\u1ea9m, \u0111i\u1ec7n n\u0103ng l\u01b0\u1ee3ng m\u1eb7t tr\u1eddi<\/span><\/p>\n<p><span style=\"font-size: 14pt;\">2. Cung c\u1ea5p c\u00e1c lo\u1ea1i thi\u1ebft b\u1ecb<\/span><\/p>\n<p><span style=\"font-size: 14pt;\">3. T\u01b0 v\u1ea5n v\u00e0 cung c\u1ea5p gi\u1ea3i ph\u00e1p v\u1eadn h\u00e0nh<\/span><\/p>\n<p><span style=\"font-size: 14pt;\">4. D\u1ecbch v\u1ee5 V\u1eadn H\u00e0nh v\u00e0 ch\u1ea1y th\u1eed h\u1ec7 th\u1ed1ng<\/span><\/p>\n<p><span style=\"font-size: 14pt;\">5. B\u1ea3o tr\u00ec &#8211; B\u1ea3o d\u01b0\u1ee1ng &#8211; C\u1ea3i ti\u1ebfn &#8211; C\u1ea3i t\u1ea1o<\/span><\/td>\n<\/tr>\n<\/tbody>\n<\/table>\n<p>[\/vc_column_text][\/vc_column_inner][\/vc_row_inner][vc_row_inner el_class=&#8221;form-ho-so-ct&#8221; row_reverse_mobile=&#8221;0&#8243; row_reverse_tablet=&#8221;0&#8243;][vc_column_inner][vc_single_image image=&#8221;186&#8243; img_size=&#8221;full&#8221; alignment=&#8221;center&#8221; style=&#8221;vc_box_border&#8221; parallax_scroll=&#8221;no&#8221;][\/vc_column_inner][\/vc_row_inner][\/vc_column][\/vc_row][vc_row el_class=\"box-widget-1\" mobile_bg_img_hidden=\"no\" tablet_bg_img_hidden=\"no\" woodmart_parallax=\"0\" woodmart_gradient_switch=\"no\" row_reverse_mobile=\"0\" row_reverse_tablet=\"0\" woodmart_disable_overflow=\"0\"][vc_column mobile_bg_img_hidden=\"no\" tablet_bg_img_hidden=\"no\" woodmart_parallax=\"0\" woodmart_sticky_column=\"false\" el_class=\"box-category-home\" parallax_scroll=\"no\" mobile_reset_margin=\"no\" tablet_reset_margin=\"no\"][vc_column_text text_larger=\"no\" el_class=\"box-danh-muc-home\"]<a href=\"http:\/\/www.comi.vn\/\"><img class=\"alignnone wp-image-163 size-full aligncenter\" src=\"https:\/\/ctce.com.vn\/wp-content\/uploads\/2021\/04\/cee.jpg\" alt=\"\" width=\"235\" height=\"60\" \/><\/a>\r\n\r\nC\u01a1 kh\u00ed C\u00f4ng Minh[\/vc_column_text][vc_column_text text_larger=\"no\" el_class=\"box-danh-muc-home\"]<a href=\"https:\/\/phungluat.com.vn\/\"><img class=\"alignnone wp-image-166 size-full aligncenter\" src=\"https:\/\/ctce.com.vn\/wp-content\/uploads\/2021\/04\/pl.jpg\" alt=\"\" width=\"235\" height=\"60\" \/><\/a>\r\n\r\nPh\u1ee5ng Lu\u1eadt[\/vc_column_text][vc_column_text text_larger=\"no\" el_class=\"box-danh-muc-home\"]<a href=\"https:\/\/keevvn.com\/\"><img class=\"alignnone wp-image-165 size-full\" src=\"https:\/\/ctce.com.vn\/wp-content\/uploads\/2021\/04\/keev.jpg\" alt=\"\" width=\"235\" height=\"60\" \/><\/a>\r\n\r\nKEEV[\/vc_column_text][vc_column_text text_larger=\"no\" el_class=\"box-danh-muc-home\"]<img class=\"alignnone wp-image-164 size-full aligncenter\" src=\"https:\/\/ctce.com.vn\/wp-content\/uploads\/2021\/04\/fb.jpg\" alt=\"\" width=\"235\" height=\"60\" \/>\r\n\r\nFacebook[\/vc_column_text][vc_column_text text_larger=\"no\" el_class=\"box-danh-muc-home\"]<img class=\"alignnone wp-image-167 size-full aligncenter\" src=\"https:\/\/ctce.com.vn\/wp-content\/uploads\/2021\/04\/youtube.jpg\" alt=\"\" width=\"235\" height=\"60\" \/>\r\n\r\nYoutube[\/vc_column_text][\/vc_column][\/vc_row]<style data-type=\"vc_shortcodes-custom-css\"><\/style>[\/vc_column_text][\/vc_column_inner][\/vc_row_inner][\/vc_column][vc_column width=&#8221;3\/4&#8243; mobile_bg_img_hidden=&#8221;no&#8221; tablet_bg_img_hidden=&#8221;no&#8221; woodmart_parallax=&#8221;0&#8243; woodmart_sticky_column=&#8221;false&#8221; parallax_scroll=&#8221;no&#8221; mobile_reset_margin=&#8221;no&#8221; tablet_reset_margin=&#8221;no&#8221; el_class=&#8221;tieu-de-trang-sp&#8221;][vc_column_text text_larger=&#8221;no&#8221;]<\/p>\n<h3 style=\"text-align: center;\"><span style=\"color: #ff0000;\">Company overview<\/span><\/h3>\n<p>[\/vc_column_text][vc_row_inner el_class=&#8221;form-ho-so-ct&#8221; row_reverse_mobile=&#8221;0&#8243; row_reverse_tablet=&#8221;0&#8243;][vc_column_inner][vc_column_text text_larger=&#8221;no&#8221;]<\/p>\n<table style=\"border-collapse: collapse; width: 100%; height: 311px;\">\n<tbody>\n<tr style=\"height: 24px;\">\n<td style=\"width: 20%; height: 24px;\"><span style=\"font-size: 14pt;\">Company Name<\/span><\/td>\n<td style=\"width: 80%; height: 24px;\"><span style=\"font-size: 14pt;\">CT Chemical Engineering Company Limited<br \/>\nCOMPANY PROFILE<br \/>\n<\/span><\/td>\n<\/tr>\n<tr style=\"height: 72px;\">\n<td style=\"width: 20%; height: 72px;\"><span style=\"font-size: 14pt;\">Address<\/span><\/td>\n<td style=\"width: 80%; height: 72px;\"><span style=\"font-size: 14pt;\">LE-03.43+44, Lexington Building, 67 Mai Chi Tho, An Phu Ward, Thu Duc City, Ho Chi Minh City =&gt; <span style=\"color: #800000;\"><a style=\"color: #800000;\" href=\"https:\/\/goo.gl\/maps\/Q6Jx49YdS1ahYvGi9\"><strong>Watch now<\/strong><\/a><\/span><\/span><\/td>\n<\/tr>\n<tr style=\"height: 24px;\">\n<td style=\"width: 20%; height: 24px;\"><span style=\"font-size: 14pt;\">Established<\/span><\/td>\n<td style=\"width: 80%; height: 24px;\"><span style=\"font-size: 14pt;\">06\/04\/2021<\/span><\/td>\n<\/tr>\n<tr style=\"height: 48px;\">\n<td style=\"width: 20%; height: 48px;\"><span style=\"font-size: 14pt;\">Legal representation<\/span><\/td>\n<td style=\"width: 80%; height: 48px;\"><span style=\"font-size: 14pt;\">Mrs. THUY LE<\/span><\/td>\n<\/tr>\n<tr style=\"height: 24px;\">\n<td style=\"width: 20%; height: 24px;\"><span style=\"font-size: 14pt;\">Authorized capital<\/span><\/td>\n<td style=\"width: 80%; height: 24px;\"><span style=\"font-size: 14pt;\">9.800.000.000 vnd<\/span><\/td>\n<\/tr>\n<tr style=\"height: 72px;\">\n<td style=\"width: 20%; height: 72px;\"><span style=\"font-size: 14pt;\">Business Contents<\/span><\/td>\n<td style=\"width: 80%; height: 72px;\"><span style=\"font-size: 14pt;\">1.General Contractor (EPC) includes engineering, procurement, and construction in the fields of chemical plants, beverages factories, and solar power systems.<br \/>\n<\/span><span style=\"font-size: 14pt;\">2. Equipment supply service<\/span><\/p>\n<p><span style=\"font-size: 14pt;\">3. Consulting and providing solutions<br \/>\n<\/span><\/p>\n<p><span style=\"font-size: 14pt;\">4. Operation and commissioning service<br \/>\n<\/span><\/p>\n<p><span style=\"font-size: 14pt;\">5. Maintenance service<\/span><\/td>\n<\/tr>\n<\/tbody>\n<\/table>\n<p>[\/vc_column_text][\/vc_column_inner][\/vc_row_inner][vc_row_inner el_class=&#8221;form-ho-so-ct&#8221; row_reverse_mobile=&#8221;0&#8243; row_reverse_tablet=&#8221;0&#8243;][vc_column_inner][vc_single_image image=&#8221;186&#8243; img_size=&#8221;full&#8221; alignment=&#8221;center&#8221; style=&#8221;vc_box_border&#8221; parallax_scroll=&#8221;no&#8221;][\/vc_column_inner][\/vc_row_inner][\/vc_column][\/vc_row][vc_row][vc_column width=&#8221;1\/4&#8243; mobile_bg_img_hidden=&#8221;no&#8221; tablet_bg_img_hidden=&#8221;no&#8221; woodmart_parallax=&#8221;0&#8243; woodmart_sticky_column=&#8221;false&#8221; parallax_scroll=&#8221;no&#8221; mobile_reset_margin=&#8221;no&#8221; tablet_reset_margin=&#8221;no&#8221;][vc_column_text text_larger=&#8221;no&#8221; el_class=&#8221;sidebar-inner woodmart-sidebar-scroll&#8221;]<\/p>\n<div class=\"menu-chuyen-muc widget-area woodmart-sidebar-content\">\n<h3><span style=\"font-size: 13pt;\">\u4f1a\u793e\u6982\u8981<\/span><\/h3>\n<ul>\n<li><span style=\"font-size: 13pt;\"><a href=\"https:\/\/ctce.com.vn\/ho-so-cong-ty\/\">\u4f1a\u793e\u6982\u8981<\/a><\/span><\/li>\n<li class=\"co-link\"><span style=\"font-size: 13pt;\"><a href=\"https:\/\/ctce.com.vn\/thong-diep-cong-ty\/\">\u4f1a\u793e\u30e1\u30c3\u30bb\u30fc\u30b8<\/a><\/span><\/li>\n<li class=\"co-link\"><span style=\"font-size: 13pt;\"><a href=\"https:\/\/ctce.com.vn\/dac-trung-va-the-manh\/\">\u79c1\u305f\u3061\u306e\u7279\u5fb4\u53ca\u3073\u5f37\u307f<\/a><\/span><\/li>\n<li class=\"co-link\"><span style=\"font-size: 13pt;\"><a href=\"https:\/\/ctce.com.vn\/so-do-to-chuc\/\">\u7d44\u7e54<\/a><\/span><\/li>\n<li class=\"co-link\"><span style=\"font-size: 13pt;\"><a href=\"https:\/\/ctce.com.vn\/ban-do\/\">\u5730\u56f3<\/a><\/span><\/li>\n<\/ul>\n<\/div>\n<p>[\/vc_column_text][vc_row_inner][vc_column_inner][vc_column_text text_larger=&#8221;no&#8221;][vc_row el_class=\"box-widget-1\" mobile_bg_img_hidden=\"no\" tablet_bg_img_hidden=\"no\" woodmart_parallax=\"0\" woodmart_gradient_switch=\"no\" row_reverse_mobile=\"0\" row_reverse_tablet=\"0\" woodmart_disable_overflow=\"0\"][vc_column mobile_bg_img_hidden=\"no\" tablet_bg_img_hidden=\"no\" woodmart_parallax=\"0\" woodmart_sticky_column=\"false\" el_class=\"box-category-home\" parallax_scroll=\"no\" mobile_reset_margin=\"no\" tablet_reset_margin=\"no\"][vc_column_text text_larger=\"no\" el_class=\"box-danh-muc-home\"]<a href=\"http:\/\/www.comi.vn\/\"><img class=\"alignnone wp-image-163 size-full aligncenter\" src=\"https:\/\/ctce.com.vn\/wp-content\/uploads\/2021\/04\/cee.jpg\" alt=\"\" width=\"235\" height=\"60\" \/><\/a>\r\n\r\nC\u01a1 kh\u00ed C\u00f4ng Minh[\/vc_column_text][vc_column_text text_larger=\"no\" el_class=\"box-danh-muc-home\"]<a href=\"https:\/\/phungluat.com.vn\/\"><img class=\"alignnone wp-image-166 size-full aligncenter\" src=\"https:\/\/ctce.com.vn\/wp-content\/uploads\/2021\/04\/pl.jpg\" alt=\"\" width=\"235\" height=\"60\" \/><\/a>\r\n\r\nPh\u1ee5ng Lu\u1eadt[\/vc_column_text][vc_column_text text_larger=\"no\" el_class=\"box-danh-muc-home\"]<a href=\"https:\/\/keevvn.com\/\"><img class=\"alignnone wp-image-165 size-full\" src=\"https:\/\/ctce.com.vn\/wp-content\/uploads\/2021\/04\/keev.jpg\" alt=\"\" width=\"235\" height=\"60\" \/><\/a>\r\n\r\nKEEV[\/vc_column_text][vc_column_text text_larger=\"no\" el_class=\"box-danh-muc-home\"]<img class=\"alignnone wp-image-164 size-full aligncenter\" src=\"https:\/\/ctce.com.vn\/wp-content\/uploads\/2021\/04\/fb.jpg\" alt=\"\" width=\"235\" height=\"60\" \/>\r\n\r\nFacebook[\/vc_column_text][vc_column_text text_larger=\"no\" el_class=\"box-danh-muc-home\"]<img class=\"alignnone wp-image-167 size-full aligncenter\" src=\"https:\/\/ctce.com.vn\/wp-content\/uploads\/2021\/04\/youtube.jpg\" alt=\"\" width=\"235\" height=\"60\" \/>\r\n\r\nYoutube[\/vc_column_text][\/vc_column][\/vc_row]<style data-type=\"vc_shortcodes-custom-css\"><\/style>[\/vc_column_text][\/vc_column_inner][\/vc_row_inner][\/vc_column][vc_column width=&#8221;3\/4&#8243; mobile_bg_img_hidden=&#8221;no&#8221; tablet_bg_img_hidden=&#8221;no&#8221; woodmart_parallax=&#8221;0&#8243; woodmart_sticky_column=&#8221;false&#8221; parallax_scroll=&#8221;no&#8221; mobile_reset_margin=&#8221;no&#8221; tablet_reset_margin=&#8221;no&#8221; el_class=&#8221;tieu-de-trang-sp&#8221;][vc_column_text text_larger=&#8221;no&#8221;]<\/p>\n<h3 style=\"text-align: center;\"><span style=\"color: #ff0000;\">\u4f1a\u793e\u6982\u8981<\/span><\/h3>\n<p>[\/vc_column_text][vc_row_inner el_class=&#8221;form-ho-so-ct&#8221; row_reverse_mobile=&#8221;0&#8243; row_reverse_tablet=&#8221;0&#8243;][vc_column_inner][vc_column_text text_larger=&#8221;no&#8221;]<\/p>\n<table style=\"border-collapse: collapse; width: 100%; height: 311px;\">\n<tbody>\n<tr style=\"height: 24px;\">\n<td style=\"width: 20%; height: 24px;\"><span style=\"font-size: 14pt;\">\u30d9\u30c8\u30ca\u30e0\u8a9e\u306e\u53d6\u5f15\u540d<\/span><\/td>\n<td style=\"width: 80%; height: 24px;\"><span style=\"font-size: 14pt;\">CT Chemical Engineering \u682a\u5f0f\u4f1a\u793e<\/span><\/td>\n<\/tr>\n<tr style=\"height: 72px;\">\n<td style=\"width: 20%; height: 72px;\"><span style=\"font-size: 14pt;\">\u4f4f\u6240<\/span><\/td>\n<td style=\"width: 80%; height: 72px;\"><span style=\"font-size: 14pt;\">Ho Chi Minh\u5e02\u3001Thu Duc\u5e02\u300167 Mai chi Tho &#8211; An Phu,LE-03.43+44, Lexington <span style=\"font-family: inherit;\">=&gt; <\/span><span style=\"color: #800000;\"><a style=\"color: #800000;\" href=\"https:\/\/goo.gl\/maps\/Q6Jx49YdS1ahYvGi9\"><strong>\u4eca\u898b\u308b<\/strong><\/a><\/span><\/span><\/td>\n<\/tr>\n<tr style=\"height: 24px;\">\n<td style=\"width: 20%; height: 24px;\"><span style=\"font-size: 14pt;\">\u8cc7\u672c\u91d1<\/span><\/td>\n<td style=\"width: 80%; height: 24px;\"><span style=\"font-size: 14pt;\">06\/04\/2021<\/span><\/td>\n<\/tr>\n<tr style=\"height: 48px;\">\n<td style=\"width: 20%; height: 48px;\"><span style=\"font-size: 14pt;\">\u4ee3\u8868\u8005<\/span><\/td>\n<td style=\"width: 80%; height: 48px;\"><span style=\"font-size: 14pt;\">Le Thi Thuy<\/span><\/td>\n<\/tr>\n<tr style=\"height: 24px;\">\n<td style=\"width: 20%; height: 24px;\"><span style=\"font-size: 14pt;\">\u8cc7\u672c\u91d1<\/span><\/td>\n<td style=\"width: 80%; height: 24px;\"><span style=\"font-size: 14pt;\">9.800.000.000 vnd<\/span><\/td>\n<\/tr>\n<tr style=\"height: 72px;\">\n<td style=\"width: 20%; height: 72px;\"><span style=\"font-size: 14pt;\">\u4e8b\u696d\u5185\u5bb9<\/span><\/td>\n<td style=\"width: 80%; height: 72px;\"><span style=\"font-size: 14pt;\">1. \u5316\u5b66\u30d7\u30e9\u30f3\u30c8\u3001\u98df\u54c1\u3001\u6eb6\u5264\u56de\u53ce\u30b7\u30b9\u30c6\u30e0\u3001\u84b8\u7559\u7cbe\u88fd\u3001\u6392\u6c34\u51e6\u7406\u8a2d\u5099\u53ca\u3073\u592a\u967d\u5149\u767a\u96fb\u30b7\u30b9\u30c6\u30e0\u306e\u5206\u91ce\u306b\u304a\u3051\u308b\u8a2d\u8a08\u30b3\u30f3\u30b5\u30eb\u30c6\u30a3\u30f3\u30b0\u3001\u8abf\u9054\u3001\u5efa\u8a2d\u3001\u8a66\u904b\u8ee2\u306e\u4e00\u5f0f\u3068\u3057\u3066EPC\u4f5c\u696d\u3092\u884c\u3044\u307e\u3059\u3002<br \/>\n<\/span><span style=\"font-size: 14pt;\">2. \u6a5f\u5668\u5358\u4f53\u985e\u306e\u652f\u7d66<br \/>\n<\/span><span style=\"font-size: 14pt;\">3. \u30b3\u30f3\u30b5\u30eb\u30c6\u30a3\u30f3\u30b0\u53ca\u3073\u30bd\u30ea\u30e5\u30fc\u30b7\u30e7\u30f3\u63d0\u4f9b<br \/>\n<\/span><span style=\"font-size: 14pt;\">4. \u8a66\u904b\u8ee2\u53ca\u3073\u7a3c\u50cd\u904b\u8ee2\u306e\u30b5\u30fc\u30d3\u30b9<br \/>\n<\/span><\/p>\n<p><span style=\"font-size: 14pt;\">5. \u4fdd\u5b88\u2010\u4fdd\u5168\u2010\u6539\u5584\u2010\u6539\u9020\u306e\u30a2\u30d5\u30bf\u30fc\u30b5\u30fc\u30d3\u30b9<br \/>\n<\/span><\/td>\n<\/tr>\n<\/tbody>\n<\/table>\n<p>[\/vc_column_text][\/vc_column_inner][\/vc_row_inner][vc_row_inner el_class=&#8221;form-ho-so-ct&#8221; row_reverse_mobile=&#8221;0&#8243; row_reverse_tablet=&#8221;0&#8243;][vc_column_inner][vc_single_image image=&#8221;186&#8243; img_size=&#8221;full&#8221; alignment=&#8221;center&#8221; style=&#8221;vc_box_border&#8221; parallax_scroll=&#8221;no&#8221;][\/vc_column_inner][\/vc_row_inner][\/vc_column][\/vc_row]<\/p>","protected":false},"excerpt":{"rendered":"<p>[vc_row][vc_column w<\/p>\n","protected":false},"author":1,"featured_media":0,"parent":0,"menu_order":0,"comment_status":"closed","ping_status":"closed","template":"","meta":[],"_links":{"self":[{"href":"https:\/\/ctce.com.vn\/ja\/wp-json\/wp\/v2\/pages\/10"}],"collection":[{"href":"https:\/\/ctce.com.vn\/ja\/wp-json\/wp\/v2\/pages"}],"about":[{"href":"https:\/\/ctce.com.vn\/ja\/wp-json\/wp\/v2\/types\/page"}],"author":[{"embeddable":true,"href":"https:\/\/ctce.com.vn\/ja\/wp-json\/wp\/v2\/users\/1"}],"replies":[{"embeddable":true,"href":"https:\/\/ctce.com.vn\/ja\/wp-json\/wp\/v2\/comments?post=10"}],"version-history":[{"count":0,"href":"https:\/\/ctce.com.vn\/ja\/wp-json\/wp\/v2\/pages\/10\/revisions"}],"wp:attachment":[{"href":"https:\/\/ctce.com.vn\/ja\/wp-json\/wp\/v2\/media?parent=10"}],"curies":[{"name":"wp","href":"https:\/\/api.w.org\/{rel}","templated":true}]}}