{"id":188,"date":"2021-08-04T18:23:43","date_gmt":"2021-08-04T11:23:43","guid":{"rendered":"https:\/\/ctce.com.vn\/?page_id=188"},"modified":"2021-09-19T17:23:27","modified_gmt":"2021-09-19T10:23:27","slug":"gioi-thieu","status":"publish","type":"page","link":"https:\/\/ctce.com.vn\/en\/gioi-thieu\/","title":{"rendered":"Introduce"},"content":{"rendered":"<p>[vc_row][vc_column width=&#8221;1\/4&#8243; mobile_bg_img_hidden=&#8221;no&#8221; tablet_bg_img_hidden=&#8221;no&#8221; woodmart_parallax=&#8221;0&#8243; woodmart_sticky_column=&#8221;false&#8221; parallax_scroll=&#8221;no&#8221; mobile_reset_margin=&#8221;no&#8221; tablet_reset_margin=&#8221;no&#8221;][vc_column_text text_larger=&#8221;no&#8221; el_class=&#8221;sidebar-inner woodmart-sidebar-scroll&#8221;]<\/p>\n<div class=\"menu-chuyen-muc widget-area woodmart-sidebar-content\">\n<div class=\"menu-chuyen-muc widget-area woodmart-sidebar-content\">\n<h3><span style=\"font-size: 14pt;\">S\u1ea3n ph\u1ea9m ch\u00ednh<\/span><\/h3>\n<ul>\n<li><a href=\"https:\/\/ctce.com.vn\/gioi-thieu\/\"><span style=\"font-size: 14pt;\">Gi\u1edbi thi\u1ec7u<\/span><\/a><\/li>\n<li><span style=\"font-size: 14pt;\"><a href=\"https:\/\/ctce.com.vn\/nha-may-san-xuat-keo\/\">Nh\u00e0 m\u00e1y s\u1ea3n xu\u1ea5t keo<\/a><\/span><\/li>\n<li><span style=\"font-size: 14pt;\"><a href=\"https:\/\/ctce.com.vn\/nha-may-san-xuat-son\/\">Nh\u00e0 m\u00e1y s\u1ea3n xu\u1ea5t s\u01a1n<\/a><\/span><\/li>\n<li><span style=\"font-size: 14pt;\"><a href=\"https:\/\/ctce.com.vn\/he-thong-cham-hoa-chat\/\">H\u1ec7 th\u1ed1ng ch\u00e2m h\u00f3a ch\u1ea5t<\/a><\/span><\/li>\n<li><span style=\"font-size: 14pt;\"><a href=\"https:\/\/ctce.com.vn\/chung-cat-va-thu-hoi-dung-moi\/\">Ch\u01b0ng c\u1ea5t v\u00e0 thu h\u1ed3i dung m\u00f4i<\/a><\/span><\/li>\n<li><span style=\"font-size: 14pt;\"><a href=\"https:\/\/ctce.com.vn\/he-thong-xu-ly-amonia\/\">H\u1ec7 th\u1ed1ng x\u1eed l\u00fd ammonia<\/a><\/span><\/li>\n<li><span style=\"font-size: 14pt;\"><a href=\"https:\/\/ctce.com.vn\/boc-hoi-va-co-dac\/\">B\u1ed1c h\u01a1i v\u00e0 c\u00f4 \u0111\u1eb7c<\/a><\/span><\/li>\n<li><span style=\"font-size: 14pt;\"><a href=\"https:\/\/ctce.com.vn\/he-thong-xu-ly-nuoc-va-nuoc-thai\/\">H\u1ec7 th\u1ed1ng x\u1eed l\u00fd n\u01b0\u1edbc th\u1ea3i<\/a><\/span><\/li>\n<li><span style=\"font-size: 14pt;\"><a href=\"https:\/\/ctce.com.vn\/bao-tri-bao-duong\/\">B\u1ea3o tr\u00ec b\u1ea3o d\u01b0\u1ee1ng<\/a><\/span><\/li>\n<\/ul>\n<\/div>\n<p>&nbsp;<\/p>\n<\/div>\n<p>[\/vc_column_text][vc_row_inner][vc_column_inner][vc_column_text text_larger=&#8221;no&#8221;][vc_row el_class=\"box-widget-1\" mobile_bg_img_hidden=\"no\" tablet_bg_img_hidden=\"no\" woodmart_parallax=\"0\" woodmart_gradient_switch=\"no\" row_reverse_mobile=\"0\" row_reverse_tablet=\"0\" woodmart_disable_overflow=\"0\"][vc_column mobile_bg_img_hidden=\"no\" tablet_bg_img_hidden=\"no\" woodmart_parallax=\"0\" woodmart_sticky_column=\"false\" el_class=\"box-category-home\" parallax_scroll=\"no\" mobile_reset_margin=\"no\" tablet_reset_margin=\"no\"][vc_column_text text_larger=\"no\" el_class=\"box-danh-muc-home\"]<a href=\"http:\/\/www.comi.vn\/\"><img class=\"alignnone wp-image-163 size-full aligncenter\" src=\"https:\/\/ctce.com.vn\/wp-content\/uploads\/2021\/04\/cee.jpg\" alt=\"\" width=\"235\" height=\"60\" \/><\/a>\r\n\r\nC\u01a1 kh\u00ed C\u00f4ng Minh[\/vc_column_text][vc_column_text text_larger=\"no\" el_class=\"box-danh-muc-home\"]<a href=\"https:\/\/phungluat.com.vn\/\"><img class=\"alignnone wp-image-166 size-full aligncenter\" src=\"https:\/\/ctce.com.vn\/wp-content\/uploads\/2021\/04\/pl.jpg\" alt=\"\" width=\"235\" height=\"60\" \/><\/a>\r\n\r\nPh\u1ee5ng Lu\u1eadt[\/vc_column_text][vc_column_text text_larger=\"no\" el_class=\"box-danh-muc-home\"]<a href=\"https:\/\/keevvn.com\/\"><img class=\"alignnone wp-image-165 size-full\" src=\"https:\/\/ctce.com.vn\/wp-content\/uploads\/2021\/04\/keev.jpg\" alt=\"\" width=\"235\" height=\"60\" \/><\/a>\r\n\r\nKEEV[\/vc_column_text][vc_column_text text_larger=\"no\" el_class=\"box-danh-muc-home\"]<img class=\"alignnone wp-image-164 size-full aligncenter\" src=\"https:\/\/ctce.com.vn\/wp-content\/uploads\/2021\/04\/fb.jpg\" alt=\"\" width=\"235\" height=\"60\" \/>\r\n\r\nFacebook[\/vc_column_text][vc_column_text text_larger=\"no\" el_class=\"box-danh-muc-home\"]<img class=\"alignnone wp-image-167 size-full aligncenter\" src=\"https:\/\/ctce.com.vn\/wp-content\/uploads\/2021\/04\/youtube.jpg\" alt=\"\" width=\"235\" height=\"60\" \/>\r\n\r\nYoutube[\/vc_column_text][\/vc_column][\/vc_row]<style data-type=\"vc_shortcodes-custom-css\"><\/style>[\/vc_column_text][\/vc_column_inner][\/vc_row_inner][\/vc_column][vc_column width=&#8221;3\/4&#8243; mobile_bg_img_hidden=&#8221;no&#8221; tablet_bg_img_hidden=&#8221;no&#8221; woodmart_parallax=&#8221;0&#8243; woodmart_sticky_column=&#8221;false&#8221; parallax_scroll=&#8221;no&#8221; mobile_reset_margin=&#8221;no&#8221; tablet_reset_margin=&#8221;no&#8221; el_class=&#8221;tieu-de-trang-sp&#8221;][vc_column_text text_larger=&#8221;no&#8221;]<\/p>\n<h3 style=\"text-align: center;\">Gi\u1edbi thi\u1ec7u c\u00f4ng ty<\/h3>\n<p>[\/vc_column_text][vc_row_inner][vc_column_inner][vc_column_text text_larger=&#8221;no&#8221;]<span style=\"font-size: 14pt;\">T\u00ean\u00a0\u00a0\u00a0\u00a0\u00a0\u00a0\u00a0\u00a0\u00a0\u00a0\u00a0\u00a0\u00a0\u00a0\u00a0\u00a0\u00a0\u00a0\u00a0\u00a0\u00a0 \uff1a C\u00f4ng ty TNHH CT Chemical Engineering<\/span><\/p>\n<p><span style=\"font-size: 14pt;\">Th\u00e0nh l\u1eadp\u00a0\u00a0\u00a0\u00a0\u00a0\u00a0\u00a0\u00a0 \u00a0\u00a0\u00a0\u00a0\uff1a Th\u00e1ng t\u01b0, 2021<\/span><\/p>\n<p><span style=\"font-size: 14pt;\">V\u1ed1n \u0111i\u1ec1u l\u1ec7\u00a0\u00a0\u00a0\u00a0\u00a0\u00a0\u00a0\u00a0\u00a0\u00a0 \uff1a 9,800,000,000 (VND)<\/span><\/p>\n<p><span style=\"font-size: 14pt;\">L\u0129nh v\u1ef1c ho\u1ea1t \u0111\u1ed9ng :<\/span><\/p>\n<p><span style=\"font-size: 14pt;\">Thi c\u00f4ng nh\u00e0 m\u00e1y h\u00f3a ch\u1ea5t, th\u1ef1c ph\u1ea9m v\u00e0 h\u1ec7 th\u1ed1ng n\u0103ng l\u01b0\u1ee3ng m\u1eb7t tr\u1eddi.<\/span><\/p>\n<p><span style=\"font-size: 14pt;\">(bao g\u1ed3m c\u00e1c c\u00f4ng t\u00e1c nh\u01b0 kh\u1ea3o s\u00e1t th\u1ef1c \u0111\u1ecba, thi\u1ebft k\u1ebf, ch\u1ebf t\u1ea1o &amp; mua h\u00e0ng c\u00e1c thi\u1ebft \u00a0 b\u1ecb li\u00ean quan, thi c\u00f4ng t\u1ea1i c\u00f4ng tr\u00ecnh, ch\u1ea1y th\u1eed v\u00e0 b\u1ea3o tr\u00ec b\u1ea3o d\u01b0\u1ee1ng v\u1ec1 sau)<\/span><\/p>\n<p><span style=\"font-size: 14pt;\">Thi\u1ebft b\u1ecb c\u00f4ng nghi\u1ec7p (Thi\u1ebft k\u1ebf + Ch\u1ebf t\u1ea1o ho\u1eb7c L\u1ef1a ch\u1ecdn + Mua h\u00e0ng)<\/span><\/p>\n<p><span style=\"font-size: 14pt;\">Thi\u1ebft k\u1ebf, l\u1ef1a chon v\u00e0 thi c\u00f4ng l\u1eafp \u0111\u1eb7t c\u00e1c thi\u1ebft b\u1ecb \u0111o l\u01b0\u1eddng v\u00e0 h\u1ec7 th\u1ed1ng \u0111i\u1ec1u khi\u1ec3n<\/span><\/p>\n<p><span style=\"font-size: 14pt;\">Kh\u1edfi \u0111\u1ed9ng, ch\u1ea1y th\u1eed thi\u1ebft b\u1ecb v\u00e0 h\u1ec7 th\u1ed1ng.<\/span><\/p>\n<p><span style=\"font-size: 14pt;\">C\u00f4ng t\u00e1c b\u1ea3o tr\u00ec, b\u1ea3o d\u01b0\u1ee1ng v\u00e0 cung c\u1ea5p v\u1eadt t\u01b0 ti\u00eau hao, ph\u1ee5 ki\u1ec7n thay th\u1ebf.<\/span>[\/vc_column_text][vc_column_text text_larger=&#8221;no&#8221;]<img loading=\"lazy\" class=\"alignnone size-full wp-image-89\" src=\"http:\/\/demo5.sotavn.com\/demo11\/wp-content\/uploads\/2021\/04\/img_plant.jpg\" alt=\"\" width=\"100%\" height=\"260\" \/>[\/vc_column_text][\/vc_column_inner][\/vc_row_inner][\/vc_column][\/vc_row]<\/p>","protected":false},"excerpt":{"rendered":"<p>[vc_row][vc_column width=&#8221;1\/4&#8243; mobile_bg_img_hidden=&#8221;no&#8221; tablet_bg_img_hidden=&#8221;no&#8221; woodmart_parallax=&#8221;0&#8243; woodmart_sticky_column=&#8221;false&#8221; parallax_scroll=&#8221;no&#8221; mobile_reset_margin=&#8221;no&#8221; tablet_reset_margin=&#8221;no&#8221;][vc_column_text text_larger=&#8221;no&#8221; el_class=&#8221;sidebar-inner woodmart-sidebar-scroll&#8221;] S\u1ea3n ph\u1ea9m ch\u00ednh Gi\u1edbi thi\u1ec7u Nh\u00e0 m\u00e1y s\u1ea3n<\/p>\n","protected":false},"author":3,"featured_media":0,"parent":0,"menu_order":0,"comment_status":"closed","ping_status":"closed","template":"","meta":[],"_links":{"self":[{"href":"https:\/\/ctce.com.vn\/en\/wp-json\/wp\/v2\/pages\/188"}],"collection":[{"href":"https:\/\/ctce.com.vn\/en\/wp-json\/wp\/v2\/pages"}],"about":[{"href":"https:\/\/ctce.com.vn\/en\/wp-json\/wp\/v2\/types\/page"}],"author":[{"embeddable":true,"href":"https:\/\/ctce.com.vn\/en\/wp-json\/wp\/v2\/users\/3"}],"replies":[{"embeddable":true,"href":"https:\/\/ctce.com.vn\/en\/wp-json\/wp\/v2\/comments?post=188"}],"version-history":[{"count":0,"href":"https:\/\/ctce.com.vn\/en\/wp-json\/wp\/v2\/pages\/188\/revisions"}],"wp:attachment":[{"href":"https:\/\/ctce.com.vn\/en\/wp-json\/wp\/v2\/media?parent=188"}],"curies":[{"name":"wp","href":"https:\/\/api.w.org\/{rel}","templated":true}]}}