{"id":135,"date":"2021-04-20T14:36:25","date_gmt":"2021-04-20T07:36:25","guid":{"rendered":"http:\/\/rubicdemoweb5.tk\/?page_id=135"},"modified":"2021-10-05T22:51:37","modified_gmt":"2021-10-05T15:51:37","slug":"he-thong-xu-ly-amonia","status":"publish","type":"page","link":"https:\/\/ctce.com.vn\/en\/he-thong-xu-ly-amonia\/","title":{"rendered":"Ammonia treatment System"},"content":{"rendered":"<p>[vc_row el_class=\"box-widget-1\" mobile_bg_img_hidden=\"no\" tablet_bg_img_hidden=\"no\" woodmart_parallax=\"0\" woodmart_gradient_switch=\"no\" row_reverse_mobile=\"0\" row_reverse_tablet=\"0\" woodmart_disable_overflow=\"0\"][vc_column mobile_bg_img_hidden=\"no\" tablet_bg_img_hidden=\"no\" woodmart_parallax=\"0\" woodmart_sticky_column=\"false\" el_class=\"box-category-home\" parallax_scroll=\"no\" mobile_reset_margin=\"no\" tablet_reset_margin=\"no\"][vc_column_text text_larger=\"no\" el_class=\"box-danh-muc-home\"]<a href=\"http:\/\/www.comi.vn\/\"><img class=\"alignnone wp-image-163 size-full aligncenter\" src=\"https:\/\/ctce.com.vn\/wp-content\/uploads\/2021\/04\/cee.jpg\" alt=\"\" width=\"235\" height=\"60\" \/><\/a>\r\n\r\nC\u01a1 kh\u00ed C\u00f4ng Minh[\/vc_column_text][vc_column_text text_larger=\"no\" el_class=\"box-danh-muc-home\"]<a href=\"https:\/\/phungluat.com.vn\/\"><img class=\"alignnone wp-image-166 size-full aligncenter\" src=\"https:\/\/ctce.com.vn\/wp-content\/uploads\/2021\/04\/pl.jpg\" alt=\"\" width=\"235\" height=\"60\" \/><\/a>\r\n\r\nPh\u1ee5ng Lu\u1eadt[\/vc_column_text][vc_column_text text_larger=\"no\" el_class=\"box-danh-muc-home\"]<a href=\"https:\/\/keevvn.com\/\"><img class=\"alignnone wp-image-165 size-full\" src=\"https:\/\/ctce.com.vn\/wp-content\/uploads\/2021\/04\/keev.jpg\" alt=\"\" width=\"235\" height=\"60\" \/><\/a>\r\n\r\nKEEV[\/vc_column_text][vc_column_text text_larger=\"no\" el_class=\"box-danh-muc-home\"]<img class=\"alignnone wp-image-164 size-full aligncenter\" src=\"https:\/\/ctce.com.vn\/wp-content\/uploads\/2021\/04\/fb.jpg\" alt=\"\" width=\"235\" height=\"60\" \/>\r\n\r\nFacebook[\/vc_column_text][vc_column_text text_larger=\"no\" el_class=\"box-danh-muc-home\"]<img class=\"alignnone wp-image-167 size-full aligncenter\" src=\"https:\/\/ctce.com.vn\/wp-content\/uploads\/2021\/04\/youtube.jpg\" alt=\"\" width=\"235\" height=\"60\" \/>\r\n\r\nYoutube[\/vc_column_text][\/vc_column][\/vc_row]<style data-type=\"vc_shortcodes-custom-css\"><\/style>[\/vc_column_text][\/vc_column_inner][\/vc_row_inner][\/vc_column][vc_column width=&#8221;3\/4&#8243; mobile_bg_img_hidden=&#8221;no&#8221; tablet_bg_img_hidden=&#8221;no&#8221; woodmart_parallax=&#8221;0&#8243; woodmart_sticky_column=&#8221;false&#8221; parallax_scroll=&#8221;no&#8221; mobile_reset_margin=&#8221;no&#8221; tablet_reset_margin=&#8221;no&#8221; el_class=&#8221;tieu-de-trang-sp&#8221;][vc_column_text text_larger=&#8221;no&#8221;]<\/p>\n<h3 style=\"text-align: center;\"><span style=\"color: #ff0000;\"><b>H\u1ec6 TH\u1ed0NG X\u1eec L\u00dd AMMONIA<\/b><\/span><\/h3>\n<p>[\/vc_column_text][vc_column_text text_larger=&#8221;no&#8221;]<\/p>\n<p style=\"text-align: justify;\"><span style=\"font-size: 14pt;\">C\u00f4ng ty ch\u00fang t\u00f4i \u1ee9ng d\u1ee5ng c\u00e1c c\u00f4ng ngh\u1ec7 nh\u01b0 c\u00f4ng ngh\u1ec7 \u0111\u1ed1t ph\u00e2n h\u1ee7y b\u1eb1ng ch\u1ea5t x\u00fac t\u00e1c, C\u00f4ng ngh\u1ec7 Stripping, c\u00f4ng ngh\u1ec7 h\u1ea5p th\u1ee5, hay c\u00f4ng ngh\u1ec7 x\u1eed l\u00fd n\u01b0\u1edbc th\u1ea3i \u0111\u00e3 \u0111\u01b0\u1ee3c s\u1eed d\u1ee5ng r\u1ed9ng r\u00e3i.<\/span><\/p>\n<p style=\"text-align: justify;\"><span style=\"font-size: 14pt;\">\u0110\u1eb7c tr\u01b0ng c\u1ee7a h\u1ec7 th\u1ed1ng.<\/span><\/p>\n<p style=\"text-align: justify;\"><span style=\"font-size: 14pt;\">1.C\u00f3 th\u1ec3 thi\u1ebft k\u1ebf \u0111\u01b0\u1ee3c theo nhi\u1ec1u m\u1ee5c \u0111\u00edch v\u00e0 nhu c\u1ea7u kh\u00e1c nhau.<\/span><\/p>\n<p style=\"text-align: justify;\"><span style=\"font-size: 14pt;\">2.X\u1eed l\u00fd \u0111\u01b0\u1ee3c v\u1edbi n\u01b0\u1edbc th\u1ea3i , kh\u00ed th\u1ea3i \u1edf ph\u1ea1m vi n\u1ed3ng \u0111\u1ed9 r\u1ed9ng.<\/span><\/p>\n<p style=\"text-align: justify;\"><span style=\"font-size: 14pt;\">3.V\u1eadn h\u00e0nh \u0111\u01b0\u1ee3c theo nh\u1eefng thay \u0111\u1ed5i c\u1ee7a bi\u1ebfn s\u1ed1, thay \u0111\u1ed5i l\u01b0u l\u01b0\u1ee3ng x\u1eed l\u00fd \u1edf ph\u1ea1m vi r\u1ed9ng\u2026<\/span><\/p>\n<p>[\/vc_column_text][vc_row_inner][vc_column_inner][vc_column_text text_larger=&#8221;no&#8221;]<a href=\"https:\/\/ctce.com.vn\/wp-content\/uploads\/2021\/08\/15.png\"><img loading=\"lazy\" class=\"alignnone wp-image-202 size-full\" src=\"https:\/\/ctce.com.vn\/wp-content\/uploads\/2021\/08\/15.png\" alt=\"\" width=\"1920\" height=\"1094\" \/><\/a>[\/vc_column_text][vc_column_text text_larger=&#8221;no&#8221;]<span style=\"font-size: 14pt;\">S\u01a1 \u0110\u1ed3 c\u00e1c h\u1ec7 th\u1ed1ng Thi\u1ebft b\u1ecb x\u1eed l\u00fd Ammonia th\u1ea3i.<\/span>[\/vc_column_text][\/vc_column_inner][\/vc_row_inner][vc_row_inner][vc_column_inner][vc_column_text text_larger=&#8221;no&#8221;]<img loading=\"lazy\" class=\"alignnone wp-image-210 size-full\" src=\"https:\/\/ctce.com.vn\/wp-content\/uploads\/2021\/08\/15.2.png\" alt=\"\" width=\"1920\" height=\"1100\" \/>[\/vc_column_text][vc_column_text text_larger=&#8221;no&#8221;]<span style=\"font-size: 14pt;\">C\u00f4ng ngh\u1ec7 \u0111\u1ed1t ph\u00e2n h\u1ee7y b\u1eb1ng ch\u1ea5t x\u00fac t\u00e1c.<\/span>[\/vc_column_text][\/vc_column_inner][\/vc_row_inner][vc_row_inner][vc_column_inner][vc_column_text text_larger=&#8221;no&#8221;]<img loading=\"lazy\" class=\"alignnone wp-image-211 size-full\" src=\"https:\/\/ctce.com.vn\/wp-content\/uploads\/2021\/08\/16.1.png\" alt=\"\" width=\"1920\" height=\"1256\" \/>[\/vc_column_text][vc_column_text text_larger=&#8221;no&#8221;]<span style=\"font-size: 14pt;\">C\u00f4ng ngh\u1ec7 x\u1eed l\u00fd b\u1eb1ng c\u00e1ch thu h\u1ed3i dung d\u1ecbch ammonia n\u1ed3ng \u0111\u1ed9 cao.<\/span>[\/vc_column_text][\/vc_column_inner][\/vc_row_inner][vc_row_inner][vc_column_inner][vc_column_text text_larger=&#8221;no&#8221;]<img loading=\"lazy\" class=\"alignnone wp-image-212 size-full\" src=\"https:\/\/ctce.com.vn\/wp-content\/uploads\/2021\/08\/16.2.png\" alt=\"\" width=\"1920\" height=\"1256\" \/>[\/vc_column_text][vc_column_text text_larger=&#8221;no&#8221;]<span style=\"font-size: 14pt;\">C\u00f4ng ngh\u1ec7 x\u1eed l\u00fd b\u1eb1ng c\u00e1ch thu h\u1ed3i dung d\u1ecbch Mu\u1ed1i ammonia<\/span>[\/vc_column_text][\/vc_column_inner][\/vc_row_inner][\/vc_column][\/vc_row]<\/p>\n<p>[vc_row][vc_column width=&#8221;1\/4&#8243; mobile_bg_img_hidden=&#8221;no&#8221; tablet_bg_img_hidden=&#8221;no&#8221; woodmart_parallax=&#8221;0&#8243; woodmart_sticky_column=&#8221;false&#8221; parallax_scroll=&#8221;no&#8221; mobile_reset_margin=&#8221;no&#8221; tablet_reset_margin=&#8221;no&#8221;][vc_column_text text_larger=&#8221;no&#8221; el_class=&#8221;sidebar-inner woodmart-sidebar-scroll&#8221;]<\/p>\n<div class=\"menu-chuyen-muc widget-area woodmart-sidebar-content\">\n<div class=\"menu-chuyen-muc widget-area woodmart-sidebar-content\">\n<h3><span style=\"font-size: 13pt;\">Product<br \/>\n<\/span><\/h3>\n<ul>\n<li><a href=\"https:\/\/ctce.com.vn\/san-pham-chinh\/\"><span style=\"font-size: 14pt;\">Introduce<\/span><\/a><\/li>\n<li><span style=\"font-size: 13pt;\"><a href=\"https:\/\/ctce.com.vn\/nha-may-san-xuat-keo\/\">Adhesive production plant <\/a><\/span><\/li>\n<li><span style=\"font-size: 13pt;\"><a href=\"https:\/\/ctce.com.vn\/nha-may-san-xuat-son\/\">Painting manufacturing plant <\/a><\/span><\/li>\n<li><span style=\"font-size: 13pt;\"><a href=\"https:\/\/ctce.com.vn\/he-thong-cham-hoa-chat\/\">Chemical Addition System for Paper Factory<\/a><\/span><\/li>\n<li><span style=\"font-size: 13pt;\"><a href=\"https:\/\/ctce.com.vn\/chung-cat-va-thu-hoi-dung-moi\/\"> Solvent Recovery system and Distillation System <\/a><\/span><\/li>\n<li><span style=\"font-size: 13pt;\"><a href=\"https:\/\/ctce.com.vn\/he-thong-xu-ly-amonia\/\">Ammonia treatment System <\/a><\/span><\/li>\n<li><span style=\"font-size: 13pt;\"><a href=\"https:\/\/ctce.com.vn\/boc-hoi-va-co-dac\/\">Evaporation &amp; Concentration System <\/a><\/span><\/li>\n<li><span style=\"font-size: 13pt;\"><a href=\"https:\/\/ctce.com.vn\/he-thong-xu-ly-nuoc-va-nuoc-thai\/\">Water and Wastewater Treatment System <\/a><\/span><\/li>\n<li><span style=\"font-size: 13pt;\"><a href=\"https:\/\/ctce.com.vn\/bao-tri-bao-duong\/\">Maintenance <\/a><\/span><\/li>\n<li><a href=\"https:\/\/ctce.com.vn\/cac-thiet-bi-tieu-bieu\/\"><span style=\"font-size: 13pt;\">Main Equipment of Chemical Plant <\/span><\/a><\/li>\n<li><a href=\"https:\/\/ctce.com.vn\/nang-luong-mat-troi\/\"><span style=\"font-size: 13pt;\">Solar Energy system <\/span><\/a><\/li>\n<\/ul>\n<\/div>\n<p>&nbsp;<\/p>\n<\/div>\n<p>[\/vc_column_text][vc_row_inner][vc_column_inner][vc_column_text text_larger=&#8221;no&#8221;][vc_row el_class=\"box-widget-1\" mobile_bg_img_hidden=\"no\" tablet_bg_img_hidden=\"no\" woodmart_parallax=\"0\" woodmart_gradient_switch=\"no\" row_reverse_mobile=\"0\" row_reverse_tablet=\"0\" woodmart_disable_overflow=\"0\"][vc_column mobile_bg_img_hidden=\"no\" tablet_bg_img_hidden=\"no\" woodmart_parallax=\"0\" woodmart_sticky_column=\"false\" el_class=\"box-category-home\" parallax_scroll=\"no\" mobile_reset_margin=\"no\" tablet_reset_margin=\"no\"][vc_column_text text_larger=\"no\" el_class=\"box-danh-muc-home\"]<a href=\"http:\/\/www.comi.vn\/\"><img class=\"alignnone wp-image-163 size-full aligncenter\" src=\"https:\/\/ctce.com.vn\/wp-content\/uploads\/2021\/04\/cee.jpg\" alt=\"\" width=\"235\" height=\"60\" \/><\/a>\r\n\r\nC\u01a1 kh\u00ed C\u00f4ng Minh[\/vc_column_text][vc_column_text text_larger=\"no\" el_class=\"box-danh-muc-home\"]<a href=\"https:\/\/phungluat.com.vn\/\"><img class=\"alignnone wp-image-166 size-full aligncenter\" src=\"https:\/\/ctce.com.vn\/wp-content\/uploads\/2021\/04\/pl.jpg\" alt=\"\" width=\"235\" height=\"60\" \/><\/a>\r\n\r\nPh\u1ee5ng Lu\u1eadt[\/vc_column_text][vc_column_text text_larger=\"no\" el_class=\"box-danh-muc-home\"]<a href=\"https:\/\/keevvn.com\/\"><img class=\"alignnone wp-image-165 size-full\" src=\"https:\/\/ctce.com.vn\/wp-content\/uploads\/2021\/04\/keev.jpg\" alt=\"\" width=\"235\" height=\"60\" \/><\/a>\r\n\r\nKEEV[\/vc_column_text][vc_column_text text_larger=\"no\" el_class=\"box-danh-muc-home\"]<img class=\"alignnone wp-image-164 size-full aligncenter\" src=\"https:\/\/ctce.com.vn\/wp-content\/uploads\/2021\/04\/fb.jpg\" alt=\"\" width=\"235\" height=\"60\" \/>\r\n\r\nFacebook[\/vc_column_text][vc_column_text text_larger=\"no\" el_class=\"box-danh-muc-home\"]<img class=\"alignnone wp-image-167 size-full aligncenter\" src=\"https:\/\/ctce.com.vn\/wp-content\/uploads\/2021\/04\/youtube.jpg\" alt=\"\" width=\"235\" height=\"60\" \/>\r\n\r\nYoutube[\/vc_column_text][\/vc_column][\/vc_row]<style data-type=\"vc_shortcodes-custom-css\"><\/style>[\/vc_column_text][\/vc_column_inner][\/vc_row_inner][\/vc_column][vc_column width=&#8221;3\/4&#8243; mobile_bg_img_hidden=&#8221;no&#8221; tablet_bg_img_hidden=&#8221;no&#8221; woodmart_parallax=&#8221;0&#8243; woodmart_sticky_column=&#8221;false&#8221; parallax_scroll=&#8221;no&#8221; mobile_reset_margin=&#8221;no&#8221; tablet_reset_margin=&#8221;no&#8221; el_class=&#8221;tieu-de-trang-sp&#8221;][vc_column_text text_larger=&#8221;no&#8221;]<\/p>\n<h3 style=\"text-align: center;\"><span style=\"color: #ff0000;\"><b>AMMONIA TREATMENT SYSTEM<\/b><\/span><\/h3>\n<p>[\/vc_column_text][vc_column_text text_larger=&#8221;no&#8221;]<\/p>\n<p style=\"text-align: justify;\"><span style=\"font-size: 14pt;\">Our company can apply several processes such as catalyst combustion, stripping, absorption, or wastewater treatment which had been widely used in industry.<\/span><\/p>\n<p style=\"text-align: justify;\"><span style=\"font-size: 14pt;\">Our system design characteristics.<\/span><\/p>\n<p style=\"text-align: justify;\"><span style=\"font-size: 14pt;\">1.Can be designed according to many different purposes and needs.<\/span><\/p>\n<p style=\"text-align: justify;\"><span style=\"font-size: 14pt;\">2.Can be applied with a wide concentration range of wastewater and emission.<\/span><\/p>\n<p style=\"text-align: justify;\"><span style=\"font-size: 14pt;\">3.Can be operated automatically according to changes of parameter, changes in a wide range of treated flowrate&#8230;<\/span><\/p>\n<p>[\/vc_column_text][vc_row_inner][vc_column_inner][vc_column_text text_larger=&#8221;no&#8221;]<img loading=\"lazy\" class=\"alignnone wp-image-329 size-full\" src=\"https:\/\/ctce.com.vn\/wp-content\/uploads\/2021\/09\/eng-HE\u0323\u0302-THO\u0302\u0301NG-XU\u031b\u0309-LY\u0301-AMMONIA-1.png\" alt=\"\" width=\"1920\" height=\"1094\" \/>[\/vc_column_text][vc_column_text text_larger=&#8221;no&#8221;]<span style=\"font-size: 14pt;\">Diagrams of Ammonia treatment systems.<\/span>[\/vc_column_text][\/vc_column_inner][\/vc_row_inner][vc_row_inner][vc_column_inner][vc_column_text text_larger=&#8221;no&#8221;]<img loading=\"lazy\" class=\"alignnone wp-image-330 size-full\" src=\"https:\/\/ctce.com.vn\/wp-content\/uploads\/2021\/09\/eng-HE\u0323\u0302-THO\u0302\u0301NG-XU\u031b\u0309-LY\u0301-AMMONIA-2.png\" alt=\"\" width=\"1920\" height=\"1101\" \/>[\/vc_column_text][vc_column_text text_larger=&#8221;no&#8221;]<span style=\"font-size: 14pt;\">Catalytic combustion method<br \/>\n<\/span>[\/vc_column_text][\/vc_column_inner][\/vc_row_inner][vc_row_inner][vc_column_inner][vc_column_text text_larger=&#8221;no&#8221;]<img loading=\"lazy\" class=\"alignnone wp-image-331 size-full\" src=\"https:\/\/ctce.com.vn\/wp-content\/uploads\/2021\/09\/eng-HE\u0323\u0302-THO\u0302\u0301NG-XU\u031b\u0309-LY\u0301-AMMONIA-3.png\" alt=\"\" width=\"1920\" height=\"1257\" \/>[\/vc_column_text][vc_column_text text_larger=&#8221;no&#8221;]<span style=\"font-size: 14pt;\">Aqueous ammonia recovery method<br \/>\n<\/span>[\/vc_column_text][\/vc_column_inner][\/vc_row_inner][vc_row_inner][vc_column_inner][vc_column_text text_larger=&#8221;no&#8221;]<img loading=\"lazy\" class=\"alignnone wp-image-332 size-full\" src=\"https:\/\/ctce.com.vn\/wp-content\/uploads\/2021\/09\/eng-HE\u0323\u0302-THO\u0302\u0301NG-XU\u031b\u0309-LY\u0301-AMMONIA-4.png\" alt=\"\" width=\"1920\" height=\"1257\" \/>[\/vc_column_text][vc_column_text text_larger=&#8221;no&#8221;]<span style=\"font-size: 14pt;\">Ammonia salt solution recovery method<br \/>\n<\/span>[\/vc_column_text][\/vc_column_inner][\/vc_row_inner][\/vc_column][\/vc_row][vc_row el_class=\"box-widget-1\" mobile_bg_img_hidden=\"no\" tablet_bg_img_hidden=\"no\" woodmart_parallax=\"0\" woodmart_gradient_switch=\"no\" row_reverse_mobile=\"0\" row_reverse_tablet=\"0\" woodmart_disable_overflow=\"0\"][vc_column mobile_bg_img_hidden=\"no\" tablet_bg_img_hidden=\"no\" woodmart_parallax=\"0\" woodmart_sticky_column=\"false\" el_class=\"box-category-home\" parallax_scroll=\"no\" mobile_reset_margin=\"no\" tablet_reset_margin=\"no\"][vc_column_text text_larger=\"no\" el_class=\"box-danh-muc-home\"]<a href=\"http:\/\/www.comi.vn\/\"><img class=\"alignnone wp-image-163 size-full aligncenter\" src=\"https:\/\/ctce.com.vn\/wp-content\/uploads\/2021\/04\/cee.jpg\" alt=\"\" width=\"235\" height=\"60\" \/><\/a>\r\n\r\nC\u01a1 kh\u00ed C\u00f4ng Minh[\/vc_column_text][vc_column_text text_larger=\"no\" el_class=\"box-danh-muc-home\"]<a href=\"https:\/\/phungluat.com.vn\/\"><img class=\"alignnone wp-image-166 size-full aligncenter\" src=\"https:\/\/ctce.com.vn\/wp-content\/uploads\/2021\/04\/pl.jpg\" alt=\"\" width=\"235\" height=\"60\" \/><\/a>\r\n\r\nPh\u1ee5ng Lu\u1eadt[\/vc_column_text][vc_column_text text_larger=\"no\" el_class=\"box-danh-muc-home\"]<a href=\"https:\/\/keevvn.com\/\"><img class=\"alignnone wp-image-165 size-full\" src=\"https:\/\/ctce.com.vn\/wp-content\/uploads\/2021\/04\/keev.jpg\" alt=\"\" width=\"235\" height=\"60\" \/><\/a>\r\n\r\nKEEV[\/vc_column_text][vc_column_text text_larger=\"no\" el_class=\"box-danh-muc-home\"]<img class=\"alignnone wp-image-164 size-full aligncenter\" src=\"https:\/\/ctce.com.vn\/wp-content\/uploads\/2021\/04\/fb.jpg\" alt=\"\" width=\"235\" height=\"60\" \/>\r\n\r\nFacebook[\/vc_column_text][vc_column_text text_larger=\"no\" el_class=\"box-danh-muc-home\"]<img class=\"alignnone wp-image-167 size-full aligncenter\" src=\"https:\/\/ctce.com.vn\/wp-content\/uploads\/2021\/04\/youtube.jpg\" alt=\"\" width=\"235\" height=\"60\" \/>\r\n\r\nYoutube[\/vc_column_text][\/vc_column][\/vc_row]<style data-type=\"vc_shortcodes-custom-css\"><\/style>[\/vc_column_text][\/vc_column_inner][\/vc_row_inner][\/vc_column][vc_column width=&#8221;3\/4&#8243; mobile_bg_img_hidden=&#8221;no&#8221; tablet_bg_img_hidden=&#8221;no&#8221; woodmart_parallax=&#8221;0&#8243; woodmart_sticky_column=&#8221;false&#8221; parallax_scroll=&#8221;no&#8221; mobile_reset_margin=&#8221;no&#8221; tablet_reset_margin=&#8221;no&#8221; el_class=&#8221;tieu-de-trang-sp&#8221;][vc_column_text text_larger=&#8221;no&#8221;]<\/p>\n<h3 style=\"text-align: center;\"><span style=\"color: #ff0000;\"><b>\u30a2\u30f3\u30e2\u30cb\u30a2\u51e6\u7406\u30b7\u30b9\u30c6\u30e0<\/b><\/span><\/h3>\n<p>[\/vc_column_text][vc_column_text text_larger=&#8221;no&#8221;]<\/p>\n<p style=\"text-align: justify;\"><span style=\"font-size: 14pt;\">\u5f0a\u793e\u306f\u3001\u89e6\u5a92\u71c3\u713c\u6cd5\u3084\u30b9\u30c8\u30ea\u30c3\u30d4\u30f3\u30b0\u6cd5\u3084\u5438\u53ce\u5438\u7740\u6cd5\u3084\u6392\u6c34\u51e6\u7406\u6cd5\u306a\u3069\u306e\u5e45\u5e83\u304f\u5fdc\u7528\u3055\u308c\u305f\u6280\u8853\u3092\u4f7f\u3063\u3066\u3001\u5ec3\u30a2\u30f3\u30e2\u30cb\u30a2\u306e\u51e6\u7406\u53c8\u306f\u56de\u53ce\u3092\u884c\u3044\u307e\u3059\u3002<br \/>\n<\/span><\/p>\n<p style=\"text-align: justify;\"><span style=\"font-size: 14pt;\">\u30b7\u30b9\u30c6\u30e0\u306e\u7279\u5fb4<br \/>\n<\/span><\/p>\n<p style=\"text-align: justify;\"><span style=\"font-size: 14pt;\">1.\u76ee\u7684\u306b\u5fdc\u3058\u305f\u67d4\u8edf\u306a\u8a2d\u8a08\u3092\u5bfe\u5fdc\u3057\u3066\u3044\u307e\u3059\u3002<\/span><\/p>\n<p style=\"text-align: justify;\"><span style=\"font-size: 14pt;\">2.\u5e83\u3044\u6fc3\u5ea6\u7bc4\u56f2\u306e\u5ec3\u30a2\u30f3\u30e2\u30cb\u30a2\u30ac\u30b9\u3084\u5ec3\u6c34\u51e6\u7406\u306b\u9069\u7528\u3067\u304d\u307e\u3059\u3002<\/span><\/p>\n<p style=\"text-align: justify;\"><span style=\"font-size: 14pt;\">3.\u5e83\u7bc4\u306a\u51e6\u7406\u80fd\u529b\u3001\u8ca0\u8377\u5909\u52d5\u306b\u3082\u5bfe\u5fdc\u3067\u304d\u307e\u3059\u3002<\/span><\/p>\n<p>[\/vc_column_text][vc_row_inner][vc_column_inner][vc_column_text text_larger=&#8221;no&#8221;]<img loading=\"lazy\" class=\"alignnone wp-image-344 size-full\" src=\"https:\/\/ctce.com.vn\/wp-content\/uploads\/2021\/09\/jap-HE\u0323\u0302-THO\u0302\u0301NG-XU\u031b\u0309-LY\u0301-AMMONIA-1.png\" alt=\"\" width=\"1920\" height=\"1094\" \/>[\/vc_column_text][vc_column_text text_larger=&#8221;no&#8221;]<span style=\"font-size: 14pt;\">\u5ec3\u30a2\u30f3\u30e2\u30cb\u30a2\u51e6\u7406\u8a2d\u5099<\/span>[\/vc_column_text][\/vc_column_inner][\/vc_row_inner][vc_row_inner][vc_column_inner][vc_column_text text_larger=&#8221;no&#8221;]<img loading=\"lazy\" class=\"alignnone wp-image-345 size-full\" src=\"https:\/\/ctce.com.vn\/wp-content\/uploads\/2021\/09\/jap-HE\u0323\u0302-THO\u0302\u0301NG-XU\u031b\u0309-LY\u0301-AMMONIA-2.png\" alt=\"\" width=\"1920\" height=\"1100\" \/>[\/vc_column_text][vc_column_text text_larger=&#8221;no&#8221;]<span style=\"font-size: 14pt;\">\u89e6\u5a92\u71c3\u713c\u6cd5\u306b\u3088\u308b\u51e6\u7406\u8a2d\u5099\uff08\u6982\u8981\u30d5\u30ed\u30fc\u30b7\u30fc\u30c8\uff09<br \/>\n<\/span>[\/vc_column_text][\/vc_column_inner][\/vc_row_inner][vc_row_inner][vc_column_inner][vc_column_text text_larger=&#8221;no&#8221;]<img loading=\"lazy\" class=\"alignnone wp-image-346 size-full\" src=\"https:\/\/ctce.com.vn\/wp-content\/uploads\/2021\/09\/jap-HE\u0323\u0302-THO\u0302\u0301NG-XU\u031b\u0309-LY\u0301-AMMONIA-3.png\" alt=\"\" width=\"1920\" height=\"1256\" \/>[\/vc_column_text][vc_column_text text_larger=&#8221;no&#8221;]<span style=\"font-size: 14pt;\">\u9ad8\u6fc3\u5ea6\u30a2\u30f3\u30e2\u30cb\u30a2\u6c34\u56de\u53ce\u6cd5\u306b\u3088\u308b\u51e6\u7406\u8a2d\u5099\uff08\u6982\u8981\u30d5\u30ed\u30fc\u30b7\u30fc\u30c8\uff09<\/span>[\/vc_column_text][\/vc_column_inner][\/vc_row_inner][vc_row_inner][vc_column_inner][vc_column_text text_larger=&#8221;no&#8221;]<img loading=\"lazy\" class=\"alignnone wp-image-347 size-full\" src=\"https:\/\/ctce.com.vn\/wp-content\/uploads\/2021\/09\/jap-HE\u0323\u0302-THO\u0302\u0301NG-XU\u031b\u0309-LY\u0301-AMMONIA-4.png\" alt=\"\" width=\"1920\" height=\"1256\" \/>[\/vc_column_text][vc_column_text text_larger=&#8221;no&#8221;]<span style=\"font-size: 14pt;\">\u30a2\u30f3\u30e2\u30cb\u30a2\u5869\u6c34\u56de\u53ce\u6cd5\u306b\u3088\u308b\u51e6\u7406\u8a2d\u5099\uff08\u6982\u8981\u30d5\u30ed\u30fc\u30b7\u30fc\u30c8\uff09<\/span>[\/vc_column_text][\/vc_column_inner][\/vc_row_inner][\/vc_column][\/vc_row]<\/p>","protected":false},"excerpt":{"rendered":"<p>[vc_row][vc_column width=&#8221;1\/4&#8243; mobile_bg_img_hidden=&#8221;no&#8221; tablet_bg_img_hidden=&#8221;no&#8221; woodmart_parallax=&#8221;0&#8243; woodmart_sticky_column=&#8221;false&#8221; parallax_scroll=&#8221;no&#8221; mobile_reset_margin=&#8221;no&#8221; tablet_reset_margin=&#8221;no&#8221;][vc_column_text text_larger=&#8221;no&#8221; el_class=&#8221;sidebar-inner woodmart-sidebar-scroll&#8221;] Product Introduce Adhesive production plant Painting manufacturing plant<\/p>\n","protected":false},"author":3,"featured_media":139,"parent":0,"menu_order":0,"comment_status":"closed","ping_status":"closed","template":"","meta":[],"_links":{"self":[{"href":"https:\/\/ctce.com.vn\/en\/wp-json\/wp\/v2\/pages\/135"}],"collection":[{"href":"https:\/\/ctce.com.vn\/en\/wp-json\/wp\/v2\/pages"}],"about":[{"href":"https:\/\/ctce.com.vn\/en\/wp-json\/wp\/v2\/types\/page"}],"author":[{"embeddable":true,"href":"https:\/\/ctce.com.vn\/en\/wp-json\/wp\/v2\/users\/3"}],"replies":[{"embeddable":true,"href":"https:\/\/ctce.com.vn\/en\/wp-json\/wp\/v2\/comments?post=135"}],"version-history":[{"count":0,"href":"https:\/\/ctce.com.vn\/en\/wp-json\/wp\/v2\/pages\/135\/revisions"}],"wp:featuredmedia":[{"embeddable":true,"href":"https:\/\/ctce.com.vn\/en\/wp-json\/wp\/v2\/media\/139"}],"wp:attachment":[{"href":"https:\/\/ctce.com.vn\/en\/wp-json\/wp\/v2\/media?parent=135"}],"curies":[{"name":"wp","href":"https:\/\/api.w.org\/{rel}","templated":true}]}}