{"id":127,"date":"2021-04-20T14:15:10","date_gmt":"2021-04-20T07:15:10","guid":{"rendered":"http:\/\/rubicdemoweb5.tk\/?page_id=127"},"modified":"2021-10-05T22:48:42","modified_gmt":"2021-10-05T15:48:42","slug":"nha-may-san-xuat-son","status":"publish","type":"page","link":"https:\/\/ctce.com.vn\/en\/nha-may-san-xuat-son\/","title":{"rendered":"Painting manufacturing plant"},"content":{"rendered":"<p>[vc_row el_class=\"box-widget-1\" mobile_bg_img_hidden=\"no\" tablet_bg_img_hidden=\"no\" woodmart_parallax=\"0\" woodmart_gradient_switch=\"no\" row_reverse_mobile=\"0\" row_reverse_tablet=\"0\" woodmart_disable_overflow=\"0\"][vc_column mobile_bg_img_hidden=\"no\" tablet_bg_img_hidden=\"no\" woodmart_parallax=\"0\" woodmart_sticky_column=\"false\" el_class=\"box-category-home\" parallax_scroll=\"no\" mobile_reset_margin=\"no\" tablet_reset_margin=\"no\"][vc_column_text text_larger=\"no\" el_class=\"box-danh-muc-home\"]<a href=\"http:\/\/www.comi.vn\/\"><img class=\"alignnone wp-image-163 size-full aligncenter\" src=\"https:\/\/ctce.com.vn\/wp-content\/uploads\/2021\/04\/cee.jpg\" alt=\"\" width=\"235\" height=\"60\" \/><\/a>\r\n\r\nC\u01a1 kh\u00ed C\u00f4ng Minh[\/vc_column_text][vc_column_text text_larger=\"no\" el_class=\"box-danh-muc-home\"]<a href=\"https:\/\/phungluat.com.vn\/\"><img class=\"alignnone wp-image-166 size-full aligncenter\" src=\"https:\/\/ctce.com.vn\/wp-content\/uploads\/2021\/04\/pl.jpg\" alt=\"\" width=\"235\" height=\"60\" \/><\/a>\r\n\r\nPh\u1ee5ng Lu\u1eadt[\/vc_column_text][vc_column_text text_larger=\"no\" el_class=\"box-danh-muc-home\"]<a href=\"https:\/\/keevvn.com\/\"><img class=\"alignnone wp-image-165 size-full\" src=\"https:\/\/ctce.com.vn\/wp-content\/uploads\/2021\/04\/keev.jpg\" alt=\"\" width=\"235\" height=\"60\" \/><\/a>\r\n\r\nKEEV[\/vc_column_text][vc_column_text text_larger=\"no\" el_class=\"box-danh-muc-home\"]<img class=\"alignnone wp-image-164 size-full aligncenter\" src=\"https:\/\/ctce.com.vn\/wp-content\/uploads\/2021\/04\/fb.jpg\" alt=\"\" width=\"235\" height=\"60\" \/>\r\n\r\nFacebook[\/vc_column_text][vc_column_text text_larger=\"no\" el_class=\"box-danh-muc-home\"]<img class=\"alignnone wp-image-167 size-full aligncenter\" src=\"https:\/\/ctce.com.vn\/wp-content\/uploads\/2021\/04\/youtube.jpg\" alt=\"\" width=\"235\" height=\"60\" \/>\r\n\r\nYoutube[\/vc_column_text][\/vc_column][\/vc_row]<style data-type=\"vc_shortcodes-custom-css\"><\/style>[\/vc_column_text][\/vc_column_inner][\/vc_row_inner][\/vc_column][vc_column width=&#8221;3\/4&#8243; mobile_bg_img_hidden=&#8221;no&#8221; tablet_bg_img_hidden=&#8221;no&#8221; woodmart_parallax=&#8221;0&#8243; woodmart_sticky_column=&#8221;false&#8221; parallax_scroll=&#8221;no&#8221; mobile_reset_margin=&#8221;no&#8221; tablet_reset_margin=&#8221;no&#8221; el_class=&#8221;tieu-de-trang-sp&#8221;][vc_column_text text_larger=&#8221;no&#8221;]<\/p>\n<h3 style=\"text-align: center;\"><span style=\"color: #ff0000;\">NH\u00c0 M\u00c1Y S\u1ea2N XU\u1ea4T S\u01a0N<\/span><\/h3>\n<p>[\/vc_column_text][vc_column_text text_larger=&#8221;no&#8221;]<\/p>\n<p style=\"text-align: justify;\"><span style=\"font-size: 14pt;\">Ch\u00fang t\u00f4i c\u00f3 th\u1ec3 th\u1ef1c hi\u1ec7n EPC cho c\u00e1c lo\u1ea1i nh\u00e0 m\u00e1y n\u00e0y, bao g\u1ed3m l\u00ean k\u1ebf ho\u1ea1ch cho c\u00e1c h\u1ec7 th\u1ed1ng ph\u1ee5 tr\u1ee3, tri\u1ec3n khai t\u1eeb c\u00f4ng t\u00e1c thi\u1ebft k\u1ebf t\u1edbi c\u00f4ng vi\u1ec7c ch\u1ea1y th\u1eed v\u00e0 b\u00e0n giao cho qu\u00fd kh\u00e1ch h\u00e0ng.<\/span><\/p>\n<p>[\/vc_column_text][vc_row_inner][vc_column_inner][vc_column_text text_larger=&#8221;no&#8221;]<\/p>\n<p style=\"text-align: center;\"><img loading=\"lazy\" class=\"alignnone wp-image-277 size-full\" src=\"https:\/\/ctce.com.vn\/wp-content\/uploads\/2021\/09\/11.2.png\" alt=\"\" width=\"1920\" height=\"1098\" \/><\/p>\n<p>[\/vc_column_text][\/vc_column_inner][\/vc_row_inner][vc_column_text text_larger=&#8221;no&#8221;]<\/p>\n<p style=\"text-align: justify;\"><span style=\"font-size: 14pt;\">1.B\u1ed3n Ph\u1ea3n \u1ee9ng, B\u1ed3n tr\u1ed9n l\u00e0 b\u1ed3n k\u00edn v\u1edbi v\u1ecf \u00e1o ho\u1eb7c haft piping v\u00e0 cu\u1ed9n \u1ed1ng b\u00ean trong, \u0111i\u1ec1u ki\u1ec7n l\u00e0m vi\u1ec7c v\u1edbi \u00e1p su\u1ea5t ho\u1ea1t \u0111\u1ed9ng c\u00f3 th\u1ec3 t\u1eeb ch\u00e2n kh\u00f4ng tuy\u1ec7t \u0111\u1ed1i l\u00ean \u0111\u1ebfn \u00e1p su\u1ea5t cao, v\u00e0 nhi\u1ec7t \u0111\u1ed9 cao.<\/span><\/p>\n<p style=\"text-align: justify;\"><span style=\"font-size: 14pt;\">2.Nh\u00e0 m\u00e1y c\u00f3 th\u1ec3 thi\u1ebft k\u1ebf v\u1edbi v\u1eadn h\u00e0nh th\u1ee7 c\u00f4ng, b\u00e1n t\u1ef1 \u0111\u1ed9ng ho\u1eb7c ho\u00e0n to\u00e0n t\u1ef1 \u0111\u1ed9ng theo y\u00eau c\u1ea7u c\u1ee7a kh\u00e1ch h\u00e0ng.<\/span><\/p>\n<p style=\"text-align: justify;\"><span style=\"font-size: 14pt;\">3.C\u00e1nh khu\u1ea5y c\u00f3 thi\u1ebft k\u1ebf d\u1ea1ng c\u00e1nh qu\u1ea1t, m\u1ecf neo, m\u00e1i ch\u00e8o, anchor ho\u1eb7c nhi\u1ec1u d\u1ea1ng k\u1ebft h\u1ee3p v\u1edbi nhau.<\/span><\/p>\n<p>[\/vc_column_text][\/vc_column][\/vc_row][vc_row][vc_column width=&#8221;1\/4&#8243; mobile_bg_img_hidden=&#8221;no&#8221; tablet_bg_img_hidden=&#8221;no&#8221; woodmart_parallax=&#8221;0&#8243; woodmart_sticky_column=&#8221;false&#8221; parallax_scroll=&#8221;no&#8221; mobile_reset_margin=&#8221;no&#8221; tablet_reset_margin=&#8221;no&#8221;][vc_column_text text_larger=&#8221;no&#8221; el_class=&#8221;sidebar-inner woodmart-sidebar-scroll&#8221;]<\/p>\n<div class=\"menu-chuyen-muc widget-area woodmart-sidebar-content\">\n<div class=\"menu-chuyen-muc widget-area woodmart-sidebar-content\">\n<h3><span style=\"font-size: 13pt;\">Product<br \/>\n<\/span><\/h3>\n<ul>\n<li><a href=\"https:\/\/ctce.com.vn\/san-pham-chinh\/\"><span style=\"font-size: 14pt;\">Introduce<\/span><\/a><\/li>\n<li><span style=\"font-size: 13pt;\"><a href=\"https:\/\/ctce.com.vn\/nha-may-san-xuat-keo\/\">Adhesive production plant <\/a><\/span><\/li>\n<li><span style=\"font-size: 13pt;\"><a href=\"https:\/\/ctce.com.vn\/nha-may-san-xuat-son\/\">Painting manufacturing plant <\/a><\/span><\/li>\n<li><span style=\"font-size: 13pt;\"><a href=\"https:\/\/ctce.com.vn\/he-thong-cham-hoa-chat\/\">Chemical Addition System for Paper Factory<\/a><\/span><\/li>\n<li><span style=\"font-size: 13pt;\"><a href=\"https:\/\/ctce.com.vn\/chung-cat-va-thu-hoi-dung-moi\/\"> Solvent Recovery system and Distillation System <\/a><\/span><\/li>\n<li><span style=\"font-size: 13pt;\"><a href=\"https:\/\/ctce.com.vn\/he-thong-xu-ly-amonia\/\">Ammonia treatment System <\/a><\/span><\/li>\n<li><span style=\"font-size: 13pt;\"><a href=\"https:\/\/ctce.com.vn\/boc-hoi-va-co-dac\/\">Evaporation &amp; Concentration System <\/a><\/span><\/li>\n<li><span style=\"font-size: 13pt;\"><a href=\"https:\/\/ctce.com.vn\/he-thong-xu-ly-nuoc-va-nuoc-thai\/\">Water and Wastewater Treatment System <\/a><\/span><\/li>\n<li><span style=\"font-size: 13pt;\"><a href=\"https:\/\/ctce.com.vn\/bao-tri-bao-duong\/\">Maintenance <\/a><\/span><\/li>\n<li><a href=\"https:\/\/ctce.com.vn\/cac-thiet-bi-tieu-bieu\/\"><span style=\"font-size: 13pt;\">Main Equipment of Chemical Plant <\/span><\/a><\/li>\n<li><a href=\"https:\/\/ctce.com.vn\/nang-luong-mat-troi\/\"><span style=\"font-size: 13pt;\">Solar Energy system <\/span><\/a><\/li>\n<\/ul>\n<\/div>\n<p>&nbsp;<\/p>\n<\/div>\n<p>[\/vc_column_text][vc_row_inner][vc_column_inner][vc_column_text text_larger=&#8221;no&#8221;][vc_row el_class=\"box-widget-1\" mobile_bg_img_hidden=\"no\" tablet_bg_img_hidden=\"no\" woodmart_parallax=\"0\" woodmart_gradient_switch=\"no\" row_reverse_mobile=\"0\" row_reverse_tablet=\"0\" woodmart_disable_overflow=\"0\"][vc_column mobile_bg_img_hidden=\"no\" tablet_bg_img_hidden=\"no\" woodmart_parallax=\"0\" woodmart_sticky_column=\"false\" el_class=\"box-category-home\" parallax_scroll=\"no\" mobile_reset_margin=\"no\" tablet_reset_margin=\"no\"][vc_column_text text_larger=\"no\" el_class=\"box-danh-muc-home\"]<a href=\"http:\/\/www.comi.vn\/\"><img class=\"alignnone wp-image-163 size-full aligncenter\" src=\"https:\/\/ctce.com.vn\/wp-content\/uploads\/2021\/04\/cee.jpg\" alt=\"\" width=\"235\" height=\"60\" \/><\/a>\r\n\r\nC\u01a1 kh\u00ed C\u00f4ng Minh[\/vc_column_text][vc_column_text text_larger=\"no\" el_class=\"box-danh-muc-home\"]<a href=\"https:\/\/phungluat.com.vn\/\"><img class=\"alignnone wp-image-166 size-full aligncenter\" src=\"https:\/\/ctce.com.vn\/wp-content\/uploads\/2021\/04\/pl.jpg\" alt=\"\" width=\"235\" height=\"60\" \/><\/a>\r\n\r\nPh\u1ee5ng Lu\u1eadt[\/vc_column_text][vc_column_text text_larger=\"no\" el_class=\"box-danh-muc-home\"]<a href=\"https:\/\/keevvn.com\/\"><img class=\"alignnone wp-image-165 size-full\" src=\"https:\/\/ctce.com.vn\/wp-content\/uploads\/2021\/04\/keev.jpg\" alt=\"\" width=\"235\" height=\"60\" \/><\/a>\r\n\r\nKEEV[\/vc_column_text][vc_column_text text_larger=\"no\" el_class=\"box-danh-muc-home\"]<img class=\"alignnone wp-image-164 size-full aligncenter\" src=\"https:\/\/ctce.com.vn\/wp-content\/uploads\/2021\/04\/fb.jpg\" alt=\"\" width=\"235\" height=\"60\" \/>\r\n\r\nFacebook[\/vc_column_text][vc_column_text text_larger=\"no\" el_class=\"box-danh-muc-home\"]<img class=\"alignnone wp-image-167 size-full aligncenter\" src=\"https:\/\/ctce.com.vn\/wp-content\/uploads\/2021\/04\/youtube.jpg\" alt=\"\" width=\"235\" height=\"60\" \/>\r\n\r\nYoutube[\/vc_column_text][\/vc_column][\/vc_row]<style data-type=\"vc_shortcodes-custom-css\"><\/style>[\/vc_column_text][\/vc_column_inner][\/vc_row_inner][\/vc_column][vc_column width=&#8221;3\/4&#8243; mobile_bg_img_hidden=&#8221;no&#8221; tablet_bg_img_hidden=&#8221;no&#8221; woodmart_parallax=&#8221;0&#8243; woodmart_sticky_column=&#8221;false&#8221; parallax_scroll=&#8221;no&#8221; mobile_reset_margin=&#8221;no&#8221; tablet_reset_margin=&#8221;no&#8221; el_class=&#8221;tieu-de-trang-sp&#8221;][vc_column_text text_larger=&#8221;no&#8221;]<\/p>\n<h3 style=\"text-align: center;\"><span style=\"color: #ff0000;\">PAINTING MANUFACTURING PLANT<\/span><\/h3>\n<p>[\/vc_column_text][vc_column_text text_larger=&#8221;no&#8221;]<\/p>\n<p style=\"text-align: justify;\"><span style=\"font-size: 14pt;\">We can conduct EPC work for this plants, including utility planning, from business planning, research and from engineering to commissioning and delivery <\/span><\/p>\n<p>[\/vc_column_text][vc_row_inner][vc_column_inner][vc_column_text text_larger=&#8221;no&#8221;]<\/p>\n<p style=\"text-align: center;\"><img loading=\"lazy\" class=\"alignnone wp-image-336 size-full\" src=\"https:\/\/ctce.com.vn\/wp-content\/uploads\/2021\/09\/eng-nha\u0300-ma\u0301y-sa\u0309n-xua\u0302\u0301t-so\u031bn.png\" alt=\"\" width=\"1920\" height=\"1098\" \/><\/p>\n<p>[\/vc_column_text][\/vc_column_inner][\/vc_row_inner][vc_column_text text_larger=&#8221;no&#8221;]<\/p>\n<p style=\"text-align: justify;\"><span style=\"font-size: 14pt;\">1.The reactor and Mixer are vessels with the jacket, halfpipe, and coil. The design of operating pressure from full vacuum to pressurization and high temperature<br \/>\n<\/span><\/p>\n<p style=\"text-align: justify;\"><span style=\"font-size: 14pt;\">2.Plants operations can be designs for manual, semi-automatic, or fully automatic according to customer request.<br \/>\n<\/span><\/p>\n<p style=\"text-align: justify;\"><span style=\"font-size: 14pt;\">3.The agitator blade is a propeller, anchor, paddle type, or designed in various types of blade<br \/>\n<\/span><\/p>\n<p>[\/vc_column_text][\/vc_column][\/vc_row][vc_row el_class=\"box-widget-1\" mobile_bg_img_hidden=\"no\" tablet_bg_img_hidden=\"no\" woodmart_parallax=\"0\" woodmart_gradient_switch=\"no\" row_reverse_mobile=\"0\" row_reverse_tablet=\"0\" woodmart_disable_overflow=\"0\"][vc_column mobile_bg_img_hidden=\"no\" tablet_bg_img_hidden=\"no\" woodmart_parallax=\"0\" woodmart_sticky_column=\"false\" el_class=\"box-category-home\" parallax_scroll=\"no\" mobile_reset_margin=\"no\" tablet_reset_margin=\"no\"][vc_column_text text_larger=\"no\" el_class=\"box-danh-muc-home\"]<a href=\"http:\/\/www.comi.vn\/\"><img class=\"alignnone wp-image-163 size-full aligncenter\" src=\"https:\/\/ctce.com.vn\/wp-content\/uploads\/2021\/04\/cee.jpg\" alt=\"\" width=\"235\" height=\"60\" \/><\/a>\r\n\r\nC\u01a1 kh\u00ed C\u00f4ng Minh[\/vc_column_text][vc_column_text text_larger=\"no\" el_class=\"box-danh-muc-home\"]<a href=\"https:\/\/phungluat.com.vn\/\"><img class=\"alignnone wp-image-166 size-full aligncenter\" src=\"https:\/\/ctce.com.vn\/wp-content\/uploads\/2021\/04\/pl.jpg\" alt=\"\" width=\"235\" height=\"60\" \/><\/a>\r\n\r\nPh\u1ee5ng Lu\u1eadt[\/vc_column_text][vc_column_text text_larger=\"no\" el_class=\"box-danh-muc-home\"]<a href=\"https:\/\/keevvn.com\/\"><img class=\"alignnone wp-image-165 size-full\" src=\"https:\/\/ctce.com.vn\/wp-content\/uploads\/2021\/04\/keev.jpg\" alt=\"\" width=\"235\" height=\"60\" \/><\/a>\r\n\r\nKEEV[\/vc_column_text][vc_column_text text_larger=\"no\" el_class=\"box-danh-muc-home\"]<img class=\"alignnone wp-image-164 size-full aligncenter\" src=\"https:\/\/ctce.com.vn\/wp-content\/uploads\/2021\/04\/fb.jpg\" alt=\"\" width=\"235\" height=\"60\" \/>\r\n\r\nFacebook[\/vc_column_text][vc_column_text text_larger=\"no\" el_class=\"box-danh-muc-home\"]<img class=\"alignnone wp-image-167 size-full aligncenter\" src=\"https:\/\/ctce.com.vn\/wp-content\/uploads\/2021\/04\/youtube.jpg\" alt=\"\" width=\"235\" height=\"60\" \/>\r\n\r\nYoutube[\/vc_column_text][\/vc_column][\/vc_row]<style data-type=\"vc_shortcodes-custom-css\"><\/style>[\/vc_column_text][\/vc_column_inner][\/vc_row_inner][\/vc_column][vc_column width=&#8221;3\/4&#8243; mobile_bg_img_hidden=&#8221;no&#8221; tablet_bg_img_hidden=&#8221;no&#8221; woodmart_parallax=&#8221;0&#8243; woodmart_sticky_column=&#8221;false&#8221; parallax_scroll=&#8221;no&#8221; mobile_reset_margin=&#8221;no&#8221; tablet_reset_margin=&#8221;no&#8221; el_class=&#8221;tieu-de-trang-sp&#8221;][vc_column_text text_larger=&#8221;no&#8221;]<\/p>\n<h3 style=\"text-align: center;\"><span style=\"color: #ff0000;\">\u5857\u6599\u88fd\u9020\u30d7\u30e9\u30f3\u30c8<\/span><\/h3>\n<p>[\/vc_column_text][vc_column_text text_larger=&#8221;no&#8221;]<\/p>\n<p style=\"text-align: justify;\"><span style=\"font-size: 14pt;\">Ch\u00fang t\u00f4i c\u00f3 th\u1ec3 th\u1ef1c hi\u1ec7n EPC cho c\u00e1c lo\u1ea1i nh\u00e0 m\u00e1y n\u00e0y, bao g\u1ed3m l\u00ean k\u1ebf ho\u1ea1ch cho c\u00e1c h\u1ec7 th\u1ed1ng ph\u1ee5 tr\u1ee3, tri\u1ec3n khai t\u1eeb c\u00f4ng t\u00e1c thi\u1ebft k\u1ebf t\u1edbi c\u00f4ng vi\u1ec7c ch\u1ea1y th\u1eed v\u00e0 b\u00e0n giao cho qu\u00fd kh\u00e1ch h\u00e0ng.<\/span><\/p>\n<p>[\/vc_column_text][vc_row_inner][vc_column_inner][vc_column_text text_larger=&#8221;no&#8221;]<\/p>\n<p style=\"text-align: center;\"><img loading=\"lazy\" class=\"alignnone wp-image-340 size-full\" src=\"https:\/\/ctce.com.vn\/wp-content\/uploads\/2021\/09\/jap-nha\u0300-ma\u0301y-sa\u0309n-xua\u0302\u0301t-so\u031bn.png\" alt=\"\" width=\"1920\" height=\"1098\" \/><\/p>\n<p>[\/vc_column_text][\/vc_column_inner][\/vc_row_inner][vc_column_text text_larger=&#8221;no&#8221;]<\/p>\n<p style=\"text-align: justify;\"><span style=\"font-size: 14pt;\">1.B\u1ed3n Ph\u1ea3n \u1ee9ng, B\u1ed3n tr\u1ed9n l\u00e0 b\u1ed3n k\u00edn v\u1edbi v\u1ecf \u00e1o ho\u1eb7c haft piping v\u00e0 cu\u1ed9n \u1ed1ng b\u00ean trong, \u0111i\u1ec1u ki\u1ec7n l\u00e0m vi\u1ec7c v\u1edbi \u00e1p su\u1ea5t ho\u1ea1t \u0111\u1ed9ng c\u00f3 th\u1ec3 t\u1eeb ch\u00e2n kh\u00f4ng tuy\u1ec7t \u0111\u1ed1i l\u00ean \u0111\u1ebfn \u00e1p su\u1ea5t cao, v\u00e0 nhi\u1ec7t \u0111\u1ed9 cao.<\/span><\/p>\n<p style=\"text-align: justify;\"><span style=\"font-size: 14pt;\">2.Nh\u00e0 m\u00e1y c\u00f3 th\u1ec3 thi\u1ebft k\u1ebf v\u1edbi v\u1eadn h\u00e0nh th\u1ee7 c\u00f4ng, b\u00e1n t\u1ef1 \u0111\u1ed9ng ho\u1eb7c ho\u00e0n to\u00e0n t\u1ef1 \u0111\u1ed9ng theo y\u00eau c\u1ea7u c\u1ee7a kh\u00e1ch h\u00e0ng.<\/span><\/p>\n<p style=\"text-align: justify;\"><span style=\"font-size: 14pt;\">3.C\u00e1nh khu\u1ea5y c\u00f3 thi\u1ebft k\u1ebf d\u1ea1ng c\u00e1nh qu\u1ea1t, m\u1ecf neo, m\u00e1i ch\u00e8o, anchor ho\u1eb7c nhi\u1ec1u d\u1ea1ng k\u1ebft h\u1ee3p v\u1edbi nhau.<\/span><\/p>\n<p>[\/vc_column_text][\/vc_column][\/vc_row]<\/p>","protected":false},"excerpt":{"rendered":"<p>[vc_row][vc_column width=&#8221;1\/4&#8243; mobile_bg_img_hidden=&#8221;no&#8221; tablet_bg_img_hidden=&#8221;no&#8221; woodmart_parallax=&#8221;0&#8243; woodmart_sticky_column=&#8221;false&#8221; parallax_scroll=&#8221;no&#8221; mobile_reset_margin=&#8221;no&#8221; tablet_reset_margin=&#8221;no&#8221;][vc_column_text text_larger=&#8221;no&#8221; el_class=&#8221;sidebar-inner woodmart-sidebar-scroll&#8221;] Product Introduce Adhesive production plant Painting manufacturing plant<\/p>\n","protected":false},"author":3,"featured_media":0,"parent":0,"menu_order":0,"comment_status":"closed","ping_status":"closed","template":"","meta":[],"_links":{"self":[{"href":"https:\/\/ctce.com.vn\/en\/wp-json\/wp\/v2\/pages\/127"}],"collection":[{"href":"https:\/\/ctce.com.vn\/en\/wp-json\/wp\/v2\/pages"}],"about":[{"href":"https:\/\/ctce.com.vn\/en\/wp-json\/wp\/v2\/types\/page"}],"author":[{"embeddable":true,"href":"https:\/\/ctce.com.vn\/en\/wp-json\/wp\/v2\/users\/3"}],"replies":[{"embeddable":true,"href":"https:\/\/ctce.com.vn\/en\/wp-json\/wp\/v2\/comments?post=127"}],"version-history":[{"count":0,"href":"https:\/\/ctce.com.vn\/en\/wp-json\/wp\/v2\/pages\/127\/revisions"}],"wp:attachment":[{"href":"https:\/\/ctce.com.vn\/en\/wp-json\/wp\/v2\/media?parent=127"}],"curies":[{"name":"wp","href":"https:\/\/api.w.org\/{rel}","templated":true}]}}